{"id":1041,"date":"2022-02-01T13:12:20","date_gmt":"2022-02-01T04:12:20","guid":{"rendered":"urn:uuid:aa93f34d-7365-44b6-9c0a-d821bcc2df06"},"modified":"2024-02-13T09:54:44","modified_gmt":"2024-02-13T08:54:44","slug":"applications","status":"publish","type":"page","link":"https:\/\/kawasakirobotics.com\/pl\/applications\/","title":{"rendered":"Aplikacje"},"content":{"rendered":"\n<p>Dzi\u0119ki 50-letniemu do\u015bwiadczeniu w robotyce, Kawasaki zgromadzi\u0142o szerok\u0105 gam\u0119 technologii zastosowa\u0144 w ka\u017cdej dziedzinie i bran\u017cy. Wspieramy potrzeby klient\u00f3w w zakresie automatyzacji ich linii produkcyjnych i poprawy produktywno\u015bci. Przedstawione tutaj przyk\u0142ady zastosowa\u0144 stanowi\u0105 jedynie kr\u00f3tkie spojrzenie na nasze ogromne do\u015bwiadczenie.<\/p>\n\n\n\n<div aria-hidden=\"true\" class=\"wp-block-fsb-flexible-spacer fsb-flexible-spacer\"><div class=\"fsb-flexible-spacer__device fsb-flexible-spacer__device--lg\" style=\"height:60px\"><\/div><div class=\"fsb-flexible-spacer__device fsb-flexible-spacer__device--md\" style=\"height:40px\"><\/div><div class=\"fsb-flexible-spacer__device fsb-flexible-spacer__device--sm\" style=\"height:18px\"><\/div><\/div>\n\n\n\n<div class=\"wp-block-group krobot-pattern-section-heading is-layout-flow wp-block-group-is-layout-flow\">\n<h2 class=\"wp-block-heading has-text-align-center krobot-pattern-section-heading__title\">Lista aplikacji<\/h2>\n<\/div>\n\n\n\n<div class=\"wp-block-group alignwide is-layout-flow wp-block-group-is-layout-flow\"><div class=\"wp-block-columns krobot-pattern-3cols krobot-pattern-plaincards alignwide is-mobile-column\">\n\t\t\t<div class=\"wp-block-column krobot-pattern-3cols__item\">\n\t\t\t\t\t\t\t<figure class=\"wp-block-image krobot-pattern-plaincards__figure\">\n\t\t\t\t\t<img decoding=\"async\" loading=\"eager\" src=\"https:\/\/kawasakirobotics.com\/tachyon\/sites\/34\/2022\/02\/e88d6ba149513b98909dd42083d75a26.png\" alt=\"monta\u017c\">\n\t\t\t\t<\/figure>\n\t\t\t\t\t\t<h3 class=\"krobot-pattern-plaincards__title has-text-align-center\">monta\u017c<\/h3>\n\t\t\t\t\t\t<p class=\"krobot-pattern-plaincards__description\">\n\t\t\t\tProces \u0142\u0105czenia wielu cz\u0119\u015bci w celu wytworzenia komponent\u00f3w lub produkt\u00f3w, monta\u017c odbywa si\u0119 w r\u00f3\u017cnych sektorach produkcyjnych, w tym maszynowym, elektronicznym i elektrycznym.<br \/>\r\nMonta\u017c obejmuje r\u00f3\u017cne zadania, w tym monta\u017c ma\u0142ych precyzyjnych cz\u0119\u015bci oraz du\u017cych i ci\u0119\u017ckich detali.\t\t\t<\/p>\n\t\t\t\t\t\t<div class=\"wp-block-buttons is-content-justification-center is-layout-flex krobot-pattern-plaincards__more\">\n\t\t\t\t<div class=\"wp-block-button is-style-outline\">\n\t\t\t\t\t<a class=\"wp-block-button__link\" href=\"https:\/\/kawasakirobotics.com\/pl\/applications\/assembly\/\">\n\t\t\t\t\t\tWI\u0118CEJ\t\t\t\t\t<\/a>\n\t\t\t\t<\/div>\n\t\t\t<\/div>\n\t\t<\/div>\n\t\t\t\t<div class=\"wp-block-column krobot-pattern-3cols__item\">\n\t\t\t\t\t\t\t<figure class=\"wp-block-image krobot-pattern-plaincards__figure\">\n\t\t\t\t\t<img decoding=\"async\" loading=\"eager\" src=\"https:\/\/kawasakirobotics.com\/tachyon\/sites\/34\/2022\/02\/9d5ed5cb12ef9edc96cb970c546a5b75.jpg\" alt=\"Transport materia\u0142\u00f3w\">\n\t\t\t\t<\/figure>\n\t\t\t\t\t\t<h3 class=\"krobot-pattern-plaincards__title has-text-align-center\">Transport materia\u0142\u00f3w<\/h3>\n\t\t\t\t\t\t<p class=\"krobot-pattern-plaincards__description\">\n\t\t\t\tProces przenoszenia materia\u0142\u00f3w, cz\u0119\u015bci i produkt\u00f3w z jednego miejsca do drugiego, obs\u0142uga materia\u0142\u00f3w odbywa si\u0119 w prawie wszystkich bran\u017cach, nie tylko w bran\u017cy produkcyjnej.<br \/>\r\nDo przenoszenia materia\u0142\u00f3w roboty przemys\u0142owe s\u0105 najcz\u0119\u015bciej wykorzystywane do r\u00f3\u017cnych cel\u00f3w, w tym do szybkiego transportu ma\u0142ych cz\u0119\u015bci i przenoszenia ci\u0119\u017ckich przedmiot\u00f3w, kt\u00f3rych cz\u0142owiek nie mo\u017ce przenosi\u0107.\t\t\t<\/p>\n\t\t\t\t\t\t<div class=\"wp-block-buttons is-content-justification-center is-layout-flex krobot-pattern-plaincards__more\">\n\t\t\t\t<div class=\"wp-block-button is-style-outline\">\n\t\t\t\t\t<a class=\"wp-block-button__link\" href=\"https:\/\/kawasakirobotics.com\/pl\/applications\/material-handling\/\">\n\t\t\t\t\t\tWI\u0118CEJ\t\t\t\t\t<\/a>\n\t\t\t\t<\/div>\n\t\t\t<\/div>\n\t\t<\/div>\n\t\t\t\t<div class=\"wp-block-column krobot-pattern-3cols__item\">\n\t\t\t\t\t\t\t<figure class=\"wp-block-image krobot-pattern-plaincards__figure\">\n\t\t\t\t\t<img decoding=\"async\" loading=\"eager\" src=\"https:\/\/kawasakirobotics.com\/tachyon\/sites\/34\/2022\/02\/f4094f10a9f1902a3839c08b0ea79a8a.jpg\" alt=\"Obs\u0142uga maszyn\">\n\t\t\t\t<\/figure>\n\t\t\t\t\t\t<h3 class=\"krobot-pattern-plaincards__title has-text-align-center\">Obs\u0142uga maszyn<\/h3>\n\t\t\t\t\t\t<p class=\"krobot-pattern-plaincards__description\">\n\t\t\t\tKrytyczny proces w przemy\u015ble maszynowym, obs\u0142uga maszyn obejmuje \u0142adowanie cz\u0119\u015bci do obrabiarek NC i roz\u0142adowywanie ich po zako\u0144czeniu obr\u00f3bki. Za\u0142adunek i roz\u0142adunek materia\u0142\u00f3w przetwarzanych do iz maszyn ku\u017aniczych i pras jest r\u00f3wnie\u017c klasyfikowany jako obs\u0142uga maszyn.\t\t\t<\/p>\n\t\t\t\t\t\t<div class=\"wp-block-buttons is-content-justification-center is-layout-flex krobot-pattern-plaincards__more\">\n\t\t\t\t<div class=\"wp-block-button is-style-outline\">\n\t\t\t\t\t<a class=\"wp-block-button__link\" href=\"https:\/\/kawasakirobotics.com\/pl\/applications\/machine-tending\/\">\n\t\t\t\t\t\tWI\u0118CEJ\t\t\t\t\t<\/a>\n\t\t\t\t<\/div>\n\t\t\t<\/div>\n\t\t<\/div>\n\t\t\t\t<div class=\"wp-block-column krobot-pattern-3cols__item\">\n\t\t\t\t\t\t\t<figure class=\"wp-block-image krobot-pattern-plaincards__figure\">\n\t\t\t\t\t<img decoding=\"async\" loading=\"eager\" src=\"https:\/\/kawasakirobotics.com\/tachyon\/sites\/34\/2022\/02\/af73a8437e755d431f0dc3c8bb55c71d.jpg\" alt=\"Paletyzacja\">\n\t\t\t\t<\/figure>\n\t\t\t\t\t\t<h3 class=\"krobot-pattern-plaincards__title has-text-align-center\">Paletyzacja<\/h3>\n\t\t\t\t\t\t<p class=\"krobot-pattern-plaincards__description\">\n\t\t\t\tProces uk\u0142adania pude\u0142, work\u00f3w, butelek i innych produkt\u00f3w na paletach, paletyzacja jest powszechnie wykonywana przy wysy\u0142ce w przemy\u015ble wytw\u00f3rczym, jak r\u00f3wnie\u017c w bran\u017cy logistycznej. Z drugiej strony depaletyzacja to proces odwrotny, w kt\u00f3rym produkty s\u0105 roz\u0142adowywane z palet w kolejno\u015bci.\t\t\t<\/p>\n\t\t\t\t\t\t<div class=\"wp-block-buttons is-content-justification-center is-layout-flex krobot-pattern-plaincards__more\">\n\t\t\t\t<div class=\"wp-block-button is-style-outline\">\n\t\t\t\t\t<a class=\"wp-block-button__link\" href=\"https:\/\/kawasakirobotics.com\/pl\/applications\/palletizing\/\">\n\t\t\t\t\t\tWI\u0118CEJ\t\t\t\t\t<\/a>\n\t\t\t\t<\/div>\n\t\t\t<\/div>\n\t\t<\/div>\n\t\t\t\t<div class=\"wp-block-column krobot-pattern-3cols__item\">\n\t\t\t\t\t\t\t<figure class=\"wp-block-image krobot-pattern-plaincards__figure\">\n\t\t\t\t\t<img decoding=\"async\" loading=\"eager\" src=\"https:\/\/kawasakirobotics.com\/tachyon\/sites\/34\/2022\/02\/b1425b5bbbdc1402f32212a53373e054.png\" alt=\"Pick &amp; Place\">\n\t\t\t\t<\/figure>\n\t\t\t\t\t\t<h3 class=\"krobot-pattern-plaincards__title has-text-align-center\">Pick &amp; Place<\/h3>\n\t\t\t\t\t\t<p class=\"krobot-pattern-plaincards__description\">\n\t\t\t\tPicking, znany r\u00f3wnie\u017c jako \u201epick and place\u201d, to proces chwytania przedmiot\u00f3w z ta\u015bmy przeno\u015bnika i sortowania ich z du\u017c\u0105 pr\u0119dko\u015bci\u0105.<br \/>\r\nW tym celu wykorzystywane s\u0105 roboty o unikalnym kszta\u0142cie, zwane r\u00f3wnoleg\u0142ym typem (lub typem delta).\t\t\t<\/p>\n\t\t\t\t\t\t<div class=\"wp-block-buttons is-content-justification-center is-layout-flex krobot-pattern-plaincards__more\">\n\t\t\t\t<div class=\"wp-block-button is-style-outline\">\n\t\t\t\t\t<a class=\"wp-block-button__link\" href=\"https:\/\/kawasakirobotics.com\/pl\/applications\/pick-and-place\/\">\n\t\t\t\t\t\tWI\u0118CEJ\t\t\t\t\t<\/a>\n\t\t\t\t<\/div>\n\t\t\t<\/div>\n\t\t<\/div>\n\t\t\t\t<div class=\"wp-block-column krobot-pattern-3cols__item\">\n\t\t\t\t\t\t\t<figure class=\"wp-block-image krobot-pattern-plaincards__figure\">\n\t\t\t\t\t<img decoding=\"async\" loading=\"eager\" src=\"https:\/\/kawasakirobotics.com\/tachyon\/sites\/5\/2022\/02\/applications_painting.jpg.png?w=900\" alt=\"Obraz\" data-recalc-dims=\"1\">\n\t\t\t\t<\/figure>\n\t\t\t\t\t\t<h3 class=\"krobot-pattern-plaincards__title has-text-align-center\">Obraz<\/h3>\n\t\t\t\t\t\t<p class=\"krobot-pattern-plaincards__description\">\n\t\t\t\tMalowanie to proces nak\u0142adania farby na powierzchnie produktu, tworz\u0105cy pow\u0142ok\u0119 lub wyko\u0144czenie.<br \/>\r\nPoniewa\u017c wi\u0119kszo\u015b\u0107 materia\u0142\u00f3w lakierniczych jest bardzo lotna, do tego procesu wykorzystywane s\u0105 roboty i sprz\u0119t do malowania w wykonaniu przeciwwybuchowym.\t\t\t<\/p>\n\t\t\t\t\t\t<div class=\"wp-block-buttons is-content-justification-center is-layout-flex krobot-pattern-plaincards__more\">\n\t\t\t\t<div class=\"wp-block-button is-style-outline\">\n\t\t\t\t\t<a class=\"wp-block-button__link\" href=\"https:\/\/kawasakirobotics.com\/pl\/applications\/painting\/\">\n\t\t\t\t\t\tWI\u0118CEJ\t\t\t\t\t<\/a>\n\t\t\t\t<\/div>\n\t\t\t<\/div>\n\t\t<\/div>\n\t\t\t\t<div class=\"wp-block-column krobot-pattern-3cols__item\">\n\t\t\t\t\t\t\t<figure class=\"wp-block-image krobot-pattern-plaincards__figure\">\n\t\t\t\t\t<img decoding=\"async\" loading=\"eager\" src=\"https:\/\/kawasakirobotics.com\/tachyon\/sites\/34\/2022\/02\/ca7b9316cb29b04b59093f5103206a17.jpg\" alt=\"Uszczelnianie \/ dozowanie\">\n\t\t\t\t<\/figure>\n\t\t\t\t\t\t<h3 class=\"krobot-pattern-plaincards__title has-text-align-center\">Uszczelnianie \/ dozowanie<\/h3>\n\t\t\t\t\t\t<p class=\"krobot-pattern-plaincards__description\">\n\t\t\t\tUszczelnianie to proces nak\u0142adania uszczelniacza lub kleju w celu zwi\u0119kszenia szczelno\u015bci i wype\u0142nienia przestrzeni mi\u0119dzy materia\u0142ami.<br \/>\r\nUszczelnianie wykonuje si\u0119 dla wielu produkt\u00f3w, takich jak samochody osobowe i sprz\u0119t AGD.\t\t\t<\/p>\n\t\t\t\t\t\t<div class=\"wp-block-buttons is-content-justification-center is-layout-flex krobot-pattern-plaincards__more\">\n\t\t\t\t<div class=\"wp-block-button is-style-outline\">\n\t\t\t\t\t<a class=\"wp-block-button__link\" href=\"https:\/\/kawasakirobotics.com\/pl\/applications\/sealing-and-dispensing\/\">\n\t\t\t\t\t\tWI\u0118CEJ\t\t\t\t\t<\/a>\n\t\t\t\t<\/div>\n\t\t\t<\/div>\n\t\t<\/div>\n\t\t\t\t<div class=\"wp-block-column krobot-pattern-3cols__item\">\n\t\t\t\t\t\t\t<figure class=\"wp-block-image krobot-pattern-plaincards__figure\">\n\t\t\t\t\t<img decoding=\"async\" loading=\"eager\" src=\"https:\/\/kawasakirobotics.com\/tachyon\/sites\/34\/2022\/02\/199dfa02e61b0755e16fb555c4a977a2.jpg\" alt=\"Usuwanie materia\u0142u\">\n\t\t\t\t<\/figure>\n\t\t\t\t\t\t<h3 class=\"krobot-pattern-plaincards__title has-text-align-center\">Usuwanie materia\u0142u<\/h3>\n\t\t\t\t\t\t<p class=\"krobot-pattern-plaincards__description\">\n\t\t\t\tSzlifowanie i gratowanie to proces usuwania zadzior\u00f3w wystaj\u0105cych z powierzchni wyrob\u00f3w odlewniczych i kutych oraz powierzchni po spawaniu.<br \/>\r\nProces ten, polegaj\u0105cy na usuwaniu zadzior\u00f3w za pomoc\u0105 szlifierki, mo\u017ce by\u0107 brudny, niebezpieczny i wymagaj\u0105cy, poniewa\u017c roboty mog\u0105 odgrywa\u0107 wa\u017cn\u0105 rol\u0119.\t\t\t<\/p>\n\t\t\t\t\t\t<div class=\"wp-block-buttons is-content-justification-center is-layout-flex krobot-pattern-plaincards__more\">\n\t\t\t\t<div class=\"wp-block-button is-style-outline\">\n\t\t\t\t\t<a class=\"wp-block-button__link\" href=\"https:\/\/kawasakirobotics.com\/pl\/applications\/material-removal\/\">\n\t\t\t\t\t\tWI\u0118CEJ\t\t\t\t\t<\/a>\n\t\t\t\t<\/div>\n\t\t\t<\/div>\n\t\t<\/div>\n\t\t\t\t<div class=\"wp-block-column krobot-pattern-3cols__item\">\n\t\t\t\t\t\t\t<figure class=\"wp-block-image krobot-pattern-plaincards__figure\">\n\t\t\t\t\t<img decoding=\"async\" loading=\"eager\" src=\"https:\/\/kawasakirobotics.com\/tachyon\/sites\/34\/2022\/02\/31ae885180fdb40279c6ee6d7b116ce5.jpg\" alt=\"Spawanie \u0142ukowe\">\n\t\t\t\t<\/figure>\n\t\t\t\t\t\t<h3 class=\"krobot-pattern-plaincards__title has-text-align-center\">Spawanie \u0142ukowe<\/h3>\n\t\t\t\t\t\t<p class=\"krobot-pattern-plaincards__description\">\n\t\t\t\tMetoda spawania wykorzystuj\u0105ca wy\u0142adowanie \u0142ukowe do \u0142\u0105czenia materia\u0142\u00f3w metalowych, spawanie \u0142ukowe jest szeroko stosowana w przemy\u015ble maszynowym, metalowym i motoryzacyjnym. Roboty i spawarki \u0142ukowe s\u0142u\u017c\u0105 do \u0142\u0105czenia materia\u0142\u00f3w podczas ich topienia.\t\t\t<\/p>\n\t\t\t\t\t\t<div class=\"wp-block-buttons is-content-justification-center is-layout-flex krobot-pattern-plaincards__more\">\n\t\t\t\t<div class=\"wp-block-button is-style-outline\">\n\t\t\t\t\t<a class=\"wp-block-button__link\" href=\"https:\/\/kawasakirobotics.com\/pl\/applications\/arc-welding\/\">\n\t\t\t\t\t\tWI\u0118CEJ\t\t\t\t\t<\/a>\n\t\t\t\t<\/div>\n\t\t\t<\/div>\n\t\t<\/div>\n\t\t\t\t<div class=\"wp-block-column krobot-pattern-3cols__item\">\n\t\t\t\t\t\t\t<figure class=\"wp-block-image krobot-pattern-plaincards__figure\">\n\t\t\t\t\t<img decoding=\"async\" loading=\"eager\" src=\"https:\/\/kawasakirobotics.com\/tachyon\/sites\/5\/2022\/02\/applications_friction-spot-joining.jpg.png?w=900\" alt=\"Zgrzewanie punktowe\" data-recalc-dims=\"1\">\n\t\t\t\t<\/figure>\n\t\t\t\t\t\t<h3 class=\"krobot-pattern-plaincards__title has-text-align-center\">Zgrzewanie punktowe<\/h3>\n\t\t\t\t\t\t<p class=\"krobot-pattern-plaincards__description\">\n\t\t\t\tZgrzewanie punktowe, zwane r\u00f3wnie\u017c zgrzewaniem oporowym, to proces zgrzewania dw\u00f3ch materia\u0142\u00f3w podstawowych poprzez przy\u0142o\u017cenie pr\u0105du elektrycznego za pomoc\u0105 pr\u0119ta elektrody i stopienie ich ciep\u0142em oporowym. Zgrzewanie punktowe jest tak powszechnie stosowane do spawania blach stalowych nadwozi samochodowych, \u017ce w przemy\u015ble motoryzacyjnym stosuje si\u0119 du\u017c\u0105 liczb\u0119 robot\u00f3w.\t\t\t<\/p>\n\t\t\t\t\t\t<div class=\"wp-block-buttons is-content-justification-center is-layout-flex krobot-pattern-plaincards__more\">\n\t\t\t\t<div class=\"wp-block-button is-style-outline\">\n\t\t\t\t\t<a class=\"wp-block-button__link\" href=\"https:\/\/kawasakirobotics.com\/pl\/applications\/friction-spot-joining\/\">\n\t\t\t\t\t\tWI\u0118CEJ\t\t\t\t\t<\/a>\n\t\t\t\t<\/div>\n\t\t\t<\/div>\n\t\t<\/div>\n\t\t\t\t<div class=\"wp-block-column krobot-pattern-3cols__item\">\n\t\t\t\t\t\t\t<figure class=\"wp-block-image krobot-pattern-plaincards__figure\">\n\t\t\t\t\t<img decoding=\"async\" loading=\"eager\" src=\"https:\/\/kawasakirobotics.com\/tachyon\/sites\/5\/2022\/02\/applications_silicon-wafer-handling.jpg.png?w=900\" alt=\"Obs\u0142uga wafli krzemowych\" data-recalc-dims=\"1\">\n\t\t\t\t<\/figure>\n\t\t\t\t\t\t<h3 class=\"krobot-pattern-plaincards__title has-text-align-center\">Obs\u0142uga wafli krzemowych<\/h3>\n\t\t\t\t\t\t<p class=\"krobot-pattern-plaincards__description\">\n\t\t\t\tTransfer wafli to obs\u0142uga wafli w procesie front-end sprz\u0119tu do produkcji p\u00f3\u0142przewodnik\u00f3w.<br \/>\r\nProces ten wykorzystuje czyste roboty i wymaga bardzo precyzyjnego, szybkiego i p\u0142ynnego ruchu.\t\t\t<\/p>\n\t\t\t\t\t\t<div class=\"wp-block-buttons is-content-justification-center is-layout-flex krobot-pattern-plaincards__more\">\n\t\t\t\t<div class=\"wp-block-button is-style-outline\">\n\t\t\t\t\t<a class=\"wp-block-button__link\" href=\"https:\/\/kawasakirobotics.com\/pl\/applications\/silicon-wafer-handling\/\">\n\t\t\t\t\t\tWI\u0118CEJ\t\t\t\t\t<\/a>\n\t\t\t\t<\/div>\n\t\t\t<\/div>\n\t\t<\/div>\n\t\t<\/div>\n<\/div>\n","protected":false},"excerpt":{"rendered":"<p>Dzi\u0119ki 50-letniemu do\u015bwiadczeniu w robotyce, Kawasaki zgromadzi\u0142o szerok\u0105 gam\u0119 technologii zastosowa\u0144 w ka\u017cdej dziedzinie i bran\u017cy. Wspieramy potrzeby klient\u00f3w w zakresie automatyzacji ich linii produkcyjnych i poprawy produktywno\u015bci. Przedstawione tutaj przyk\u0142ady zastosowa\u0144 stanowi\u0105 jedynie kr\u00f3tkie spojrzenie na nasze ogromne do\u015bwiadczenie. Lista aplikacji<\/p>\n","protected":false},"author":14,"featured_media":3280,"parent":0,"menu_order":12,"comment_status":"closed","ping_status":"closed","template":"page-templates\/custom-title-with-background.php","meta":{"ep_exclude_from_search":false,"footnotes":""},"class_list":["post-1041","page","type-page","status-publish","has-post-thumbnail","hentry"],"yoast_head":"<!-- This site is optimized with the Yoast SEO plugin v25.9 - https:\/\/yoast.com\/wordpress\/plugins\/seo\/ -->\n<title>Aplikacje | Industrial Robots by Kawasaki Robotics<\/title>\n<meta name=\"description\" content=\"Explore Kawasaki&#039;s versatile robots for diverse global applications, from palletizing to aerospace, improving productivity and safety.\" \/>\n<meta name=\"robots\" content=\"index, follow, max-snippet:-1, max-image-preview:large, max-video-preview:-1\" \/>\n<link rel=\"canonical\" href=\"https:\/\/kawasakirobotics.com\/pl\/applications\/\" \/>\n<meta property=\"og:locale\" content=\"pl_PL\" \/>\n<meta property=\"og:type\" content=\"article\" \/>\n<meta property=\"og:title\" content=\"Aplikacje | Industrial Robots by Kawasaki Robotics\" \/>\n<meta property=\"og:description\" content=\"Explore Kawasaki&#039;s versatile robots for diverse global applications, from palletizing to aerospace, improving productivity and safety.\" \/>\n<meta property=\"og:url\" content=\"https:\/\/kawasakirobotics.com\/pl\/applications\/\" \/>\n<meta property=\"og:site_name\" content=\"Kawasaki Robotics\" \/>\n<meta property=\"article:modified_time\" content=\"2024-02-13T08:54:44+00:00\" \/>\n<meta property=\"og:image\" content=\"https:\/\/kawasakirobotics.com\/content\/themes\/krobot-theme\/src\/images\/default\/ogp.jpg\" \/>\n\t<meta property=\"og:image:width\" content=\"1200\" \/>\n\t<meta property=\"og:image:height\" content=\"630\" \/>\n\t<meta property=\"og:image:type\" content=\"image\/jpeg\" \/>\n<meta name=\"twitter:card\" content=\"summary_large_image\" \/>\n<script type=\"application\/ld+json\" class=\"yoast-schema-graph\">{\"@context\":\"https:\/\/schema.org\",\"@graph\":[{\"@type\":\"WebPage\",\"@id\":\"https:\/\/kawasakirobotics.com\/pl\/applications\/\",\"url\":\"https:\/\/kawasakirobotics.com\/pl\/applications\/\",\"name\":\"Aplikacje | Industrial Robots by Kawasaki Robotics\",\"isPartOf\":{\"@id\":\"https:\/\/kawasakirobotics.com\/pl\/#website\"},\"primaryImageOfPage\":{\"@id\":\"https:\/\/kawasakirobotics.com\/pl\/applications\/#primaryimage\"},\"image\":{\"@id\":\"https:\/\/kawasakirobotics.com\/pl\/applications\/#primaryimage\"},\"thumbnailUrl\":\"https:\/\/kawasakirobotics.com\/tachyon\/sites\/34\/2022\/02\/title-background-B1830324.webp\",\"datePublished\":\"2022-02-01T04:12:20+00:00\",\"dateModified\":\"2024-02-13T08:54:44+00:00\",\"description\":\"Explore Kawasaki's versatile robots for diverse global applications, from palletizing to aerospace, improving productivity and safety.\",\"breadcrumb\":{\"@id\":\"https:\/\/kawasakirobotics.com\/pl\/applications\/#breadcrumb\"},\"inLanguage\":\"pl-PL\",\"potentialAction\":[{\"@type\":\"ReadAction\",\"target\":[\"https:\/\/kawasakirobotics.com\/pl\/applications\/\"]}]},{\"@type\":\"ImageObject\",\"inLanguage\":\"pl-PL\",\"@id\":\"https:\/\/kawasakirobotics.com\/pl\/applications\/#primaryimage\",\"url\":\"https:\/\/kawasakirobotics.com\/tachyon\/sites\/34\/2022\/02\/title-background-B1830324.webp\",\"contentUrl\":\"https:\/\/kawasakirobotics.com\/tachyon\/sites\/34\/2022\/02\/title-background-B1830324.webp\",\"width\":2160,\"height\":360,\"caption\":\"Applications\"},{\"@type\":\"BreadcrumbList\",\"@id\":\"https:\/\/kawasakirobotics.com\/pl\/applications\/#breadcrumb\",\"itemListElement\":[{\"@type\":\"ListItem\",\"position\":1,\"name\":\"Strona g\u0142\u00f3wna\",\"item\":\"https:\/\/kawasakirobotics.com\/pl\/\"},{\"@type\":\"ListItem\",\"position\":2,\"name\":\"Aplikacje\"}]},{\"@type\":\"WebSite\",\"@id\":\"https:\/\/kawasakirobotics.com\/pl\/#website\",\"url\":\"https:\/\/kawasakirobotics.com\/pl\/\",\"name\":\"Kawasaki Robotics\",\"description\":\"\",\"publisher\":{\"@id\":\"https:\/\/kawasakirobotics.com\/pl\/#organization\"},\"potentialAction\":[{\"@type\":\"SearchAction\",\"target\":{\"@type\":\"EntryPoint\",\"urlTemplate\":\"https:\/\/kawasakirobotics.com\/pl\/?s={search_term_string}\"},\"query-input\":{\"@type\":\"PropertyValueSpecification\",\"valueRequired\":true,\"valueName\":\"search_term_string\"}}],\"inLanguage\":\"pl-PL\"},{\"@type\":\"Organization\",\"@id\":\"https:\/\/kawasakirobotics.com\/pl\/#organization\",\"name\":\"\u5ddd\u5d0e\u91cd\u5de5\u696d\u30ed\u30dc\u30c3\u30c8\u30c7\u30a3\u30d3\u30b8\u30e7\u30f3\",\"url\":\"https:\/\/kawasakirobotics.com\/pl\/\",\"logo\":{\"@type\":\"ImageObject\",\"inLanguage\":\"pl-PL\",\"@id\":\"https:\/\/kawasakirobotics.com\/pl\/#\/schema\/logo\/image\/\",\"url\":\"\",\"contentUrl\":\"\",\"caption\":\"\u5ddd\u5d0e\u91cd\u5de5\u696d\u30ed\u30dc\u30c3\u30c8\u30c7\u30a3\u30d3\u30b8\u30e7\u30f3\"},\"image\":{\"@id\":\"https:\/\/kawasakirobotics.com\/pl\/#\/schema\/logo\/image\/\"}}]}<\/script>\n<!-- \/ Yoast SEO plugin. -->","yoast_head_json":{"title":"Aplikacje | Industrial Robots by Kawasaki Robotics","description":"Explore Kawasaki's versatile robots for diverse global applications, from palletizing to aerospace, improving productivity and safety.","robots":{"index":"index","follow":"follow","max-snippet":"max-snippet:-1","max-image-preview":"max-image-preview:large","max-video-preview":"max-video-preview:-1"},"canonical":"https:\/\/kawasakirobotics.com\/pl\/applications\/","og_locale":"pl_PL","og_type":"article","og_title":"Aplikacje | Industrial Robots by Kawasaki Robotics","og_description":"Explore Kawasaki's versatile robots for diverse global applications, from palletizing to aerospace, improving productivity and safety.","og_url":"https:\/\/kawasakirobotics.com\/pl\/applications\/","og_site_name":"Kawasaki Robotics","article_modified_time":"2024-02-13T08:54:44+00:00","og_image":[{"url":"https:\/\/kawasakirobotics.com\/content\/themes\/krobot-theme\/src\/images\/default\/ogp.jpg","width":"1200","height":"630","type":"image\/jpeg"}],"twitter_card":"summary_large_image","schema":{"@context":"https:\/\/schema.org","@graph":[{"@type":"WebPage","@id":"https:\/\/kawasakirobotics.com\/pl\/applications\/","url":"https:\/\/kawasakirobotics.com\/pl\/applications\/","name":"Aplikacje | Industrial Robots by Kawasaki Robotics","isPartOf":{"@id":"https:\/\/kawasakirobotics.com\/pl\/#website"},"primaryImageOfPage":{"@id":"https:\/\/kawasakirobotics.com\/pl\/applications\/#primaryimage"},"image":{"@id":"https:\/\/kawasakirobotics.com\/pl\/applications\/#primaryimage"},"thumbnailUrl":"https:\/\/kawasakirobotics.com\/tachyon\/sites\/34\/2022\/02\/title-background-B1830324.webp","datePublished":"2022-02-01T04:12:20+00:00","dateModified":"2024-02-13T08:54:44+00:00","description":"Explore Kawasaki's versatile robots for diverse global applications, from palletizing to aerospace, improving productivity and safety.","breadcrumb":{"@id":"https:\/\/kawasakirobotics.com\/pl\/applications\/#breadcrumb"},"inLanguage":"pl-PL","potentialAction":[{"@type":"ReadAction","target":["https:\/\/kawasakirobotics.com\/pl\/applications\/"]}]},{"@type":"ImageObject","inLanguage":"pl-PL","@id":"https:\/\/kawasakirobotics.com\/pl\/applications\/#primaryimage","url":"https:\/\/kawasakirobotics.com\/tachyon\/sites\/34\/2022\/02\/title-background-B1830324.webp","contentUrl":"https:\/\/kawasakirobotics.com\/tachyon\/sites\/34\/2022\/02\/title-background-B1830324.webp","width":2160,"height":360,"caption":"Applications"},{"@type":"BreadcrumbList","@id":"https:\/\/kawasakirobotics.com\/pl\/applications\/#breadcrumb","itemListElement":[{"@type":"ListItem","position":1,"name":"Strona g\u0142\u00f3wna","item":"https:\/\/kawasakirobotics.com\/pl\/"},{"@type":"ListItem","position":2,"name":"Aplikacje"}]},{"@type":"WebSite","@id":"https:\/\/kawasakirobotics.com\/pl\/#website","url":"https:\/\/kawasakirobotics.com\/pl\/","name":"Kawasaki Robotics","description":"","publisher":{"@id":"https:\/\/kawasakirobotics.com\/pl\/#organization"},"potentialAction":[{"@type":"SearchAction","target":{"@type":"EntryPoint","urlTemplate":"https:\/\/kawasakirobotics.com\/pl\/?s={search_term_string}"},"query-input":{"@type":"PropertyValueSpecification","valueRequired":true,"valueName":"search_term_string"}}],"inLanguage":"pl-PL"},{"@type":"Organization","@id":"https:\/\/kawasakirobotics.com\/pl\/#organization","name":"\u5ddd\u5d0e\u91cd\u5de5\u696d\u30ed\u30dc\u30c3\u30c8\u30c7\u30a3\u30d3\u30b8\u30e7\u30f3","url":"https:\/\/kawasakirobotics.com\/pl\/","logo":{"@type":"ImageObject","inLanguage":"pl-PL","@id":"https:\/\/kawasakirobotics.com\/pl\/#\/schema\/logo\/image\/","url":"","contentUrl":"","caption":"\u5ddd\u5d0e\u91cd\u5de5\u696d\u30ed\u30dc\u30c3\u30c8\u30c7\u30a3\u30d3\u30b8\u30e7\u30f3"},"image":{"@id":"https:\/\/kawasakirobotics.com\/pl\/#\/schema\/logo\/image\/"}}]}},"_links":{"self":[{"href":"https:\/\/kawasakirobotics.com\/pl\/wp-json\/wp\/v2\/pages\/1041","targetHints":{"allow":["GET"]}}],"collection":[{"href":"https:\/\/kawasakirobotics.com\/pl\/wp-json\/wp\/v2\/pages"}],"about":[{"href":"https:\/\/kawasakirobotics.com\/pl\/wp-json\/wp\/v2\/types\/page"}],"author":[{"embeddable":true,"href":"https:\/\/kawasakirobotics.com\/pl\/wp-json\/wp\/v2\/users\/14"}],"replies":[{"embeddable":true,"href":"https:\/\/kawasakirobotics.com\/pl\/wp-json\/wp\/v2\/comments?post=1041"}],"version-history":[{"count":2,"href":"https:\/\/kawasakirobotics.com\/pl\/wp-json\/wp\/v2\/pages\/1041\/revisions"}],"predecessor-version":[{"id":5600,"href":"https:\/\/kawasakirobotics.com\/pl\/wp-json\/wp\/v2\/pages\/1041\/revisions\/5600"}],"wp:featuredmedia":[{"embeddable":true,"href":"https:\/\/kawasakirobotics.com\/pl\/wp-json\/wp\/v2\/media\/3280"}],"wp:attachment":[{"href":"https:\/\/kawasakirobotics.com\/pl\/wp-json\/wp\/v2\/media?parent=1041"}],"curies":[{"name":"wp","href":"https:\/\/api.w.org\/{rel}","templated":true}]}}