{"id":24,"date":"2022-01-19T17:35:47","date_gmt":"2022-01-19T08:35:47","guid":{"rendered":"urn:uuid:3ce984ae-9a35-42a3-a76c-04107b6b322a"},"modified":"2024-02-14T07:26:10","modified_gmt":"2024-02-14T06:26:10","slug":"featured-video","status":"publish","type":"page","link":"https:\/\/kawasakirobotics.com\/pl\/featured-video\/","title":{"rendered":"Polecane Wideo"},"content":{"rendered":"\n<div class=\"wp-block-columns is-layout-flex wp-container-core-columns-is-layout-28f84493 wp-block-columns-is-layout-flex\">\n<div class=\"wp-block-column is-layout-flow wp-block-column-is-layout-flow\" style=\"flex-basis:33.33%\"><figure class=\"wp-block-image krobot-video-list__figure\">\n\t<a class=\"js-modal-btn\" data-video-id=\"j3S-laEgPfc\">\n\t\t<div class=\"krobot-video-list__thumbnail\">\n\t\t\t<img decoding=\"async\" src=\"https:\/\/img.youtube.com\/vi\/j3S-laEgPfc\/hqdefault.jpg\" alt=\"\" \/>\n\t\t<\/div>\n\t<\/a>\n<\/figure>\n<\/div>\n\n\n\n<div class=\"wp-block-column is-layout-flow wp-block-column-is-layout-flow\" style=\"flex-basis:66.66%\">\n<p><strong>50-letnia historia biznesu robotyki Kawasaki Heavy Industries<\/strong><\/p>\n\n\n\n<p>Min\u0119\u0142o 50 lat od powstania Kawasaki Robotics. Wraz ze swoimi klientami firma rozwija swoje technologie i zbiera kolejne do\u015bwiadczenia. Opieraj\u0105c si\u0119 na zdobytej wiedzy, Kawasaki zwraca si\u0119 ku spo\u0142ecze\u0144stwu i aspiruje do zostania w pe\u0142ni zintegrowanym producentem robot\u00f3w, kt\u00f3ry zaprojektuje now\u0105 przysz\u0142o\u015b\u0107. Wyobra\u017camy sobie \u015bwiat, w kt\u00f3rym ludzie i roboty mog\u0105 wsp\u00f3\u0142istnie\u0107 obok siebie.<\/p>\n<\/div>\n<\/div>\n\n\n\n<hr class=\"wp-block-separator has-css-opacity is-style-wide\" \/>\n\n\n\n<div class=\"wp-block-columns wp-embed-aspect-16-9 wp-has-aspect-ratio is-layout-flex wp-container-core-columns-is-layout-28f84493 wp-block-columns-is-layout-flex\">\n<div class=\"wp-block-column is-layout-flow wp-block-column-is-layout-flow\" style=\"flex-basis:33.33%\"><figure class=\"wp-block-image krobot-video-list__figure\">\n\t<a class=\"js-modal-btn\" data-video-id=\"U-_kVDkyg4Y\">\n\t\t<div class=\"krobot-video-list__thumbnail\">\n\t\t\t<img decoding=\"async\" src=\"https:\/\/img.youtube.com\/vi\/U-_kVDkyg4Y\/hqdefault.jpg\" alt=\"\" \/>\n\t\t<\/div>\n\t<\/a>\n<\/figure>\n<\/div>\n\n\n\n<div class=\"wp-block-column is-layout-flow wp-block-column-is-layout-flow\" style=\"flex-basis:66.66%\">\n<p><strong>Kawasaki One Ton Payload Robot zainstalowany w elektrowni Siemensa<\/strong><\/p>\n\n\n\n<p>Robot Kawasaki MG10HL, zainstalowany w elektrowni Siemens Lausward w Dusseldorfie, ma ud\u017awig do 1000 kg i zasi\u0119g 4 metr\u00f3w. Pot\u0119\u017cny, ogromnych rozmiar\u00f3w robot Kawasaki, zosta\u0142 zainstalowany w celu wykonania niebezpiecznego, rutynowego zadania konserwacyjnego, polegaj\u0105cego na wymianie palnik\u00f3w i przej\u015b\u0107 w ogromnych turbinach gazowych. (Film udost\u0119pniony przez firm\u0119 Siemens).<\/p>\n<\/div>\n<\/div>\n\n\n\n<hr class=\"wp-block-separator has-css-opacity wp-embed-aspect-16-9 wp-has-aspect-ratio is-style-wide\" \/>\n\n\n\n<div class=\"wp-block-columns wp-embed-aspect-16-9 wp-has-aspect-ratio is-layout-flex wp-container-core-columns-is-layout-28f84493 wp-block-columns-is-layout-flex\">\n<div class=\"wp-block-column is-layout-flow wp-block-column-is-layout-flow\" style=\"flex-basis:33.33%\"><figure class=\"wp-block-image krobot-video-list__figure\">\n\t<a class=\"js-modal-btn\" data-video-id=\"WKw8McOFvTw\">\n\t\t<div class=\"krobot-video-list__thumbnail\">\n\t\t\t<img decoding=\"async\" src=\"https:\/\/img.youtube.com\/vi\/WKw8McOFvTw\/hqdefault.jpg\" alt=\"\" \/>\n\t\t<\/div>\n\t<\/a>\n<\/figure>\n<\/div>\n\n\n\n<div class=\"wp-block-column is-layout-flow wp-block-column-is-layout-flow\" style=\"flex-basis:66.66%\">\n<p><strong>Roboty Kawasaki wykonuj\u0105 pokaz laserowy w katedrze w Kolonii, Niemcy<\/strong><\/p>\n\n\n\n<p>Roboty po raz pierwszy wyst\u0119puj\u0105 w ko\u015bciele! Aby zach\u0119ci\u0107 m\u0142odych ludzi do odwiedzenia zabytkowej katedry w Kolonii i refleksji nad jej przes\u0142aniem, podczas najwi\u0119kszego na \u015bwiecie pokazu gier komputerowych GAMESCON, kt\u00f3ry odby\u0142 si\u0119 w Kolonii w Niemczech w sierpniu 2016 r., \u015bwi\u0105tynia zwr\u00f3ci\u0142a si\u0119 o pomoc do Uniwersytetu Ruhr w Bochum. Efektem by\u0142o stworzenie wyj\u0105tkowego wydarzenia &#8211; pokazu \u015bwietlno-muzycznego SilentMOD z udzia\u0142em trzech robot\u00f3w Kawasaki RS005L. Kawasaki Robotics GmbH mia\u0142o zaszczyt wspiera\u0107 tak pi\u0119kne i tw\u00f3rcze przedsi\u0119wzi\u0119cie.<\/p>\n<\/div>\n<\/div>\n\n\n\n<hr class=\"wp-block-separator has-css-opacity wp-embed-aspect-16-9 wp-has-aspect-ratio is-style-wide\" \/>\n\n\n\n<div class=\"wp-block-columns wp-embed-aspect-16-9 wp-has-aspect-ratio is-layout-flex wp-container-core-columns-is-layout-28f84493 wp-block-columns-is-layout-flex\">\n<div class=\"wp-block-column is-layout-flow wp-block-column-is-layout-flow\" style=\"flex-basis:33.33%\"><figure class=\"wp-block-image krobot-video-list__figure\">\n\t<a class=\"js-modal-btn\" data-video-id=\"wXhcEV4lHl8\">\n\t\t<div class=\"krobot-video-list__thumbnail\">\n\t\t\t<img decoding=\"async\" src=\"https:\/\/img.youtube.com\/vi\/wXhcEV4lHl8\/hqdefault.jpg\" alt=\"\" \/>\n\t\t<\/div>\n\t<\/a>\n<\/figure>\n<\/div>\n\n\n\n<div class=\"wp-block-column is-layout-flow wp-block-column-is-layout-flow\" style=\"flex-basis:66.66%\">\n<p><strong>Kawasaki Robotics z NUMERAMI Nr: Z<\/strong><\/p>\n\n\n\n<p>Co si\u0119 stanie, gdy ludzka wyobra\u017ania spotka si\u0119 z technologi\u0105 Kawasaki? Doskonale zaprojektowana choreografia, kt\u00f3ra oddaje istot\u0119 zharmonizowanego ruchu mi\u0119dzy lud\u017ami i robotami, w wykonaniu \u015bwiatowej s\u0142awy duetu taneczno-animacyjnego NUMBERS No:Z i robot\u00f3w Kawasaki.<\/p>\n\n\n\n<p><a href=\"https:\/\/global.kawasaki.com\/en\/stories\/robotics_challengeK\/?youtube&amp;_ga=2.148872375.105631617.1644803412-1173242345.1634688932\" target=\"_blank\" rel=\"noreferrer noopener\">Wi\u0119cej informacji o filmie<\/a><\/p>\n<\/div>\n<\/div>\n\n\n\n<hr class=\"wp-block-separator has-css-opacity wp-embed-aspect-16-9 wp-has-aspect-ratio is-style-wide\" \/>\n\n\n\n<div class=\"wp-block-columns wp-embed-aspect-16-9 wp-has-aspect-ratio is-layout-flex wp-container-core-columns-is-layout-28f84493 wp-block-columns-is-layout-flex\">\n<div class=\"wp-block-column is-layout-flow wp-block-column-is-layout-flow\" style=\"flex-basis:33.33%\"><figure class=\"wp-block-image krobot-video-list__figure\">\n\t<a class=\"js-modal-btn\" data-video-id=\"3s715RRwQsM\">\n\t\t<div class=\"krobot-video-list__thumbnail\">\n\t\t\t<img decoding=\"async\" src=\"https:\/\/img.youtube.com\/vi\/3s715RRwQsM\/hqdefault.jpg\" alt=\"\" \/>\n\t\t<\/div>\n\t<\/a>\n<\/figure>\n<\/div>\n\n\n\n<div class=\"wp-block-column is-layout-flow wp-block-column-is-layout-flow\" style=\"flex-basis:66.66%\">\n<p><strong>Kawasaki: Kawasaki Robotics, Akashi \/ Nishi-Kobe Works<\/strong><\/p>\n\n\n\n<p>Ponad 139 000 robot\u00f3w zainstalowanych na ca\u0142ym \u015bwiecie sprawia, \u017ce Kawasaki Robotics jest wiod\u0105cym dostawc\u0105 robot\u00f3w przemys\u0142owych i zrobotyzowanych system\u00f3w automatyki z szerokim portfolio produkt\u00f3w. Nasze roboty obs\u0142uguj\u0105 szeroki zakresu zastosowa\u0144 w r\u00f3\u017cnych bran\u017cach. Ponad 45-letnie do\u015bwiadczenie jako lidera w bran\u017cy robotycznej sprawi\u0142o, \u017ce w\u0142\u0105czyli\u015bmy si\u0119 w rozw\u00f3j najbardziej zaawansowanych technicznie sterownik\u00f3w oraz najwy\u017cszej jako\u015bci robot\u00f3w. Wspieramy potrzeby naszych klient\u00f3w od pierwszego zakupu, wdro\u017cenia i szkolenia a\u017c po pomoc techniczn\u0105 i konserwacj\u0119. Dzi\u0119ki naszym op\u0142acalnym i niezawodnym rozwi\u0105zaniom z zakresu automatyzacji, d\u0105\u017cymy do maksymalizacji produktywno\u015bci, bezpiecze\u0144stwa, elastyczno\u015bci i jako\u015bci produkt\u00f3w dostarczanych naszym klientom.<br>Kawasaki Robotics to Tw\u00f3j elastyczny partner w zakresie automatyzacji.<\/p>\n<\/div>\n<\/div>\n\n\n\n<hr class=\"wp-block-separator has-css-opacity wp-embed-aspect-16-9 wp-has-aspect-ratio is-style-wide\" \/>\n\n\n\n<div class=\"wp-block-columns wp-embed-aspect-16-9 wp-has-aspect-ratio is-layout-flex wp-container-core-columns-is-layout-28f84493 wp-block-columns-is-layout-flex\">\n<div class=\"wp-block-column is-layout-flow wp-block-column-is-layout-flow\" style=\"flex-basis:33.33%\"><figure class=\"wp-block-image krobot-video-list__figure\">\n\t<a class=\"js-modal-btn\" data-video-id=\"c_kTwiUsyp4\">\n\t\t<div class=\"krobot-video-list__thumbnail\">\n\t\t\t<img decoding=\"async\" src=\"https:\/\/img.youtube.com\/vi\/c_kTwiUsyp4\/hqdefault.jpg\" alt=\"\" \/>\n\t\t<\/div>\n\t<\/a>\n<\/figure>\n<\/div>\n\n\n\n<div class=\"wp-block-column is-layout-flow wp-block-column-is-layout-flow\" style=\"flex-basis:66.66%\">\n<p><strong>Rama spawalnicza Ninja H2R<\/strong><\/p>\n\n\n\n<p>Mamy ponad 45-letnie do\u015bwiadczenie w opracowywaniu robot\u00f3w, kt\u00f3re poprawiaj\u0105 produktywno\u015b\u0107 i jako\u015b\u0107 produkcji zar\u00f3wno dla naszych klient\u00f3w, jak i dla nas samych \u2013 zobacz roboty Kawasaki spawaj\u0105 ram\u0119 nowego motocykla Kawasaki Ninja H2R.<\/p>\n<\/div>\n<\/div>\n\n\n\n<hr class=\"wp-block-separator has-css-opacity wp-embed-aspect-16-9 wp-has-aspect-ratio is-style-wide\" \/>\n\n\n\n<div class=\"wp-block-columns wp-embed-aspect-16-9 wp-has-aspect-ratio is-layout-flex wp-container-core-columns-is-layout-28f84493 wp-block-columns-is-layout-flex\">\n<div class=\"wp-block-column is-layout-flow wp-block-column-is-layout-flow\" style=\"flex-basis:33.33%\">\n<figure class=\"wp-block-embed is-type-video is-provider-youtube wp-block-embed-youtube wp-embed-aspect-16-9 wp-has-aspect-ratio\"><div class=\"wp-block-embed__wrapper\">\n<iframe loading=\"lazy\" title=\"iREX2017 Overview - Kawasaki Robotics\" width=\"900\" height=\"506\" src=\"https:\/\/www.youtube.com\/embed\/mOvKevdj3U0?feature=oembed\" frameborder=\"0\" allow=\"accelerometer; autoplay; clipboard-write; encrypted-media; gyroscope; picture-in-picture; web-share\" allowfullscreen><\/iframe>\n<\/div><\/figure>\n<\/div>\n\n\n\n<div class=\"wp-block-column is-layout-flow wp-block-column-is-layout-flow\" style=\"flex-basis:66.66%\">\n<p><strong>Wystawa Kawasaki na iREX2017<\/strong><\/p>\n\n\n\n<p>Kawasaki mia\u0142o sw\u00f3j najwi\u0119kszy pokaz podczas Mi\u0119dzynarodowej Wystawy Robot\u00f3w 2017 (iREX2017), kt\u00f3ra odby\u0142a si\u0119 w Tokio od 29 listopada do 2 grudnia. Obejrzyj ten film, aby zobaczy\u0107 wiele nowych produkt\u00f3w i technologii, kt\u00f3re zaprezentowali\u015bmy. \u201eOd przemys\u0142owego do w pe\u0142ni zintegrowanego producenta robot\u00f3w\u201d to nasze przes\u0142anie, gdy \u015bwi\u0119tujemy w tym roku 50-lecie robotyki.<\/p>\n<\/div>\n<\/div>\n\n\n\n<hr class=\"wp-block-separator has-css-opacity wp-embed-aspect-16-9 wp-has-aspect-ratio is-style-wide\" \/>\n","protected":false},"excerpt":{"rendered":"<p>50-letnia historia biznesu robotyki Kawasaki Heavy Industries Min\u0119\u0142o 50 lat od powstania Kawasaki Robotics. Wraz ze swoimi klientami firma rozwija swoje technologie i zbiera kolejne do\u015bwiadczenia. Opieraj\u0105c si\u0119 na zdobytej wiedzy, Kawasaki zwraca si\u0119 ku spo\u0142ecze\u0144stwu i aspiruje do zostania w pe\u0142ni zintegrowanym producentem robot\u00f3w, kt\u00f3ry zaprojektuje now\u0105 przysz\u0142o\u015b\u0107. Wyobra\u017camy sobie \u015bwiat, w kt\u00f3rym ludzie i roboty mog\u0105 wsp\u00f3\u0142istnie\u0107 obok siebie. Kawasaki One Ton Payload Robot zainstalowany w elektrowni Siemensa Robot Kawasaki MG10HL, zainstalowany w elektrowni Siemens Lausward w Dusseldorfie, ma ud\u017awig do 1000 kg i zasi\u0119g 4 metr\u00f3w. Pot\u0119\u017cny, ogromnych rozmiar\u00f3w robot Kawasaki, zosta\u0142 zainstalowany w celu wykonania niebezpiecznego, rutynowego zadania konserwacyjnego, polegaj\u0105cego na wymianie palnik\u00f3w i przej\u015b\u0107 w [&hellip;]<\/p>\n","protected":false},"author":9,"featured_media":926,"parent":0,"menu_order":6,"comment_status":"closed","ping_status":"closed","template":"page-templates\/custom-title-with-background.php","meta":{"ep_exclude_from_search":false,"footnotes":""},"class_list":["post-24","page","type-page","status-publish","has-post-thumbnail","hentry"],"yoast_head":"<!-- This site is optimized with the Yoast SEO plugin v25.9 - https:\/\/yoast.com\/wordpress\/plugins\/seo\/ -->\n<title>Polecane Wideo | Industrial Robots by Kawasaki Robotics<\/title>\n<meta name=\"description\" content=\"Explore the must-watch videos showcasing Kawasaki Robots and their capabilities. Discover how they are transforming industries.\" \/>\n<meta name=\"robots\" content=\"index, follow, max-snippet:-1, max-image-preview:large, max-video-preview:-1\" \/>\n<link rel=\"canonical\" href=\"https:\/\/kawasakirobotics.com\/pl\/featured-video\/\" \/>\n<meta property=\"og:locale\" content=\"pl_PL\" \/>\n<meta property=\"og:type\" content=\"article\" \/>\n<meta property=\"og:title\" content=\"Polecane Wideo | Industrial Robots by Kawasaki Robotics\" \/>\n<meta property=\"og:description\" content=\"Explore the must-watch videos showcasing Kawasaki Robots and their capabilities. Discover how they are transforming industries.\" \/>\n<meta property=\"og:url\" content=\"https:\/\/kawasakirobotics.com\/pl\/featured-video\/\" \/>\n<meta property=\"og:site_name\" content=\"Kawasaki Robotics\" \/>\n<meta property=\"article:modified_time\" content=\"2024-02-14T06:26:10+00:00\" \/>\n<meta property=\"og:image\" content=\"https:\/\/kawasakirobotics.com\/content\/themes\/krobot-theme\/src\/images\/default\/ogp.jpg\" \/>\n\t<meta property=\"og:image:width\" content=\"1200\" \/>\n\t<meta property=\"og:image:height\" content=\"630\" \/>\n\t<meta property=\"og:image:type\" content=\"image\/jpeg\" \/>\n<meta name=\"twitter:card\" content=\"summary_large_image\" \/>\n<script type=\"application\/ld+json\" class=\"yoast-schema-graph\">{\"@context\":\"https:\/\/schema.org\",\"@graph\":[{\"@type\":\"WebPage\",\"@id\":\"https:\/\/kawasakirobotics.com\/pl\/featured-video\/\",\"url\":\"https:\/\/kawasakirobotics.com\/pl\/featured-video\/\",\"name\":\"Polecane Wideo | Industrial Robots by Kawasaki Robotics\",\"isPartOf\":{\"@id\":\"https:\/\/kawasakirobotics.com\/pl\/#website\"},\"primaryImageOfPage\":{\"@id\":\"https:\/\/kawasakirobotics.com\/pl\/featured-video\/#primaryimage\"},\"image\":{\"@id\":\"https:\/\/kawasakirobotics.com\/pl\/featured-video\/#primaryimage\"},\"thumbnailUrl\":\"https:\/\/kawasakirobotics.com\/tachyon\/sites\/2\/2022\/01\/title-background-A1760478.jpg?fit=2160%2C360\",\"datePublished\":\"2022-01-19T08:35:47+00:00\",\"dateModified\":\"2024-02-14T06:26:10+00:00\",\"description\":\"Explore the must-watch videos showcasing Kawasaki Robots and their capabilities. Discover how they are transforming industries.\",\"breadcrumb\":{\"@id\":\"https:\/\/kawasakirobotics.com\/pl\/featured-video\/#breadcrumb\"},\"inLanguage\":\"pl-PL\",\"potentialAction\":[{\"@type\":\"ReadAction\",\"target\":[\"https:\/\/kawasakirobotics.com\/pl\/featured-video\/\"]}]},{\"@type\":\"ImageObject\",\"inLanguage\":\"pl-PL\",\"@id\":\"https:\/\/kawasakirobotics.com\/pl\/featured-video\/#primaryimage\",\"url\":\"https:\/\/kawasakirobotics.com\/tachyon\/sites\/2\/2022\/01\/title-background-A1760478.jpg?fit=2160%2C360\",\"contentUrl\":\"https:\/\/kawasakirobotics.com\/tachyon\/sites\/2\/2022\/01\/title-background-A1760478.jpg?fit=2160%2C360\",\"width\":2160,\"height\":360,\"caption\":\"Featured Video\"},{\"@type\":\"BreadcrumbList\",\"@id\":\"https:\/\/kawasakirobotics.com\/pl\/featured-video\/#breadcrumb\",\"itemListElement\":[{\"@type\":\"ListItem\",\"position\":1,\"name\":\"Strona g\u0142\u00f3wna\",\"item\":\"https:\/\/kawasakirobotics.com\/pl\/\"},{\"@type\":\"ListItem\",\"position\":2,\"name\":\"Polecane Wideo\"}]},{\"@type\":\"WebSite\",\"@id\":\"https:\/\/kawasakirobotics.com\/pl\/#website\",\"url\":\"https:\/\/kawasakirobotics.com\/pl\/\",\"name\":\"Kawasaki Robotics\",\"description\":\"\",\"publisher\":{\"@id\":\"https:\/\/kawasakirobotics.com\/pl\/#organization\"},\"potentialAction\":[{\"@type\":\"SearchAction\",\"target\":{\"@type\":\"EntryPoint\",\"urlTemplate\":\"https:\/\/kawasakirobotics.com\/pl\/?s={search_term_string}\"},\"query-input\":{\"@type\":\"PropertyValueSpecification\",\"valueRequired\":true,\"valueName\":\"search_term_string\"}}],\"inLanguage\":\"pl-PL\"},{\"@type\":\"Organization\",\"@id\":\"https:\/\/kawasakirobotics.com\/pl\/#organization\",\"name\":\"\u5ddd\u5d0e\u91cd\u5de5\u696d\u30ed\u30dc\u30c3\u30c8\u30c7\u30a3\u30d3\u30b8\u30e7\u30f3\",\"url\":\"https:\/\/kawasakirobotics.com\/pl\/\",\"logo\":{\"@type\":\"ImageObject\",\"inLanguage\":\"pl-PL\",\"@id\":\"https:\/\/kawasakirobotics.com\/pl\/#\/schema\/logo\/image\/\",\"url\":\"\",\"contentUrl\":\"\",\"caption\":\"\u5ddd\u5d0e\u91cd\u5de5\u696d\u30ed\u30dc\u30c3\u30c8\u30c7\u30a3\u30d3\u30b8\u30e7\u30f3\"},\"image\":{\"@id\":\"https:\/\/kawasakirobotics.com\/pl\/#\/schema\/logo\/image\/\"}}]}<\/script>\n<!-- \/ Yoast SEO plugin. -->","yoast_head_json":{"title":"Polecane Wideo | Industrial Robots by Kawasaki Robotics","description":"Explore the must-watch videos showcasing Kawasaki Robots and their capabilities. Discover how they are transforming industries.","robots":{"index":"index","follow":"follow","max-snippet":"max-snippet:-1","max-image-preview":"max-image-preview:large","max-video-preview":"max-video-preview:-1"},"canonical":"https:\/\/kawasakirobotics.com\/pl\/featured-video\/","og_locale":"pl_PL","og_type":"article","og_title":"Polecane Wideo | Industrial Robots by Kawasaki Robotics","og_description":"Explore the must-watch videos showcasing Kawasaki Robots and their capabilities. Discover how they are transforming industries.","og_url":"https:\/\/kawasakirobotics.com\/pl\/featured-video\/","og_site_name":"Kawasaki Robotics","article_modified_time":"2024-02-14T06:26:10+00:00","og_image":[{"url":"https:\/\/kawasakirobotics.com\/content\/themes\/krobot-theme\/src\/images\/default\/ogp.jpg","width":"1200","height":"630","type":"image\/jpeg"}],"twitter_card":"summary_large_image","schema":{"@context":"https:\/\/schema.org","@graph":[{"@type":"WebPage","@id":"https:\/\/kawasakirobotics.com\/pl\/featured-video\/","url":"https:\/\/kawasakirobotics.com\/pl\/featured-video\/","name":"Polecane Wideo | Industrial Robots by Kawasaki Robotics","isPartOf":{"@id":"https:\/\/kawasakirobotics.com\/pl\/#website"},"primaryImageOfPage":{"@id":"https:\/\/kawasakirobotics.com\/pl\/featured-video\/#primaryimage"},"image":{"@id":"https:\/\/kawasakirobotics.com\/pl\/featured-video\/#primaryimage"},"thumbnailUrl":"https:\/\/kawasakirobotics.com\/tachyon\/sites\/2\/2022\/01\/title-background-A1760478.jpg?fit=2160%2C360","datePublished":"2022-01-19T08:35:47+00:00","dateModified":"2024-02-14T06:26:10+00:00","description":"Explore the must-watch videos showcasing Kawasaki Robots and their capabilities. Discover how they are transforming industries.","breadcrumb":{"@id":"https:\/\/kawasakirobotics.com\/pl\/featured-video\/#breadcrumb"},"inLanguage":"pl-PL","potentialAction":[{"@type":"ReadAction","target":["https:\/\/kawasakirobotics.com\/pl\/featured-video\/"]}]},{"@type":"ImageObject","inLanguage":"pl-PL","@id":"https:\/\/kawasakirobotics.com\/pl\/featured-video\/#primaryimage","url":"https:\/\/kawasakirobotics.com\/tachyon\/sites\/2\/2022\/01\/title-background-A1760478.jpg?fit=2160%2C360","contentUrl":"https:\/\/kawasakirobotics.com\/tachyon\/sites\/2\/2022\/01\/title-background-A1760478.jpg?fit=2160%2C360","width":2160,"height":360,"caption":"Featured Video"},{"@type":"BreadcrumbList","@id":"https:\/\/kawasakirobotics.com\/pl\/featured-video\/#breadcrumb","itemListElement":[{"@type":"ListItem","position":1,"name":"Strona g\u0142\u00f3wna","item":"https:\/\/kawasakirobotics.com\/pl\/"},{"@type":"ListItem","position":2,"name":"Polecane Wideo"}]},{"@type":"WebSite","@id":"https:\/\/kawasakirobotics.com\/pl\/#website","url":"https:\/\/kawasakirobotics.com\/pl\/","name":"Kawasaki Robotics","description":"","publisher":{"@id":"https:\/\/kawasakirobotics.com\/pl\/#organization"},"potentialAction":[{"@type":"SearchAction","target":{"@type":"EntryPoint","urlTemplate":"https:\/\/kawasakirobotics.com\/pl\/?s={search_term_string}"},"query-input":{"@type":"PropertyValueSpecification","valueRequired":true,"valueName":"search_term_string"}}],"inLanguage":"pl-PL"},{"@type":"Organization","@id":"https:\/\/kawasakirobotics.com\/pl\/#organization","name":"\u5ddd\u5d0e\u91cd\u5de5\u696d\u30ed\u30dc\u30c3\u30c8\u30c7\u30a3\u30d3\u30b8\u30e7\u30f3","url":"https:\/\/kawasakirobotics.com\/pl\/","logo":{"@type":"ImageObject","inLanguage":"pl-PL","@id":"https:\/\/kawasakirobotics.com\/pl\/#\/schema\/logo\/image\/","url":"","contentUrl":"","caption":"\u5ddd\u5d0e\u91cd\u5de5\u696d\u30ed\u30dc\u30c3\u30c8\u30c7\u30a3\u30d3\u30b8\u30e7\u30f3"},"image":{"@id":"https:\/\/kawasakirobotics.com\/pl\/#\/schema\/logo\/image\/"}}]}},"_links":{"self":[{"href":"https:\/\/kawasakirobotics.com\/pl\/wp-json\/wp\/v2\/pages\/24","targetHints":{"allow":["GET"]}}],"collection":[{"href":"https:\/\/kawasakirobotics.com\/pl\/wp-json\/wp\/v2\/pages"}],"about":[{"href":"https:\/\/kawasakirobotics.com\/pl\/wp-json\/wp\/v2\/types\/page"}],"author":[{"embeddable":true,"href":"https:\/\/kawasakirobotics.com\/pl\/wp-json\/wp\/v2\/users\/9"}],"replies":[{"embeddable":true,"href":"https:\/\/kawasakirobotics.com\/pl\/wp-json\/wp\/v2\/comments?post=24"}],"version-history":[{"count":4,"href":"https:\/\/kawasakirobotics.com\/pl\/wp-json\/wp\/v2\/pages\/24\/revisions"}],"predecessor-version":[{"id":5655,"href":"https:\/\/kawasakirobotics.com\/pl\/wp-json\/wp\/v2\/pages\/24\/revisions\/5655"}],"wp:featuredmedia":[{"embeddable":true,"href":"https:\/\/kawasakirobotics.com\/pl\/wp-json\/wp\/v2\/media\/926"}],"wp:attachment":[{"href":"https:\/\/kawasakirobotics.com\/pl\/wp-json\/wp\/v2\/media?parent=24"}],"curies":[{"name":"wp","href":"https:\/\/api.w.org\/{rel}","templated":true}]}}