{"id":3292,"date":"2022-02-10T13:57:42","date_gmt":"2022-02-10T04:57:42","guid":{"rendered":"urn:uuid:c463f840-c247-4de3-9449-39a629349b17"},"modified":"2024-10-25T07:25:32","modified_gmt":"2024-10-25T05:25:32","slug":"cookie-policy","status":"publish","type":"page","link":"https:\/\/kawasakirobotics.com\/pl\/cookie-policy\/","title":{"rendered":"Polityka Cookie"},"content":{"rendered":"\n<p class=\"has-black-color has-text-color\">Ostatnia aktualizacja: 28.02.2022<\/p>\n\n\n\n<h2 class=\"wp-block-heading\">1. Nasza polityka dotycz\u0105ca plik\u00f3w cookie<\/h2>\n\n\n\n<h4 class=\"wp-block-heading\">(1) Zasady og\u00f3lne<\/h4>\n\n\n\n<p>Kawasaki Heavy Industries, Ltd., jej sp\u00f3\u0142ki stowarzyszone lub jej agenci (\u201eKHI\u201d) mog\u0105 u\u017cywa\u0107 plik\u00f3w cookie na stronach internetowych (\u201eWitryna\u201d), kt\u00f3re zosta\u0142y utworzone i obs\u0142ugiwane przez KHI, w celu dostarczania bardziej istotnych informacji naszym klientom (\u201eTy \u201d) oraz do mierzenia i analizowania Witryny.<\/p>\n\n\n\n<p>Niniejsza Polityka dotycz\u0105ca plik\u00f3w cookie dotyczy wszystkich u\u017cytkownik\u00f3w Witryny. Pliki cookie mo\u017cna wy\u0142\u0105czy\u0107 w ustawieniach przegl\u0105darki; jednak mo\u017cesz nie by\u0107 w stanie korzysta\u0107 z niekt\u00f3rych tre\u015bci w ten spos\u00f3b.<\/p>\n\n\n\n<p>Niniejsza Polityka dotycz\u0105ca plik\u00f3w cookie opisuje rodzaje plik\u00f3w cookie u\u017cywanych na Stronie oraz spos\u00f3b zmiany ustawie\u0144 przegl\u0105darki.<\/p>\n\n\n\n<h4 class=\"wp-block-heading\">(2) O naszej Polityce prywatno\u015bci<\/h4>\n\n\n\n<p>W zwi\u0105zku z niniejsz\u0105 Polityk\u0105 plik\u00f3w cookie KHI ustanowi\u0142o odr\u0119bn\u0105 polityk\u0119 dotycz\u0105c\u0105 post\u0119powania z danymi osobowymi. Zapoznaj si\u0119 z nasz\u0105 <a href=\"https:\/\/global.kawasaki.com\/en\/privacy_policy\/index.html\">Polityk\u0105 prywatno\u015bci<\/a> w Witrynie, aby uzyska\u0107 wi\u0119cej informacji.<\/p>\n\n\n\n<h2 class=\"wp-block-heading\">2. Co to jest plik cookie?<\/h2>\n\n\n\n<p>Plik cookie odnosi si\u0119 do technologii, kt\u00f3ra umieszcza ma\u0142y plik danych (informacje) na Twoim komputerze lub innych urz\u0105dzeniach za po\u015brednictwem Twojej przegl\u0105darki internetowej, gdy wchodzisz na stron\u0119 internetow\u0105. Pliki cookie umo\u017cliwiaj\u0105 witrynom zidentyfikowanie Ci\u0119, gdy ponownie odwiedzasz te same witryny.<\/p>\n\n\n\n<h2 class=\"wp-block-heading\">3. Pliki cookie u\u017cywane na Stronie<\/h2>\n\n\n\n<h4 class=\"wp-block-heading\">(1) W\u0142asne i zewn\u0119trzne pliki cookie<\/h4>\n\n\n\n<p>Wszystkie pliki cookie nale\u017c\u0105 do wst\u0119pnie okre\u015blonej domeny. Podczas gdy w\u0142asne pliki cookie to pliki cookie wysy\u0142ane przez domen\u0119 Witryny, pliki cookie stron trzecich s\u0105 wysy\u0142ane przez domeny stron trzecich inne ni\u017c domeny Witryny.<\/p>\n\n\n\n<h4 class=\"wp-block-heading\">(2) Pliki cookie sesji i trwa\u0142e pliki cookie<\/h4>\n\n\n\n<p>Pliki cookie mog\u0105 by\u0107 plikami cookie sesji lub trwa\u0142ymi plikami cookie, w zale\u017cno\u015bci od tego, jak d\u0142ugo trwaj\u0105. Pliki cookie sesji to tymczasowe pliki cookie, kt\u00f3re s\u0105 przechowywane na Twoim urz\u0105dzeniu tylko podczas przegl\u0105dania witryny. Z drugiej strony, trwa\u0142e pliki cookies s\u0105 przechowywane na Twoim urz\u0105dzeniu do czasu osi\u0105gni\u0119cia ustawionej daty wyga\u015bni\u0119cia lub do momentu ich usuni\u0119cia przez Ciebie z przegl\u0105darki.<\/p>\n\n\n\n<h2 class=\"wp-block-heading\">4. Dlaczego KHI u\u017cywa plik\u00f3w cookie<\/h2>\n\n\n\n<p>W Serwisie stosowane s\u0105 nast\u0119puj\u0105ce rodzaje plik\u00f3w cookies:<\/p>\n\n\n\n<h4 class=\"wp-block-heading\">(1) Niezb\u0119dne pliki cookie<\/h4>\n\n\n\n<p>Niezb\u0119dne pliki cookie s\u0105 wymagane do przegl\u0105dania Witryny i korzystania z funkcji oferowanych na Witrynie. Te pliki cookie s\u0105 r\u00f3wnie\u017c u\u017cywane do rejestrowania dzia\u0142a\u0144 u\u017cytkownika w ramach jednej sesji przegl\u0105dania.<\/p>\n\n\n\n<h4 class=\"wp-block-heading\">(2) Analityczne pliki cookie<\/h4>\n\n\n\n<p>Analityczne pliki cookie s\u0105 u\u017cywane przez KHI lub zewn\u0119trznych dostawc\u00f3w us\u0142ug do zbierania informacji o korzystaniu z Witryny, takich jak analityka internetowa. Te pliki cookie pomagaj\u0105 nam zrozumie\u0107, kt\u00f3re strony odwiedzasz, jak d\u0142ugo odwiedzasz, czy wy\u015bwietlane s\u0105 komunikaty o b\u0142\u0119dach oraz w jaki spos\u00f3b uzyskujesz dost\u0119p do Witryny w celu poprawy wydajno\u015bci Witryny.<br>KHI korzysta z Google Analytics, us\u0142ugi analizy ogl\u0105dalno\u015bci stron internetowych oferowanej przez Google Inc. na niekt\u00f3rych stronach Witryny w celu zrozumienia sposobu korzystania z witryny i zapewnienia lepszej witryny. Dane uzyskane przez Analytics b\u0119d\u0105 wykorzystywane wy\u0142\u0105cznie do cel\u00f3w zwi\u0105zanych z obs\u0142ug\u0105 witryny, takich jak ulepszanie Witryny. Wi\u0119cej informacji na temat Google Analytics mo\u017cna znale\u017a\u0107 w <a href=\"https:\/\/marketingplatform.google.com\/about\/analytics\/\">oficjalnej witrynie<\/a>.<\/p>\n\n\n\n<p>.<\/p>\n\n\n\n<h4 class=\"wp-block-heading\">(3) Funkcjonalne pliki cookie<\/h4>\n\n\n\n<p>Funkcjonalne pliki cookie s\u0142u\u017c\u0105 do przechowywania ustawie\u0144 u\u017cytkownika w celu zapewnienia bardziej zoptymalizowanej zawarto\u015bci. Te pliki cookie umo\u017cliwiaj\u0105 nam zbieranie informacji o zachowaniach w witrynie (np. informacje o koncie, preferencje j\u0119zykowe, regiony dost\u0119pu) i \u015bwiadczenie us\u0142ug dostosowanych do Twoich preferencji.<\/p>\n\n\n\n<h4 class=\"wp-block-heading\">(4) Reklamowe pliki cookie<\/h4>\n\n\n\n<p>Reklamowe pliki cookie s\u0142u\u017c\u0105 do przechowywania historii przegl\u0105dania Twojej witryny w celu zapami\u0119tania Twoich zainteresowa\u0144 i zachowa\u0144 w ramach Witryny. Te pliki cookie przechowuj\u0105 informacje o dost\u0119pie i informacje o atrybutach w momencie logowania, aby zapewni\u0107 informacje dostosowane do Twoich preferencji w zakresie tre\u015bci i personalizacji reklam.<\/p>\n\n\n\n<h2 class=\"wp-block-heading\">5. Twoje ustawienia plik\u00f3w cookie<\/h2>\n\n\n\n<h4 class=\"wp-block-heading\">(1) Wyb\u00f3r w menu Zaawansowane ustawienia plik\u00f3w cookie<\/h4>\n\n\n\n<p>Witryna udost\u0119pnia funkcj\u0119, kt\u00f3ra umo\u017cliwia okre\u015blenie, czy zezwala\u0107 na korzystanie z plik\u00f3w cookie lub je dezaktywowa\u0107 w oparciu o preferencje. Wi\u0119cej informacji mo\u017cna znale\u017a\u0107 w\u00a0<button class=\"optanon-show-settings\" style=\"all:unset;cursor:pointer;text-decoration:underline;text-underline-offset:0;text-decoration-thickness:1px;\">Zaawansowanych ustawieniach plik\u00f3w cookie<\/button><\/li> w Witrynie.<\/p>\n\n\n\n<h4 class=\"wp-block-heading\">(2) Ustawienie plik\u00f3w cookie w przegl\u0105darce<\/h4>\n\n\n\n<p>Twoja przegl\u0105darka umo\u017cliwia ustawienie preferencji dotycz\u0105cych plik\u00f3w cookie, takich jak zezwalanie lub wy\u0142\u0105czanie plik\u00f3w cookie. Mo\u017cesz r\u00f3wnie\u017c usun\u0105\u0107 pliki cookie na swoim urz\u0105dzeniu z poziomu przegl\u0105darki. Szczeg\u00f3\u0142owe instrukcje dotycz\u0105ce ustawie\u0144 mo\u017cna znale\u017a\u0107 na stronie pomocy przegl\u0105darki, z kt\u00f3rej korzystasz. Nale\u017cy jednak pami\u0119ta\u0107, \u017ce wy\u0142\u0105czenie plik\u00f3w cookie mo\u017ce zak\u0142\u00f3ci\u0107 wy\u015bwietlanie i dzia\u0142anie Witryny.<\/p>\n\n\n\n<h2 class=\"wp-block-heading\">6. Zmiany w niniejszej Polityce plik\u00f3w cookie<\/h2>\n\n\n\n<p>Nale\u017cy pami\u0119ta\u0107, \u017ce tre\u015b\u0107 niniejszej Polityki plik\u00f3w cookie mo\u017ce ulec zmianie w dowolnym momencie. W przypadku wprowadzenia jakichkolwiek zmian najnowsza Polityka dotycz\u0105ca plik\u00f3w cookie zostanie opublikowana na Stronie.<\/p>\n\n\n\n<h2 class=\"wp-block-heading\">7. Zapytania dotycz\u0105ce niniejszej Polityki plik\u00f3w cookie<\/h2>\n\n\n\n<p>Je\u015bli masz jakiekolwiek pytania dotycz\u0105ce niniejszej Polityki plik\u00f3w cookie, skontaktuj si\u0119 z nami ze strony&nbsp;<a href=\"https:\/\/kawasaki-corporate.spiral-site.com\/cookiepolicy_EN\" target=\"_blank\" rel=\"noreferrer noopener\">Kontakt<\/a>&nbsp;w Witrynie.<\/p>\n","protected":false},"excerpt":{"rendered":"<p>Ostatnia aktualizacja: 28.02.2022 1. Nasza polityka dotycz\u0105ca plik\u00f3w cookie (1) Zasady og\u00f3lne Kawasaki Heavy Industries, Ltd., jej sp\u00f3\u0142ki stowarzyszone lub jej agenci (\u201eKHI\u201d) mog\u0105 u\u017cywa\u0107 plik\u00f3w cookie na stronach internetowych (\u201eWitryna\u201d), kt\u00f3re zosta\u0142y utworzone i obs\u0142ugiwane przez KHI, w celu dostarczania bardziej istotnych informacji naszym klientom (\u201eTy \u201d) oraz do mierzenia i analizowania Witryny. Niniejsza Polityka dotycz\u0105ca plik\u00f3w cookie dotyczy wszystkich u\u017cytkownik\u00f3w Witryny. Pliki cookie mo\u017cna wy\u0142\u0105czy\u0107 w ustawieniach przegl\u0105darki; jednak mo\u017cesz nie by\u0107 w stanie korzysta\u0107 z niekt\u00f3rych tre\u015bci w ten spos\u00f3b. Niniejsza Polityka dotycz\u0105ca plik\u00f3w cookie opisuje rodzaje plik\u00f3w cookie u\u017cywanych na Stronie oraz spos\u00f3b zmiany ustawie\u0144 przegl\u0105darki. (2) O naszej Polityce prywatno\u015bci W zwi\u0105zku z niniejsz\u0105 Polityk\u0105 [&hellip;]<\/p>\n","protected":false},"author":9,"featured_media":0,"parent":0,"menu_order":19,"comment_status":"closed","ping_status":"closed","template":"","meta":{"ep_exclude_from_search":false,"footnotes":""},"class_list":["post-3292","page","type-page","status-publish","hentry"],"yoast_head":"<!-- This site is optimized with the Yoast SEO plugin v25.9 - https:\/\/yoast.com\/wordpress\/plugins\/seo\/ -->\n<title>Polityka Cookie | Industrial Robots by Kawasaki Robotics<\/title>\n<meta name=\"description\" content=\"Kawasaki Heavy Industries | Polityka Cookie\" \/>\n<meta name=\"robots\" content=\"index, follow, max-snippet:-1, max-image-preview:large, max-video-preview:-1\" \/>\n<link rel=\"canonical\" href=\"https:\/\/kawasakirobotics.com\/pl\/cookie-policy\/\" \/>\n<meta property=\"og:locale\" content=\"pl_PL\" \/>\n<meta property=\"og:type\" content=\"article\" \/>\n<meta property=\"og:title\" content=\"Polityka Cookie | Industrial Robots by Kawasaki Robotics\" \/>\n<meta property=\"og:description\" content=\"Kawasaki Heavy Industries | Polityka Cookie\" \/>\n<meta property=\"og:url\" content=\"https:\/\/kawasakirobotics.com\/pl\/cookie-policy\/\" \/>\n<meta property=\"og:site_name\" content=\"Kawasaki Robotics\" \/>\n<meta property=\"article:modified_time\" content=\"2024-10-25T05:25:32+00:00\" \/>\n<meta property=\"og:image\" content=\"https:\/\/kawasakirobotics.com\/content\/themes\/krobot-theme\/src\/images\/default\/ogp.jpg\" \/>\n\t<meta property=\"og:image:width\" content=\"1200\" \/>\n\t<meta property=\"og:image:height\" content=\"630\" \/>\n\t<meta property=\"og:image:type\" content=\"image\/jpeg\" \/>\n<meta name=\"twitter:card\" content=\"summary_large_image\" \/>\n<script type=\"application\/ld+json\" class=\"yoast-schema-graph\">{\"@context\":\"https:\/\/schema.org\",\"@graph\":[{\"@type\":\"WebPage\",\"@id\":\"https:\/\/kawasakirobotics.com\/pl\/cookie-policy\/\",\"url\":\"https:\/\/kawasakirobotics.com\/pl\/cookie-policy\/\",\"name\":\"Polityka Cookie | Industrial Robots by Kawasaki Robotics\",\"isPartOf\":{\"@id\":\"https:\/\/kawasakirobotics.com\/pl\/#website\"},\"datePublished\":\"2022-02-10T04:57:42+00:00\",\"dateModified\":\"2024-10-25T05:25:32+00:00\",\"description\":\"Kawasaki Heavy Industries | Polityka Cookie\",\"breadcrumb\":{\"@id\":\"https:\/\/kawasakirobotics.com\/pl\/cookie-policy\/#breadcrumb\"},\"inLanguage\":\"pl-PL\",\"potentialAction\":[{\"@type\":\"ReadAction\",\"target\":[\"https:\/\/kawasakirobotics.com\/pl\/cookie-policy\/\"]}]},{\"@type\":\"BreadcrumbList\",\"@id\":\"https:\/\/kawasakirobotics.com\/pl\/cookie-policy\/#breadcrumb\",\"itemListElement\":[{\"@type\":\"ListItem\",\"position\":1,\"name\":\"Strona g\u0142\u00f3wna\",\"item\":\"https:\/\/kawasakirobotics.com\/pl\/\"},{\"@type\":\"ListItem\",\"position\":2,\"name\":\"Polityka Cookie\"}]},{\"@type\":\"WebSite\",\"@id\":\"https:\/\/kawasakirobotics.com\/pl\/#website\",\"url\":\"https:\/\/kawasakirobotics.com\/pl\/\",\"name\":\"Kawasaki Robotics\",\"description\":\"\",\"publisher\":{\"@id\":\"https:\/\/kawasakirobotics.com\/pl\/#organization\"},\"potentialAction\":[{\"@type\":\"SearchAction\",\"target\":{\"@type\":\"EntryPoint\",\"urlTemplate\":\"https:\/\/kawasakirobotics.com\/pl\/?s={search_term_string}\"},\"query-input\":{\"@type\":\"PropertyValueSpecification\",\"valueRequired\":true,\"valueName\":\"search_term_string\"}}],\"inLanguage\":\"pl-PL\"},{\"@type\":\"Organization\",\"@id\":\"https:\/\/kawasakirobotics.com\/pl\/#organization\",\"name\":\"\u5ddd\u5d0e\u91cd\u5de5\u696d\u30ed\u30dc\u30c3\u30c8\u30c7\u30a3\u30d3\u30b8\u30e7\u30f3\",\"url\":\"https:\/\/kawasakirobotics.com\/pl\/\",\"logo\":{\"@type\":\"ImageObject\",\"inLanguage\":\"pl-PL\",\"@id\":\"https:\/\/kawasakirobotics.com\/pl\/#\/schema\/logo\/image\/\",\"url\":\"\",\"contentUrl\":\"\",\"caption\":\"\u5ddd\u5d0e\u91cd\u5de5\u696d\u30ed\u30dc\u30c3\u30c8\u30c7\u30a3\u30d3\u30b8\u30e7\u30f3\"},\"image\":{\"@id\":\"https:\/\/kawasakirobotics.com\/pl\/#\/schema\/logo\/image\/\"}}]}<\/script>\n<!-- \/ Yoast SEO plugin. -->","yoast_head_json":{"title":"Polityka Cookie | Industrial Robots by Kawasaki Robotics","description":"Kawasaki Heavy Industries | Polityka Cookie","robots":{"index":"index","follow":"follow","max-snippet":"max-snippet:-1","max-image-preview":"max-image-preview:large","max-video-preview":"max-video-preview:-1"},"canonical":"https:\/\/kawasakirobotics.com\/pl\/cookie-policy\/","og_locale":"pl_PL","og_type":"article","og_title":"Polityka Cookie | Industrial Robots by Kawasaki Robotics","og_description":"Kawasaki Heavy Industries | Polityka Cookie","og_url":"https:\/\/kawasakirobotics.com\/pl\/cookie-policy\/","og_site_name":"Kawasaki Robotics","article_modified_time":"2024-10-25T05:25:32+00:00","og_image":[{"url":"https:\/\/kawasakirobotics.com\/content\/themes\/krobot-theme\/src\/images\/default\/ogp.jpg","width":"1200","height":"630","type":"image\/jpeg"}],"twitter_card":"summary_large_image","schema":{"@context":"https:\/\/schema.org","@graph":[{"@type":"WebPage","@id":"https:\/\/kawasakirobotics.com\/pl\/cookie-policy\/","url":"https:\/\/kawasakirobotics.com\/pl\/cookie-policy\/","name":"Polityka Cookie | Industrial Robots by Kawasaki Robotics","isPartOf":{"@id":"https:\/\/kawasakirobotics.com\/pl\/#website"},"datePublished":"2022-02-10T04:57:42+00:00","dateModified":"2024-10-25T05:25:32+00:00","description":"Kawasaki Heavy Industries | Polityka Cookie","breadcrumb":{"@id":"https:\/\/kawasakirobotics.com\/pl\/cookie-policy\/#breadcrumb"},"inLanguage":"pl-PL","potentialAction":[{"@type":"ReadAction","target":["https:\/\/kawasakirobotics.com\/pl\/cookie-policy\/"]}]},{"@type":"BreadcrumbList","@id":"https:\/\/kawasakirobotics.com\/pl\/cookie-policy\/#breadcrumb","itemListElement":[{"@type":"ListItem","position":1,"name":"Strona g\u0142\u00f3wna","item":"https:\/\/kawasakirobotics.com\/pl\/"},{"@type":"ListItem","position":2,"name":"Polityka Cookie"}]},{"@type":"WebSite","@id":"https:\/\/kawasakirobotics.com\/pl\/#website","url":"https:\/\/kawasakirobotics.com\/pl\/","name":"Kawasaki Robotics","description":"","publisher":{"@id":"https:\/\/kawasakirobotics.com\/pl\/#organization"},"potentialAction":[{"@type":"SearchAction","target":{"@type":"EntryPoint","urlTemplate":"https:\/\/kawasakirobotics.com\/pl\/?s={search_term_string}"},"query-input":{"@type":"PropertyValueSpecification","valueRequired":true,"valueName":"search_term_string"}}],"inLanguage":"pl-PL"},{"@type":"Organization","@id":"https:\/\/kawasakirobotics.com\/pl\/#organization","name":"\u5ddd\u5d0e\u91cd\u5de5\u696d\u30ed\u30dc\u30c3\u30c8\u30c7\u30a3\u30d3\u30b8\u30e7\u30f3","url":"https:\/\/kawasakirobotics.com\/pl\/","logo":{"@type":"ImageObject","inLanguage":"pl-PL","@id":"https:\/\/kawasakirobotics.com\/pl\/#\/schema\/logo\/image\/","url":"","contentUrl":"","caption":"\u5ddd\u5d0e\u91cd\u5de5\u696d\u30ed\u30dc\u30c3\u30c8\u30c7\u30a3\u30d3\u30b8\u30e7\u30f3"},"image":{"@id":"https:\/\/kawasakirobotics.com\/pl\/#\/schema\/logo\/image\/"}}]}},"_links":{"self":[{"href":"https:\/\/kawasakirobotics.com\/pl\/wp-json\/wp\/v2\/pages\/3292","targetHints":{"allow":["GET"]}}],"collection":[{"href":"https:\/\/kawasakirobotics.com\/pl\/wp-json\/wp\/v2\/pages"}],"about":[{"href":"https:\/\/kawasakirobotics.com\/pl\/wp-json\/wp\/v2\/types\/page"}],"author":[{"embeddable":true,"href":"https:\/\/kawasakirobotics.com\/pl\/wp-json\/wp\/v2\/users\/9"}],"replies":[{"embeddable":true,"href":"https:\/\/kawasakirobotics.com\/pl\/wp-json\/wp\/v2\/comments?post=3292"}],"version-history":[{"count":11,"href":"https:\/\/kawasakirobotics.com\/pl\/wp-json\/wp\/v2\/pages\/3292\/revisions"}],"predecessor-version":[{"id":5765,"href":"https:\/\/kawasakirobotics.com\/pl\/wp-json\/wp\/v2\/pages\/3292\/revisions\/5765"}],"wp:attachment":[{"href":"https:\/\/kawasakirobotics.com\/pl\/wp-json\/wp\/v2\/media?parent=3292"}],"curies":[{"name":"wp","href":"https:\/\/api.w.org\/{rel}","templated":true}]}}