{"id":34,"date":"2022-01-19T17:41:06","date_gmt":"2022-01-19T08:41:06","guid":{"rendered":"urn:uuid:43314d1a-87fe-4771-b177-82409d5bb71a"},"modified":"2026-04-07T02:19:47","modified_gmt":"2026-04-07T00:19:47","slug":"locations","status":"publish","type":"page","link":"https:\/\/kawasakirobotics.com\/pl\/company\/locations\/","title":{"rendered":"Lokalizacje"},"content":{"rendered":"\n<div style=\"height:30px\" aria-hidden=\"true\" class=\"wp-block-spacer\"><\/div>\n\n\n<div class=\"taro-iframe-block-wrapper taro-iframe-responsive\"><div class=\"taro-iframe-responsive-spacer\" style=\"padding-top: 75.000000%\"><\/div> <iframe src=\"https:\/\/www.google.com\/maps\/d\/embed?mid=1wYzXQZq8F8gAk1qZcn9TYWrGRDTjrdcd&amp;ehbc=2E312F&amp;hl=en\" width=\"640\" height=\"480\" loading=\"lazy\" style=\"border:0\"><\/iframe><\/div>\n\n\n<h3 class=\"wp-block-heading\">\u2776 Kawasaki Robotics EMEA<\/h3>\n\n\n\n<figure class=\"wp-block-flexible-table-block-table\"><table class=\"has-fixed-layout\"><tbody><tr><td style=\"width:25%\">Adres<\/td><td><code>Im Taubental 32, 41468 Neuss, Niemcy<\/code><\/td><\/tr><tr><td style=\"width:25%\">Odpowiedzialny za<\/td><td>Europa, Bliski Wsch\u00f3d, Afryka<\/td><\/tr><tr><td style=\"width:25%\">TEL<\/td><td>+49-2131-34260<\/td><\/tr><tr><td style=\"width:25%\">URL<\/td><td><a href=\"https:\/\/kawasakirobotics.com\/eu-africa\/\" target=\"_blank\" rel=\"noreferrer noopener\">https:\/\/kawasakirobotics.com\/eu-africa\/<\/a><\/td><\/tr><\/tbody><\/table><\/figure>\n\n\n\n<h3 class=\"wp-block-heading\">\u2779 Kawasaki Robotics Wielka Brytania<\/h3>\n\n\n\n<figure class=\"wp-block-flexible-table-block-table\"><table class=\"has-fixed-layout\"><tbody><tr><td style=\"width:25%\">Adres<\/td><td>Unit 4, Easter Court, Europa Boulevard, Westbrook Warrington Cheshire, WA5 7ZB, Wielka Brytania<\/td><\/tr><tr><td style=\"width:25%\">Odpowiedzialny za<\/td><td>Zjednoczone Kr\u00f3lestwo<\/td><\/tr><tr><td style=\"width:25%\">TEL<\/td><td>+44-1925-71-3000<\/td><\/tr><tr><td style=\"width:25%\">URL<\/td><td><a href=\"https:\/\/kawasakirobotics.com\/uk\" target=\"_blank\" rel=\"noreferrer noopener\">https:\/\/kawasakirobotics.com\/uk\/<\/a><\/td><\/tr><\/tbody><\/table><\/figure>\n\n\n\n<h3 class=\"wp-block-heading\">\u277a Kawasaki Robotics Francja<\/h3>\n\n\n\n<figure class=\"wp-block-flexible-table-block-table\"><table class=\"has-fixed-layout\"><tbody><tr><td style=\"width:25%\">Adres<\/td><td>PA de la cl\u00e9 St Pierre 78990 ELANCOURT, Francja<\/td><\/tr><tr><td style=\"width:25%\">Odpowiedzialny za<\/td><td>Francja<\/td><\/tr><tr><td style=\"width:25%\">TEL<\/td><td>+336 31 27 43 41<\/td><\/tr><tr><td style=\"width:25%\">URL<\/td><td><a href=\"https:\/\/kawasakirobotics.com\/eu-africa\/fr\/\" target=\"_blank\" rel=\"noreferrer noopener\">https:\/\/kawasakirobotics.com\/eu-africa\/fr\/<\/a><\/td><\/tr><\/tbody><\/table><\/figure>\n\n\n<div class=\"taro-iframe-block-wrapper taro-iframe-responsive\"><div class=\"taro-iframe-responsive-spacer\" style=\"padding-top: 75.000000%\"><\/div> <iframe src=\"https:\/\/www.google.com\/maps\/d\/embed?mid=11U6i2PxOwx4Y2bzjVrH12lQoBhEz-gIV&amp;z=4&amp;ehbc=2E312F&amp;hl=en\" width=\"640\" height=\"480\" loading=\"lazy\"><\/iframe><\/div>\n\n\n<h3 class=\"wp-block-heading\">\u2776 Kawasaki Robotics Middle East<\/h3>\n\n\n\n<figure class=\"wp-block-flexible-table-block-table\"><table class=\"has-fixed-layout\"><tbody><tr><td style=\"width:25%\">Adres<\/td><td>Wolna strefa lotniska w Dubaju, Bldg. 6W, blok-A, biuro nr 709, Dubaj, ZEA<\/td><\/tr><tr><td style=\"width:25%\">Odpowiedzialny za<\/td><td>Bliski Wsch\u00f3d, Afryka P\u00f3\u0142nocna<\/td><\/tr><tr><td style=\"width:25%\">TEL<\/td><td>+971(0) 4-214-6730<\/td><\/tr><tr><td style=\"width:25%\">URL<\/td><td><a href=\"https:\/\/kawasakirobotics.com\/eu-africa\/fr\/\" target=\"_blank\" rel=\"noreferrer noopener\">https:\/\/kawasakirobotics.com\/eu-africa\/fr\/<\/a><\/td><\/tr><\/tbody><\/table><\/figure>\n\n\n\n<div style=\"height:30px\" aria-hidden=\"true\" class=\"wp-block-spacer\"><\/div>\n\n\n\n<div style=\"height:100px\" aria-hidden=\"true\" class=\"wp-block-spacer\"><\/div>\n\n\n\n<h2 class=\"wp-block-heading alignfull has-text-align-center\">O nas<\/h2>\n\n\n\n<div class=\"wp-block-columns alignwide krobot-pattern-3cols krobot-pattern-plaincards is-layout-flex wp-container-core-columns-is-layout-28f84493 wp-block-columns-is-layout-flex\">\n<div class=\"wp-block-column krobot-pattern-3cols__item is-layout-flow wp-block-column-is-layout-flow\">\n<figure class=\"wp-block-image size-large krobot-pattern-plaincards__figure\"><img loading=\"lazy\" decoding=\"async\" width=\"950\" height=\"679\" src=\"https:\/\/kawasakirobotics.com\/tachyon\/sites\/5\/2022\/02\/company_1.jpg?fit=900%2C679&#038;resize=900%2C643&#038;crop_strategy=smart\" alt=\"Zdj\u0119cie lotnicze fabryki\" class=\"wp-image-1559\" srcset=\"https:\/\/kawasakirobotics.com\/tachyon\/sites\/2\/2022\/02\/company_1.jpg?fit=950%2C679&amp;zoom=1 950w, https:\/\/kawasakirobotics.com\/tachyon\/sites\/2\/2022\/02\/company_1.jpg?fit=950%2C679&amp;zoom=0.5 475w, https:\/\/kawasakirobotics.com\/tachyon\/sites\/2\/2022\/02\/company_1.jpg?fit=950%2C679&amp;zoom=0.25 238w\" sizes=\"auto, (max-width: 950px) 100vw, 950px\" data-recalc-dims=\"1\" \/><\/figure>\n\n\n\n<h3 class=\"wp-block-heading has-text-align-center krobot-pattern-plaincards__title\">O Dziale Robot\u00f3w<\/h3>\n\n\n\n<p class=\"krobot-pattern-plaincards__description\">Roboty Kawasaki s\u0105 u\u017cywane w r\u00f3\u017cnych sektorach, w tym motoryzacyjnym, elektrycznym i elektronicznym.<\/p>\n\n\n\n<div class=\"wp-block-buttons krobot-pattern-plaincards__more is-horizontal is-content-justification-center is-layout-flex wp-container-core-buttons-is-layout-03627597 wp-block-buttons-is-layout-flex\">\n<div class=\"wp-block-button is-style-outline is-style-outline--1\"><a class=\"wp-block-button__link wp-element-button\" href=\"https:\/\/kawasakirobotics.com\/pl\/company\/robotics-division\/\">WI\u0118CEJ<\/a><\/div>\n<\/div>\n<\/div>\n\n\n\n<div class=\"wp-block-column krobot-pattern-3cols__item is-layout-flow wp-block-column-is-layout-flow\">\n<figure class=\"wp-block-image size-large krobot-pattern-plaincards__figure\"><img loading=\"lazy\" decoding=\"async\" width=\"950\" height=\"679\" src=\"https:\/\/kawasakirobotics.com\/tachyon\/sites\/5\/2022\/02\/company_2.jpg?fit=900%2C679&#038;resize=900%2C643&#038;crop_strategy=smart\" alt=\"\u015aWIATOWY\" class=\"wp-image-1560\" srcset=\"https:\/\/kawasakirobotics.com\/tachyon\/sites\/2\/2022\/02\/company_2.jpg?fit=950%2C679&amp;zoom=1 950w, https:\/\/kawasakirobotics.com\/tachyon\/sites\/2\/2022\/02\/company_2.jpg?fit=950%2C679&amp;zoom=0.5 475w, https:\/\/kawasakirobotics.com\/tachyon\/sites\/2\/2022\/02\/company_2.jpg?fit=950%2C679&amp;zoom=0.25 238w\" sizes=\"auto, (max-width: 950px) 100vw, 950px\" data-recalc-dims=\"1\" \/><\/figure>\n\n\n\n<h3 class=\"wp-block-heading has-text-align-center krobot-pattern-plaincards__title\">Lokalizacje<\/h3>\n\n\n\n<p class=\"krobot-pattern-plaincards__description\">Posiadamy sie\u0107 lokalizacji i wsparcia w UE i Afryce.<\/p>\n\n\n\n<div class=\"wp-block-buttons krobot-pattern-plaincards__more is-horizontal is-content-justification-center is-layout-flex wp-container-core-buttons-is-layout-03627597 wp-block-buttons-is-layout-flex\">\n<div class=\"wp-block-button is-style-outline is-style-outline--2\"><a class=\"wp-block-button__link wp-element-button\" href=\"https:\/\/kawasakirobotics.com\/pl\/company\/locations\/\">WI\u0118CEJ<\/a><\/div>\n<\/div>\n<\/div>\n\n\n\n<div class=\"wp-block-column krobot-pattern-3cols__item is-layout-flow wp-block-column-is-layout-flow\">\n<figure class=\"wp-block-image size-large krobot-pattern-plaincards__figure\"><img loading=\"lazy\" decoding=\"async\" width=\"950\" height=\"679\" src=\"https:\/\/kawasakirobotics.com\/tachyon\/sites\/5\/2022\/02\/company_4.jpg?fit=900%2C679&#038;resize=900%2C643&#038;crop_strategy=smart\" alt=\"KAWASAKI UNIMATE\" class=\"wp-image-1563\" srcset=\"https:\/\/kawasakirobotics.com\/tachyon\/sites\/2\/2022\/02\/company_4.jpg?fit=950%2C679&amp;zoom=1 950w, https:\/\/kawasakirobotics.com\/tachyon\/sites\/2\/2022\/02\/company_4.jpg?fit=950%2C679&amp;zoom=0.5 475w, https:\/\/kawasakirobotics.com\/tachyon\/sites\/2\/2022\/02\/company_4.jpg?fit=950%2C679&amp;zoom=0.25 238w\" sizes=\"auto, (max-width: 950px) 100vw, 950px\" data-recalc-dims=\"1\" \/><\/figure>\n\n\n\n<h3 class=\"wp-block-heading has-text-align-center krobot-pattern-plaincards__title\">Historia<\/h3>\n\n\n\n<p class=\"krobot-pattern-plaincards__description\">Poni\u017cej przedstawiamy nasz\u0105 ponad 50-letni\u0105 histori\u0119 w robotyce przemys\u0142owej.<\/p>\n\n\n\n<div class=\"wp-block-buttons krobot-pattern-plaincards__more is-horizontal is-content-justification-center is-layout-flex wp-container-core-buttons-is-layout-03627597 wp-block-buttons-is-layout-flex\">\n<div class=\"wp-block-button is-style-outline is-style-outline--3\"><a class=\"wp-block-button__link wp-element-button\" href=\"https:\/\/kawasakirobotics.com\/pl\/company\/history\/\">WI\u0118CEJ<\/a><\/div>\n<\/div>\n<\/div>\n<\/div>\n\n\n\n<div style=\"height:3px\" aria-hidden=\"true\" class=\"wp-block-spacer\"><\/div>\n\n\n\n<div class=\"wp-block-columns alignwide krobot-pattern-3cols krobot-pattern-plaincards is-layout-flex wp-container-core-columns-is-layout-28f84493 wp-block-columns-is-layout-flex\">\n<div class=\"wp-block-column krobot-pattern-3cols__item is-layout-flow wp-block-column-is-layout-flow\">\n<figure class=\"wp-block-image size-large krobot-pattern-plaincards__figure\"><img loading=\"lazy\" decoding=\"async\" width=\"1755\" height=\"1241\" src=\"https:\/\/kawasakirobotics.com\/tachyon\/sites\/5\/2022\/02\/company_6.jpg?fit=900%2C900&#038;resize=900%2C636&#038;crop_strategy=smart\" alt=\"Kawasaki Robotics Zaufane rozwi\u0105zania na przysz\u0142o\u015b\u0107\" class=\"wp-image-3180\" srcset=\"https:\/\/kawasakirobotics.com\/tachyon\/sites\/2\/2022\/02\/company_6.jpg?fit=1755%2C1241&amp;zoom=1 1755w, https:\/\/kawasakirobotics.com\/tachyon\/sites\/2\/2022\/02\/company_6.jpg?fit=1755%2C1241&amp;zoom=0.5 878w, https:\/\/kawasakirobotics.com\/tachyon\/sites\/2\/2022\/02\/company_6.jpg?fit=1755%2C1241&amp;zoom=0.25 439w\" sizes=\"auto, (max-width: 1755px) 100vw, 1755px\" data-recalc-dims=\"1\" \/><\/figure>\n\n\n\n<h3 class=\"wp-block-heading has-text-align-center krobot-pattern-plaincards__title\">Kawasaki Heavy Industries Sp.<\/h3>\n\n\n\n<p class=\"krobot-pattern-plaincards__description\">Jeste\u015bmy wszechstronn\u0105 firm\u0105 in\u017cynieryjn\u0105 z ponad 100-letni\u0105 histori\u0105, oferuj\u0105c\u0105 technologie, kt\u00f3re obs\u0142uguj\u0105 szerokie obszary biznesowe obejmuj\u0105ce l\u0105d, morze i powietrze.<\/p>\n\n\n\n<div class=\"wp-block-buttons krobot-pattern-plaincards__more is-horizontal is-content-justification-center is-layout-flex wp-container-core-buttons-is-layout-03627597 wp-block-buttons-is-layout-flex\">\n<div class=\"wp-block-button is-style-outline is-style-outline--4\"><a class=\"wp-block-button__link wp-element-button\" href=\"https:\/\/kawasakirobotics.com\/pl\/company\/about-us\/\">WI\u0118CEJ<\/a><\/div>\n<\/div>\n<\/div>\n\n\n\n<div class=\"wp-block-column krobot-pattern-3cols__item is-layout-flow wp-block-column-is-layout-flow\">\n<figure class=\"wp-block-image size-full krobot-pattern-plaincards__figure\"><img loading=\"lazy\" width=\"900\" height=\"630\" decoding=\"async\" src=\"https:\/\/kawasakirobotics.com\/tachyon\/sites\/34\/2026\/04\/ISO.webp\" alt=\"ISO image\" class=\"wp-image-5959\" srcset=\"https:\/\/kawasakirobotics.com\/tachyon\/sites\/34\/2026\/04\/ISO.webp?resize=900%2C630&amp;zoom=1 900w, https:\/\/kawasakirobotics.com\/tachyon\/sites\/34\/2026\/04\/ISO.webp?resize=900%2C630&amp;zoom=0.5 450w, https:\/\/kawasakirobotics.com\/tachyon\/sites\/34\/2026\/04\/ISO.webp?resize=900%2C630&amp;zoom=0.25 225w\" sizes=\"auto, (max-width: 900px) 100vw, 900px\" \/><\/figure>\n\n\n\n<h3 class=\"wp-block-heading has-text-align-center krobot-pattern-plaincards__title\">Certyfikaty ISO<\/h3>\n\n\n\n<p class=\"krobot-pattern-plaincards__description\">Dowiedz si\u0119 o naszych certyfikatach ISO.<\/p>\n\n\n\n<div class=\"wp-block-buttons krobot-pattern-plaincards__more is-horizontal is-content-justification-center is-layout-flex wp-container-core-buttons-is-layout-03627597 wp-block-buttons-is-layout-flex\">\n<div class=\"wp-block-button is-style-outline is-style-outline--5\"><a class=\"wp-block-button__link wp-element-button\" href=\"https:\/\/kawasakirobotics.com\/pl\/company\/iso\/\">WI\u0118CEJ<\/a><\/div>\n<\/div>\n<\/div>\n\n\n\n<div class=\"wp-block-column krobot-pattern-3cols__item is-layout-flow wp-block-column-is-layout-flow\">\n<figure class=\"wp-block-image size-large krobot-pattern-plaincards__figure\"><a href=\"https:\/\/www.khi-saiyo.jp\/?lc=1\"><img loading=\"lazy\" decoding=\"async\" width=\"950\" height=\"679\" src=\"https:\/\/kawasakirobotics.com\/tachyon\/sites\/5\/2022\/02\/company_8.jpg?fit=900%2C679&#038;resize=900%2C643&#038;crop_strategy=smart\" alt=\"ZASTANAWIA\u0106 SI\u0118\" class=\"wp-image-1566\" srcset=\"https:\/\/kawasakirobotics.com\/tachyon\/sites\/2\/2022\/02\/company_8.jpg?fit=950%2C679&amp;zoom=1 950w, https:\/\/kawasakirobotics.com\/tachyon\/sites\/2\/2022\/02\/company_8.jpg?fit=950%2C679&amp;zoom=0.5 475w, https:\/\/kawasakirobotics.com\/tachyon\/sites\/2\/2022\/02\/company_8.jpg?fit=950%2C679&amp;zoom=0.25 238w\" sizes=\"auto, (max-width: 950px) 100vw, 950px\" data-recalc-dims=\"1\" \/><\/a><\/figure>\n\n\n\n<h3 class=\"wp-block-heading has-text-align-center krobot-pattern-plaincards__title\">Kariera<\/h3>\n\n\n\n<p class=\"has-text-align-left krobot-pattern-plaincards__description\">Dowiedz si\u0119 o informacjach o zatrudnieniu.<\/p>\n\n\n\n<div class=\"wp-block-buttons krobot-pattern-plaincards__more is-horizontal is-content-justification-center is-layout-flex wp-container-core-buttons-is-layout-03627597 wp-block-buttons-is-layout-flex\">\n<div class=\"wp-block-button is-style-outline is-style-outline--6\"><a class=\"wp-block-button__link wp-element-button\" href=\"https:\/\/kawasakirobotics.com\/pl\/company\/careers\/\">WI\u0118CEJ<\/a><\/div>\n<\/div>\n<\/div>\n<\/div>\n\n\n\n<p><\/p>\n","protected":false},"excerpt":{"rendered":"<p>\u2776 Kawasaki Robotics EMEA \u2779 Kawasaki Robotics Wielka Brytania \u277a Kawasaki Robotics Francja \u2776 Kawasaki Robotics Middle East O nas O Dziale Robot\u00f3w Roboty Kawasaki s\u0105 u\u017cywane w r\u00f3\u017cnych sektorach, w tym motoryzacyjnym, elektrycznym i elektronicznym. Lokalizacje Posiadamy sie\u0107 lokalizacji i wsparcia w UE i Afryce. Historia Poni\u017cej przedstawiamy nasz\u0105 ponad 50-letni\u0105 histori\u0119 w robotyce przemys\u0142owej. Kawasaki Heavy Industries Sp. Jeste\u015bmy wszechstronn\u0105 firm\u0105 in\u017cynieryjn\u0105 z ponad 100-letni\u0105 histori\u0105, oferuj\u0105c\u0105 technologie, kt\u00f3re obs\u0142uguj\u0105 szerokie obszary biznesowe obejmuj\u0105ce l\u0105d, morze i powietrze. Certyfikaty ISO Dowiedz si\u0119 o naszych certyfikatach ISO. Kariera Dowiedz si\u0119 o informacjach o zatrudnieniu.<\/p>\n","protected":false},"author":9,"featured_media":0,"parent":30,"menu_order":2,"comment_status":"closed","ping_status":"closed","template":"","meta":{"ep_exclude_from_search":false,"footnotes":""},"class_list":["post-34","page","type-page","status-publish","hentry"],"yoast_head":"<!-- This site is optimized with the Yoast SEO plugin v25.9 - https:\/\/yoast.com\/wordpress\/plugins\/seo\/ -->\n<title>Lokalizacje | Industrial Robots by Kawasaki Robotics<\/title>\n<meta name=\"description\" content=\"Discover Kawasaki Heavy Industries&#039; EMEA locations, connecting you to our world-class engineering services and innovative solutions.\" \/>\n<meta name=\"robots\" content=\"index, follow, max-snippet:-1, max-image-preview:large, max-video-preview:-1\" \/>\n<link rel=\"canonical\" href=\"https:\/\/kawasakirobotics.com\/pl\/company\/locations\/\" \/>\n<meta property=\"og:locale\" content=\"pl_PL\" \/>\n<meta property=\"og:type\" content=\"article\" \/>\n<meta property=\"og:title\" content=\"Lokalizacje | Industrial Robots by Kawasaki Robotics\" \/>\n<meta property=\"og:description\" content=\"Discover Kawasaki Heavy Industries&#039; EMEA locations, connecting you to our world-class engineering services and innovative solutions.\" \/>\n<meta property=\"og:url\" content=\"https:\/\/kawasakirobotics.com\/pl\/company\/locations\/\" \/>\n<meta property=\"og:site_name\" content=\"Kawasaki Robotics\" \/>\n<meta property=\"article:modified_time\" content=\"2026-04-07T00:19:47+00:00\" \/>\n<meta property=\"og:image\" content=\"https:\/\/kawasakirobotics.com\/content\/themes\/krobot-theme\/src\/images\/default\/ogp.jpg\" \/>\n\t<meta property=\"og:image:width\" content=\"1200\" \/>\n\t<meta property=\"og:image:height\" content=\"630\" \/>\n\t<meta property=\"og:image:type\" content=\"image\/jpeg\" \/>\n<meta name=\"twitter:card\" content=\"summary_large_image\" \/>\n<script type=\"application\/ld+json\" class=\"yoast-schema-graph\">{\"@context\":\"https:\/\/schema.org\",\"@graph\":[{\"@type\":\"WebPage\",\"@id\":\"https:\/\/kawasakirobotics.com\/pl\/company\/locations\/\",\"url\":\"https:\/\/kawasakirobotics.com\/pl\/company\/locations\/\",\"name\":\"Lokalizacje | Industrial Robots by Kawasaki Robotics\",\"isPartOf\":{\"@id\":\"https:\/\/kawasakirobotics.com\/pl\/#website\"},\"primaryImageOfPage\":{\"@id\":\"https:\/\/kawasakirobotics.com\/pl\/company\/locations\/#primaryimage\"},\"image\":{\"@id\":\"https:\/\/kawasakirobotics.com\/pl\/company\/locations\/#primaryimage\"},\"thumbnailUrl\":\"https:\/\/kawasakirobotics.com\/uploads\/sites\/5\/2022\/02\/company_1.jpg?fit=900%2C679\",\"datePublished\":\"2022-01-19T08:41:06+00:00\",\"dateModified\":\"2026-04-07T00:19:47+00:00\",\"description\":\"Discover Kawasaki Heavy Industries' EMEA locations, connecting you to our world-class engineering services and innovative solutions.\",\"breadcrumb\":{\"@id\":\"https:\/\/kawasakirobotics.com\/pl\/company\/locations\/#breadcrumb\"},\"inLanguage\":\"pl-PL\",\"potentialAction\":[{\"@type\":\"ReadAction\",\"target\":[\"https:\/\/kawasakirobotics.com\/pl\/company\/locations\/\"]}]},{\"@type\":\"ImageObject\",\"inLanguage\":\"pl-PL\",\"@id\":\"https:\/\/kawasakirobotics.com\/pl\/company\/locations\/#primaryimage\",\"url\":\"https:\/\/kawasakirobotics.com\/uploads\/sites\/5\/2022\/02\/company_1.jpg?fit=900%2C679\",\"contentUrl\":\"https:\/\/kawasakirobotics.com\/uploads\/sites\/5\/2022\/02\/company_1.jpg?fit=900%2C679\"},{\"@type\":\"BreadcrumbList\",\"@id\":\"https:\/\/kawasakirobotics.com\/pl\/company\/locations\/#breadcrumb\",\"itemListElement\":[{\"@type\":\"ListItem\",\"position\":1,\"name\":\"Strona g\u0142\u00f3wna\",\"item\":\"https:\/\/kawasakirobotics.com\/pl\/\"},{\"@type\":\"ListItem\",\"position\":2,\"name\":\"O nas\",\"item\":\"https:\/\/kawasakirobotics.com\/pl\/company\/\"},{\"@type\":\"ListItem\",\"position\":3,\"name\":\"Lokalizacje\"}]},{\"@type\":\"WebSite\",\"@id\":\"https:\/\/kawasakirobotics.com\/pl\/#website\",\"url\":\"https:\/\/kawasakirobotics.com\/pl\/\",\"name\":\"Kawasaki Robotics\",\"description\":\"\",\"publisher\":{\"@id\":\"https:\/\/kawasakirobotics.com\/pl\/#organization\"},\"potentialAction\":[{\"@type\":\"SearchAction\",\"target\":{\"@type\":\"EntryPoint\",\"urlTemplate\":\"https:\/\/kawasakirobotics.com\/pl\/?s={search_term_string}\"},\"query-input\":{\"@type\":\"PropertyValueSpecification\",\"valueRequired\":true,\"valueName\":\"search_term_string\"}}],\"inLanguage\":\"pl-PL\"},{\"@type\":\"Organization\",\"@id\":\"https:\/\/kawasakirobotics.com\/pl\/#organization\",\"name\":\"\u5ddd\u5d0e\u91cd\u5de5\u696d\u30ed\u30dc\u30c3\u30c8\u30c7\u30a3\u30d3\u30b8\u30e7\u30f3\",\"url\":\"https:\/\/kawasakirobotics.com\/pl\/\",\"logo\":{\"@type\":\"ImageObject\",\"inLanguage\":\"pl-PL\",\"@id\":\"https:\/\/kawasakirobotics.com\/pl\/#\/schema\/logo\/image\/\",\"url\":\"\",\"contentUrl\":\"\",\"caption\":\"\u5ddd\u5d0e\u91cd\u5de5\u696d\u30ed\u30dc\u30c3\u30c8\u30c7\u30a3\u30d3\u30b8\u30e7\u30f3\"},\"image\":{\"@id\":\"https:\/\/kawasakirobotics.com\/pl\/#\/schema\/logo\/image\/\"}}]}<\/script>\n<!-- \/ Yoast SEO plugin. -->","yoast_head_json":{"title":"Lokalizacje | Industrial Robots by Kawasaki Robotics","description":"Discover Kawasaki Heavy Industries' EMEA locations, connecting you to our world-class engineering services and innovative solutions.","robots":{"index":"index","follow":"follow","max-snippet":"max-snippet:-1","max-image-preview":"max-image-preview:large","max-video-preview":"max-video-preview:-1"},"canonical":"https:\/\/kawasakirobotics.com\/pl\/company\/locations\/","og_locale":"pl_PL","og_type":"article","og_title":"Lokalizacje | Industrial Robots by Kawasaki Robotics","og_description":"Discover Kawasaki Heavy Industries' EMEA locations, connecting you to our world-class engineering services and innovative solutions.","og_url":"https:\/\/kawasakirobotics.com\/pl\/company\/locations\/","og_site_name":"Kawasaki Robotics","article_modified_time":"2026-04-07T00:19:47+00:00","og_image":[{"url":"https:\/\/kawasakirobotics.com\/content\/themes\/krobot-theme\/src\/images\/default\/ogp.jpg","width":"1200","height":"630","type":"image\/jpeg"}],"twitter_card":"summary_large_image","schema":{"@context":"https:\/\/schema.org","@graph":[{"@type":"WebPage","@id":"https:\/\/kawasakirobotics.com\/pl\/company\/locations\/","url":"https:\/\/kawasakirobotics.com\/pl\/company\/locations\/","name":"Lokalizacje | Industrial Robots by Kawasaki Robotics","isPartOf":{"@id":"https:\/\/kawasakirobotics.com\/pl\/#website"},"primaryImageOfPage":{"@id":"https:\/\/kawasakirobotics.com\/pl\/company\/locations\/#primaryimage"},"image":{"@id":"https:\/\/kawasakirobotics.com\/pl\/company\/locations\/#primaryimage"},"thumbnailUrl":"https:\/\/kawasakirobotics.com\/uploads\/sites\/5\/2022\/02\/company_1.jpg?fit=900%2C679","datePublished":"2022-01-19T08:41:06+00:00","dateModified":"2026-04-07T00:19:47+00:00","description":"Discover Kawasaki Heavy Industries' EMEA locations, connecting you to our world-class engineering services and innovative solutions.","breadcrumb":{"@id":"https:\/\/kawasakirobotics.com\/pl\/company\/locations\/#breadcrumb"},"inLanguage":"pl-PL","potentialAction":[{"@type":"ReadAction","target":["https:\/\/kawasakirobotics.com\/pl\/company\/locations\/"]}]},{"@type":"ImageObject","inLanguage":"pl-PL","@id":"https:\/\/kawasakirobotics.com\/pl\/company\/locations\/#primaryimage","url":"https:\/\/kawasakirobotics.com\/uploads\/sites\/5\/2022\/02\/company_1.jpg?fit=900%2C679","contentUrl":"https:\/\/kawasakirobotics.com\/uploads\/sites\/5\/2022\/02\/company_1.jpg?fit=900%2C679"},{"@type":"BreadcrumbList","@id":"https:\/\/kawasakirobotics.com\/pl\/company\/locations\/#breadcrumb","itemListElement":[{"@type":"ListItem","position":1,"name":"Strona g\u0142\u00f3wna","item":"https:\/\/kawasakirobotics.com\/pl\/"},{"@type":"ListItem","position":2,"name":"O nas","item":"https:\/\/kawasakirobotics.com\/pl\/company\/"},{"@type":"ListItem","position":3,"name":"Lokalizacje"}]},{"@type":"WebSite","@id":"https:\/\/kawasakirobotics.com\/pl\/#website","url":"https:\/\/kawasakirobotics.com\/pl\/","name":"Kawasaki Robotics","description":"","publisher":{"@id":"https:\/\/kawasakirobotics.com\/pl\/#organization"},"potentialAction":[{"@type":"SearchAction","target":{"@type":"EntryPoint","urlTemplate":"https:\/\/kawasakirobotics.com\/pl\/?s={search_term_string}"},"query-input":{"@type":"PropertyValueSpecification","valueRequired":true,"valueName":"search_term_string"}}],"inLanguage":"pl-PL"},{"@type":"Organization","@id":"https:\/\/kawasakirobotics.com\/pl\/#organization","name":"\u5ddd\u5d0e\u91cd\u5de5\u696d\u30ed\u30dc\u30c3\u30c8\u30c7\u30a3\u30d3\u30b8\u30e7\u30f3","url":"https:\/\/kawasakirobotics.com\/pl\/","logo":{"@type":"ImageObject","inLanguage":"pl-PL","@id":"https:\/\/kawasakirobotics.com\/pl\/#\/schema\/logo\/image\/","url":"","contentUrl":"","caption":"\u5ddd\u5d0e\u91cd\u5de5\u696d\u30ed\u30dc\u30c3\u30c8\u30c7\u30a3\u30d3\u30b8\u30e7\u30f3"},"image":{"@id":"https:\/\/kawasakirobotics.com\/pl\/#\/schema\/logo\/image\/"}}]}},"_links":{"self":[{"href":"https:\/\/kawasakirobotics.com\/pl\/wp-json\/wp\/v2\/pages\/34","targetHints":{"allow":["GET"]}}],"collection":[{"href":"https:\/\/kawasakirobotics.com\/pl\/wp-json\/wp\/v2\/pages"}],"about":[{"href":"https:\/\/kawasakirobotics.com\/pl\/wp-json\/wp\/v2\/types\/page"}],"author":[{"embeddable":true,"href":"https:\/\/kawasakirobotics.com\/pl\/wp-json\/wp\/v2\/users\/9"}],"replies":[{"embeddable":true,"href":"https:\/\/kawasakirobotics.com\/pl\/wp-json\/wp\/v2\/comments?post=34"}],"version-history":[{"count":18,"href":"https:\/\/kawasakirobotics.com\/pl\/wp-json\/wp\/v2\/pages\/34\/revisions"}],"predecessor-version":[{"id":5970,"href":"https:\/\/kawasakirobotics.com\/pl\/wp-json\/wp\/v2\/pages\/34\/revisions\/5970"}],"up":[{"embeddable":true,"href":"https:\/\/kawasakirobotics.com\/pl\/wp-json\/wp\/v2\/pages\/30"}],"wp:attachment":[{"href":"https:\/\/kawasakirobotics.com\/pl\/wp-json\/wp\/v2\/media?parent=34"}],"curies":[{"name":"wp","href":"https:\/\/api.w.org\/{rel}","templated":true}]}}