{"id":3828,"date":"2022-02-21T05:36:07","date_gmt":"2022-02-21T05:36:07","guid":{"rendered":"urn:uuid:f97310e2-f8a8-46aa-9fe9-5af1a8170a40"},"modified":"2024-03-04T09:39:22","modified_gmt":"2024-03-04T08:39:22","slug":"customer-experience","status":"publish","type":"page","link":"https:\/\/kawasakirobotics.com\/pl\/customer-experience\/","title":{"rendered":"Do\u015bwiadczenie klienta"},"content":{"rendered":"\n<p>Wierzymy, \u017ce sukces automatyzacji to znacznie wi\u0119cej ni\u017c zwyk\u0142a inwestycja; to partnerstwo przez ca\u0142y okres eksploatacji system\u00f3w robot\u00f3w. Dzi\u0119ki naszym us\u0142ugom, szkoleniom i ekskluzywnym zasobom zapewniamy naszym partnerom i klientom wsparcie, kt\u00f3rego potrzebuj\u0105, aby osi\u0105gn\u0105\u0107 swoje cele. Dzi\u0119ki globalnej sieci punkt\u00f3w serwisowych zesp\u00f3\u0142 Kawasaki Robotics mo\u017ce pom\u00f3c klientom zawsze, gdy jest to potrzebne. Zale\u017cy nam na tym, aby towarzyszy\u0107 naszym klientom przez ca\u0142\u0105 ich podr\u00f3\u017c do automatyzacji.<\/p>\n\n\n\n<div class=\"wp-block-columns krobot-pattern-3cols krobot-pattern-plaincards is-layout-flex wp-container-core-columns-is-layout-28f84493 wp-block-columns-is-layout-flex\">\n<div class=\"wp-block-column krobot-pattern-3cols__item is-layout-flow wp-block-column-is-layout-flow\">\n<figure class=\"wp-block-image size-full krobot-pattern-plaincards__figure\"><img decoding=\"async\" src=\"https:\/\/kawasakirobotics.com\/tachyon\/2022\/03\/customer-service_005_800x450.jpg\" alt=\"\" class=\"wp-image-5450\" \/><\/figure>\n\n\n\n<h3 class=\"wp-block-heading has-text-align-center krobot-pattern-plaincards__title\">SERWIS I WSPARCIE<\/h3>\n\n\n\n<p class=\"krobot-pattern-plaincards__description\">Nasz oddany zesp\u00f3\u0142 serwisowy zawsze odbiera telefon, gdy dzwonisz.<\/p>\n\n\n\n<div class=\"wp-block-buttons krobot-pattern-plaincards__more is-horizontal is-content-justification-center is-layout-flex wp-container-core-buttons-is-layout-03627597 wp-block-buttons-is-layout-flex\">\n<div class=\"wp-block-button is-style-outline is-style-outline--1\"><a class=\"wp-block-button__link wp-element-button\" href=\"https:\/\/kawasakirobotics.com\/pl\/customer-experience\/service-support\/\">DOWIEDZ SI\u0118 WI\u0118CEJ<\/a><\/div>\n<\/div>\n<\/div>\n\n\n\n<div class=\"wp-block-column krobot-pattern-3cols__item is-layout-flow wp-block-column-is-layout-flow\">\n<figure class=\"wp-block-image size-large krobot-pattern-plaincards__figure\"><img decoding=\"async\" src=\"https:\/\/kawasakirobotics.com\/tachyon\/2022\/03\/training_002_800x450.jpg\" alt=\"\" class=\"wp-image-5459\" \/><\/figure>\n\n\n\n<h3 class=\"wp-block-heading has-text-align-center krobot-pattern-plaincards__title\">SZKOLENIE<\/h3>\n\n\n\n<p class=\"krobot-pattern-plaincards__description\">Praktyczne szkolenie prowadzone przez nasz wykwalifikowany i do\u015bwiadczony zesp\u00f3\u0142.<\/p>\n\n\n\n<div class=\"wp-block-buttons krobot-pattern-plaincards__more is-horizontal is-content-justification-center is-layout-flex wp-container-core-buttons-is-layout-03627597 wp-block-buttons-is-layout-flex\">\n<div class=\"wp-block-button is-style-outline is-style-outline--2\"><a class=\"wp-block-button__link wp-element-button\" href=\"https:\/\/kawasakirobotics.com\/pl\/customer-experience\/training\/\">DOWIEDZ SI\u0118 WI\u0118CEJ<\/a><\/div>\n<\/div>\n<\/div>\n\n\n\n<div class=\"wp-block-column krobot-pattern-3cols__item is-layout-flow wp-block-column-is-layout-flow\">\n<figure class=\"wp-block-image size-large krobot-pattern-plaincards__figure\"><img decoding=\"async\" src=\"https:\/\/kawasakirobotics.com\/tachyon\/2022\/03\/accessibility_005_960x540.jpg?fit=900%2C540\" alt=\"\" class=\"wp-image-5477\" \/><\/figure>\n\n\n\n<h3 class=\"wp-block-heading has-text-align-center krobot-pattern-plaincards__title\">EKSKLUZYWNE ZASOBY<\/h3>\n\n\n\n<p class=\"krobot-pattern-plaincards__description\">Giving partners and customers access to the robot information they need.<\/p>\n\n\n\n<div class=\"wp-block-buttons krobot-pattern-plaincards__more is-horizontal is-content-justification-center is-layout-flex wp-container-core-buttons-is-layout-03627597 wp-block-buttons-is-layout-flex\">\n<div class=\"wp-block-button is-style-outline is-style-outline--3\"><a class=\"wp-block-button__link wp-element-button\" href=\"https:\/\/kawasakirobotics.com\/pl\/customer-experience\/exculsive-resources\/\">DOWIEDZ SI\u0118 WI\u0118CEJ<\/a><\/div>\n<\/div>\n<\/div>\n<\/div>\n","protected":false},"excerpt":{"rendered":"<p>Wierzymy, \u017ce sukces automatyzacji to znacznie wi\u0119cej ni\u017c zwyk\u0142a inwestycja; to partnerstwo przez ca\u0142y okres eksploatacji system\u00f3w robot\u00f3w. Dzi\u0119ki naszym us\u0142ugom, szkoleniom i ekskluzywnym zasobom zapewniamy naszym partnerom i klientom wsparcie, kt\u00f3rego potrzebuj\u0105, aby osi\u0105gn\u0105\u0107 swoje cele. Dzi\u0119ki globalnej sieci punkt\u00f3w serwisowych zesp\u00f3\u0142 Kawasaki Robotics mo\u017ce pom\u00f3c klientom zawsze, gdy jest to potrzebne. Zale\u017cy nam na tym, aby towarzyszy\u0107 naszym klientom przez ca\u0142\u0105 ich podr\u00f3\u017c do automatyzacji. SERWIS I WSPARCIE Nasz oddany zesp\u00f3\u0142 serwisowy zawsze odbiera telefon, gdy dzwonisz. SZKOLENIE Praktyczne szkolenie prowadzone przez nasz wykwalifikowany i do\u015bwiadczony zesp\u00f3\u0142. EKSKLUZYWNE ZASOBY Giving partners and customers access to the robot information they need.<\/p>\n","protected":false},"author":9,"featured_media":931,"parent":0,"menu_order":7,"comment_status":"closed","ping_status":"closed","template":"","meta":{"ep_exclude_from_search":false,"footnotes":""},"class_list":["post-3828","page","type-page","status-publish","has-post-thumbnail","hentry"],"yoast_head":"<!-- This site is optimized with the Yoast SEO plugin v25.9 - https:\/\/yoast.com\/wordpress\/plugins\/seo\/ -->\n<title>Do\u015bwiadczenie klienta | Industrial Robots by Kawasaki Robotics<\/title>\n<meta name=\"description\" content=\"Automating a process is more than simply buying a robot. Learn about our customer service and training teams, as well as customer resources.\" \/>\n<meta name=\"robots\" content=\"index, follow, max-snippet:-1, max-image-preview:large, max-video-preview:-1\" \/>\n<link rel=\"canonical\" href=\"https:\/\/kawasakirobotics.com\/pl\/customer-experience\/\" \/>\n<meta property=\"og:locale\" content=\"pl_PL\" \/>\n<meta property=\"og:type\" content=\"article\" \/>\n<meta property=\"og:title\" content=\"Do\u015bwiadczenie klienta | Industrial Robots by Kawasaki Robotics\" \/>\n<meta property=\"og:description\" content=\"Automating a process is more than simply buying a robot. Learn about our customer service and training teams, as well as customer resources.\" \/>\n<meta property=\"og:url\" content=\"https:\/\/kawasakirobotics.com\/pl\/customer-experience\/\" \/>\n<meta property=\"og:site_name\" content=\"Kawasaki Robotics\" \/>\n<meta property=\"article:modified_time\" content=\"2024-03-04T08:39:22+00:00\" \/>\n<meta property=\"og:image\" content=\"https:\/\/kawasakirobotics.com\/content\/themes\/krobot-theme\/src\/images\/default\/ogp.jpg\" \/>\n\t<meta property=\"og:image:width\" content=\"1200\" \/>\n\t<meta property=\"og:image:height\" content=\"630\" \/>\n\t<meta property=\"og:image:type\" content=\"image\/jpeg\" \/>\n<meta name=\"twitter:card\" content=\"summary_large_image\" \/>\n<script type=\"application\/ld+json\" class=\"yoast-schema-graph\">{\"@context\":\"https:\/\/schema.org\",\"@graph\":[{\"@type\":\"WebPage\",\"@id\":\"https:\/\/kawasakirobotics.com\/pl\/customer-experience\/\",\"url\":\"https:\/\/kawasakirobotics.com\/pl\/customer-experience\/\",\"name\":\"Do\u015bwiadczenie klienta | Industrial Robots by Kawasaki Robotics\",\"isPartOf\":{\"@id\":\"https:\/\/kawasakirobotics.com\/pl\/#website\"},\"primaryImageOfPage\":{\"@id\":\"https:\/\/kawasakirobotics.com\/pl\/customer-experience\/#primaryimage\"},\"image\":{\"@id\":\"https:\/\/kawasakirobotics.com\/pl\/customer-experience\/#primaryimage\"},\"thumbnailUrl\":\"https:\/\/kawasakirobotics.com\/tachyon\/sites\/2\/2022\/01\/title-background-A1760261.jpg?fit=2160%2C360\",\"datePublished\":\"2022-02-21T05:36:07+00:00\",\"dateModified\":\"2024-03-04T08:39:22+00:00\",\"description\":\"Automating a process is more than simply buying a robot. Learn about our customer service and training teams, as well as customer resources.\",\"breadcrumb\":{\"@id\":\"https:\/\/kawasakirobotics.com\/pl\/customer-experience\/#breadcrumb\"},\"inLanguage\":\"pl-PL\",\"potentialAction\":[{\"@type\":\"ReadAction\",\"target\":[\"https:\/\/kawasakirobotics.com\/pl\/customer-experience\/\"]}]},{\"@type\":\"ImageObject\",\"inLanguage\":\"pl-PL\",\"@id\":\"https:\/\/kawasakirobotics.com\/pl\/customer-experience\/#primaryimage\",\"url\":\"https:\/\/kawasakirobotics.com\/tachyon\/sites\/2\/2022\/01\/title-background-A1760261.jpg?fit=2160%2C360\",\"contentUrl\":\"https:\/\/kawasakirobotics.com\/tachyon\/sites\/2\/2022\/01\/title-background-A1760261.jpg?fit=2160%2C360\",\"width\":2160,\"height\":360,\"caption\":\"Partners01\"},{\"@type\":\"BreadcrumbList\",\"@id\":\"https:\/\/kawasakirobotics.com\/pl\/customer-experience\/#breadcrumb\",\"itemListElement\":[{\"@type\":\"ListItem\",\"position\":1,\"name\":\"Strona g\u0142\u00f3wna\",\"item\":\"https:\/\/kawasakirobotics.com\/pl\/\"},{\"@type\":\"ListItem\",\"position\":2,\"name\":\"Do\u015bwiadczenie klienta\"}]},{\"@type\":\"WebSite\",\"@id\":\"https:\/\/kawasakirobotics.com\/pl\/#website\",\"url\":\"https:\/\/kawasakirobotics.com\/pl\/\",\"name\":\"Kawasaki Robotics\",\"description\":\"\",\"publisher\":{\"@id\":\"https:\/\/kawasakirobotics.com\/pl\/#organization\"},\"potentialAction\":[{\"@type\":\"SearchAction\",\"target\":{\"@type\":\"EntryPoint\",\"urlTemplate\":\"https:\/\/kawasakirobotics.com\/pl\/?s={search_term_string}\"},\"query-input\":{\"@type\":\"PropertyValueSpecification\",\"valueRequired\":true,\"valueName\":\"search_term_string\"}}],\"inLanguage\":\"pl-PL\"},{\"@type\":\"Organization\",\"@id\":\"https:\/\/kawasakirobotics.com\/pl\/#organization\",\"name\":\"\u5ddd\u5d0e\u91cd\u5de5\u696d\u30ed\u30dc\u30c3\u30c8\u30c7\u30a3\u30d3\u30b8\u30e7\u30f3\",\"url\":\"https:\/\/kawasakirobotics.com\/pl\/\",\"logo\":{\"@type\":\"ImageObject\",\"inLanguage\":\"pl-PL\",\"@id\":\"https:\/\/kawasakirobotics.com\/pl\/#\/schema\/logo\/image\/\",\"url\":\"\",\"contentUrl\":\"\",\"caption\":\"\u5ddd\u5d0e\u91cd\u5de5\u696d\u30ed\u30dc\u30c3\u30c8\u30c7\u30a3\u30d3\u30b8\u30e7\u30f3\"},\"image\":{\"@id\":\"https:\/\/kawasakirobotics.com\/pl\/#\/schema\/logo\/image\/\"}}]}<\/script>\n<!-- \/ Yoast SEO plugin. -->","yoast_head_json":{"title":"Do\u015bwiadczenie klienta | Industrial Robots by Kawasaki Robotics","description":"Automating a process is more than simply buying a robot. Learn about our customer service and training teams, as well as customer resources.","robots":{"index":"index","follow":"follow","max-snippet":"max-snippet:-1","max-image-preview":"max-image-preview:large","max-video-preview":"max-video-preview:-1"},"canonical":"https:\/\/kawasakirobotics.com\/pl\/customer-experience\/","og_locale":"pl_PL","og_type":"article","og_title":"Do\u015bwiadczenie klienta | Industrial Robots by Kawasaki Robotics","og_description":"Automating a process is more than simply buying a robot. Learn about our customer service and training teams, as well as customer resources.","og_url":"https:\/\/kawasakirobotics.com\/pl\/customer-experience\/","og_site_name":"Kawasaki Robotics","article_modified_time":"2024-03-04T08:39:22+00:00","og_image":[{"url":"https:\/\/kawasakirobotics.com\/content\/themes\/krobot-theme\/src\/images\/default\/ogp.jpg","width":"1200","height":"630","type":"image\/jpeg"}],"twitter_card":"summary_large_image","schema":{"@context":"https:\/\/schema.org","@graph":[{"@type":"WebPage","@id":"https:\/\/kawasakirobotics.com\/pl\/customer-experience\/","url":"https:\/\/kawasakirobotics.com\/pl\/customer-experience\/","name":"Do\u015bwiadczenie klienta | Industrial Robots by Kawasaki Robotics","isPartOf":{"@id":"https:\/\/kawasakirobotics.com\/pl\/#website"},"primaryImageOfPage":{"@id":"https:\/\/kawasakirobotics.com\/pl\/customer-experience\/#primaryimage"},"image":{"@id":"https:\/\/kawasakirobotics.com\/pl\/customer-experience\/#primaryimage"},"thumbnailUrl":"https:\/\/kawasakirobotics.com\/tachyon\/sites\/2\/2022\/01\/title-background-A1760261.jpg?fit=2160%2C360","datePublished":"2022-02-21T05:36:07+00:00","dateModified":"2024-03-04T08:39:22+00:00","description":"Automating a process is more than simply buying a robot. Learn about our customer service and training teams, as well as customer resources.","breadcrumb":{"@id":"https:\/\/kawasakirobotics.com\/pl\/customer-experience\/#breadcrumb"},"inLanguage":"pl-PL","potentialAction":[{"@type":"ReadAction","target":["https:\/\/kawasakirobotics.com\/pl\/customer-experience\/"]}]},{"@type":"ImageObject","inLanguage":"pl-PL","@id":"https:\/\/kawasakirobotics.com\/pl\/customer-experience\/#primaryimage","url":"https:\/\/kawasakirobotics.com\/tachyon\/sites\/2\/2022\/01\/title-background-A1760261.jpg?fit=2160%2C360","contentUrl":"https:\/\/kawasakirobotics.com\/tachyon\/sites\/2\/2022\/01\/title-background-A1760261.jpg?fit=2160%2C360","width":2160,"height":360,"caption":"Partners01"},{"@type":"BreadcrumbList","@id":"https:\/\/kawasakirobotics.com\/pl\/customer-experience\/#breadcrumb","itemListElement":[{"@type":"ListItem","position":1,"name":"Strona g\u0142\u00f3wna","item":"https:\/\/kawasakirobotics.com\/pl\/"},{"@type":"ListItem","position":2,"name":"Do\u015bwiadczenie klienta"}]},{"@type":"WebSite","@id":"https:\/\/kawasakirobotics.com\/pl\/#website","url":"https:\/\/kawasakirobotics.com\/pl\/","name":"Kawasaki Robotics","description":"","publisher":{"@id":"https:\/\/kawasakirobotics.com\/pl\/#organization"},"potentialAction":[{"@type":"SearchAction","target":{"@type":"EntryPoint","urlTemplate":"https:\/\/kawasakirobotics.com\/pl\/?s={search_term_string}"},"query-input":{"@type":"PropertyValueSpecification","valueRequired":true,"valueName":"search_term_string"}}],"inLanguage":"pl-PL"},{"@type":"Organization","@id":"https:\/\/kawasakirobotics.com\/pl\/#organization","name":"\u5ddd\u5d0e\u91cd\u5de5\u696d\u30ed\u30dc\u30c3\u30c8\u30c7\u30a3\u30d3\u30b8\u30e7\u30f3","url":"https:\/\/kawasakirobotics.com\/pl\/","logo":{"@type":"ImageObject","inLanguage":"pl-PL","@id":"https:\/\/kawasakirobotics.com\/pl\/#\/schema\/logo\/image\/","url":"","contentUrl":"","caption":"\u5ddd\u5d0e\u91cd\u5de5\u696d\u30ed\u30dc\u30c3\u30c8\u30c7\u30a3\u30d3\u30b8\u30e7\u30f3"},"image":{"@id":"https:\/\/kawasakirobotics.com\/pl\/#\/schema\/logo\/image\/"}}]}},"_links":{"self":[{"href":"https:\/\/kawasakirobotics.com\/pl\/wp-json\/wp\/v2\/pages\/3828","targetHints":{"allow":["GET"]}}],"collection":[{"href":"https:\/\/kawasakirobotics.com\/pl\/wp-json\/wp\/v2\/pages"}],"about":[{"href":"https:\/\/kawasakirobotics.com\/pl\/wp-json\/wp\/v2\/types\/page"}],"author":[{"embeddable":true,"href":"https:\/\/kawasakirobotics.com\/pl\/wp-json\/wp\/v2\/users\/9"}],"replies":[{"embeddable":true,"href":"https:\/\/kawasakirobotics.com\/pl\/wp-json\/wp\/v2\/comments?post=3828"}],"version-history":[{"count":13,"href":"https:\/\/kawasakirobotics.com\/pl\/wp-json\/wp\/v2\/pages\/3828\/revisions"}],"predecessor-version":[{"id":5735,"href":"https:\/\/kawasakirobotics.com\/pl\/wp-json\/wp\/v2\/pages\/3828\/revisions\/5735"}],"wp:featuredmedia":[{"embeddable":true,"href":"https:\/\/kawasakirobotics.com\/pl\/wp-json\/wp\/v2\/media\/931"}],"wp:attachment":[{"href":"https:\/\/kawasakirobotics.com\/pl\/wp-json\/wp\/v2\/media?parent=3828"}],"curies":[{"name":"wp","href":"https:\/\/api.w.org\/{rel}","templated":true}]}}