{"id":3868,"date":"2022-02-21T17:45:24","date_gmt":"2022-02-21T17:45:24","guid":{"rendered":"urn:uuid:ea5874b3-84a7-46f3-b0c8-88fc8d7b939e"},"modified":"2025-05-14T10:21:32","modified_gmt":"2025-05-14T08:21:32","slug":"why-kawasaki-robotics","status":"publish","type":"page","link":"https:\/\/kawasakirobotics.com\/pl\/why-kawasaki-robotics\/","title":{"rendered":"DLACZEGO KAWASAKI ROBOTICS"},"content":{"rendered":"\n<p>Dzi\u0119ki podej\u015bciu opartemu na us\u0142ugach, elastycznemu i otwartemu j\u0119zykowi programowania oraz postawie nastawionej na producenta, jeste\u015bmy innym typem firmy robot\u00f3w.<\/p>\n\n\n\n<h2 class=\"wp-block-heading\">Nasza DOST\u0118PNO\u015a\u0106.<\/h2>\n\n\n\n<figure class=\"wp-block-image size-large\"><img loading=\"lazy\" decoding=\"async\" width=\"900\" height=\"506\" src=\"https:\/\/kawasakirobotics.com\/tachyon\/sites\/5\/2022\/03\/accessibility_004_960x540.webp\" alt=\"DLACZEGO KAWASAKI ROBOTICS wizerunek klienta\" class=\"wp-image-4866\" srcset=\"https:\/\/kawasakirobotics.com\/tachyon\/sites\/34\/2022\/03\/accessibility_004_960x540.webp?resize=900%2C506&amp;crop_strategy=smart&amp;zoom=1 900w, https:\/\/kawasakirobotics.com\/tachyon\/sites\/34\/2022\/03\/accessibility_004_960x540.webp?resize=900%2C506&amp;crop_strategy=smart&amp;zoom=0.5 450w, https:\/\/kawasakirobotics.com\/tachyon\/sites\/34\/2022\/03\/accessibility_004_960x540.webp?resize=900%2C506&amp;crop_strategy=smart&amp;zoom=0.25 225w\" sizes=\"auto, (max-width: 900px) 100vw, 900px\" \/><\/figure>\n\n\n\n<p>Przejrzysto\u015b\u0107 jest dla nas wa\u017cna na wszystkich poziomach naszej organizacji. Pracuj\u0105c z Kawasaki Robotics, nie znajdziesz ukrytych koszt\u00f3w oprogramowania, podr\u0119cznik\u00f3w, szkole\u0144, zdalnych po\u0142\u0105cze\u0144 serwisowych itp. Nasza platforma programistyczna typu open source oferuje kilka rodzaj\u00f3w j\u0119zyk\u00f3w programowania dla wszystkich poziom\u00f3w umiej\u0119tno\u015bci. Daje u\u017cytkownikom mo\u017cliwo\u015b\u0107 skalowania od podstawowych operacji do integracji AI. To w po\u0142\u0105czeniu z naszymi ekskluzywnymi zasobami i narz\u0119dziami online umo\u017cliwia naszym klientom i partnerom zaj\u0119cie miejsca za kierownic\u0105. Zobowi\u0105zujemy si\u0119 by\u0107 Twoim dost\u0119pnym partnerem w zakresie automatyzacji.<\/p>\n\n\n\n<div class=\"wp-block-buttons is-horizontal is-content-justification-center is-layout-flex wp-container-core-buttons-is-layout-03627597 wp-block-buttons-is-layout-flex\">\n<div class=\"wp-block-button\"><a class=\"wp-block-button__link wp-element-button\" href=\"https:\/\/kawasakirobotics.com\/pl\/customer-experience\/exculsive-resources\/\">DOWIEDZ SI\u0118 WI\u0118CEJ<\/a><\/div>\n<\/div>\n\n\n\n<h2 class=\"wp-block-heading\">Nasza JAKO\u015a\u0106.<\/h2>\n\n\n\n<figure class=\"wp-block-image size-large\"><img loading=\"lazy\" decoding=\"async\" width=\"899\" height=\"506\" src=\"https:\/\/kawasakirobotics.com\/tachyon\/sites\/5\/2022\/03\/quality_001_960x540_blurredjpg-01.webp\" alt=\"DLACZEGO KAWASAKI ROBOTICS seria BX seria BXP\" class=\"wp-image-4867\" srcset=\"https:\/\/kawasakirobotics.com\/tachyon\/sites\/34\/2022\/03\/quality_001_960x540_blurredjpg-01.webp?resize=899%2C506&amp;crop_strategy=smart&amp;zoom=1 899w, https:\/\/kawasakirobotics.com\/tachyon\/sites\/34\/2022\/03\/quality_001_960x540_blurredjpg-01.webp?resize=899%2C506&amp;crop_strategy=smart&amp;zoom=0.5 450w, https:\/\/kawasakirobotics.com\/tachyon\/sites\/34\/2022\/03\/quality_001_960x540_blurredjpg-01.webp?resize=899%2C506&amp;crop_strategy=smart&amp;zoom=0.25 225w\" sizes=\"auto, (max-width: 899px) 100vw, 899px\" \/><\/figure>\n\n\n\n<p>Nazwa Kawasaki jest synonimem precyzji i niezawodno\u015bci, poniewa\u017c jest w naszym DNA. Od pocz\u0105tku istnienia Kawaski, jako\u015b\u0107 by\u0142a w centrum ka\u017cdego zbudowanego produktu, od motocykli po samoloty. B\u0119d\u0105c pionierem, Kawasaki Robotics zbudowa\u0142o swoje pierwsze rami\u0119 robota w 1969 roku. Od tego czasu nieprzerwanie rozwijamy najnowocze\u015bniejsz\u0105 robotyk\u0119, w tym ramiona robot\u00f3w z opatentowanym wewn\u0119trznym projektem ubioru. To zmienia zasady gry, poniewa\u017c sprawia, \u017ce nasze roboty s\u0105 \u0142atwe w instalacji, konserwacji i minimalizuj\u0105 zu\u017cycie w miar\u0119 up\u0142ywu czasu. Dzi\u0119ki ud\u017awigowi robota od 3 kg do 1500 kg bez w\u0105tpienia do\u015bwiadczysz naszego zaanga\u017cowania w jako\u015b\u0107.<\/p>\n\n\n\n<div class=\"wp-block-buttons is-horizontal is-content-justification-center is-layout-flex wp-container-core-buttons-is-layout-03627597 wp-block-buttons-is-layout-flex\">\n<div class=\"wp-block-button\"><a class=\"wp-block-button__link wp-element-button\" href=\"https:\/\/kawasakirobotics.com\/pl\/products\/\">DOWIEDZ SI\u0118 WI\u0118CEJ<\/a><\/div>\n<\/div>\n\n\n\n<h2 class=\"wp-block-heading\">Nasza POMYS\u0141OWO\u015a\u0106.<\/h2>\n\n\n\n<figure class=\"wp-block-image size-large\"><img loading=\"lazy\" decoding=\"async\" width=\"900\" height=\"506\" src=\"https:\/\/kawasakirobotics.com\/tachyon\/sites\/5\/2022\/03\/ingenuity_03_960x540.webp\" alt=\"DLACZEGO KAWASAKI ROBOTICS Klienci\" class=\"wp-image-4868\" srcset=\"https:\/\/kawasakirobotics.com\/tachyon\/sites\/34\/2022\/03\/ingenuity_03_960x540.webp?resize=900%2C506&amp;crop_strategy=smart&amp;zoom=1 900w, https:\/\/kawasakirobotics.com\/tachyon\/sites\/34\/2022\/03\/ingenuity_03_960x540.webp?resize=900%2C506&amp;crop_strategy=smart&amp;zoom=0.5 450w, https:\/\/kawasakirobotics.com\/tachyon\/sites\/34\/2022\/03\/ingenuity_03_960x540.webp?resize=900%2C506&amp;crop_strategy=smart&amp;zoom=0.25 225w\" sizes=\"auto, (max-width: 900px) 100vw, 900px\" \/><\/figure>\n\n\n\n<p>Automatyzacja procesu to o wiele wi\u0119cej ni\u017c zwyk\u0142y zakup robota, dlatego chcemy by\u0107 Twoim partnerem w tym procesie. Nie tylko zachowujemy si\u0119 tak, jakby\u015bmy si\u0119 troszczyli; naprawd\u0119 nam zale\u017cy. Odbieramy telefon, gdy dzwonisz i traktujemy Ci\u0119 tak samo, niezale\u017cnie od tego, czy jeste\u015b du\u017cym przedsi\u0119biorstwem, czy ma\u0142\u0105 lub \u015bredni\u0105 firm\u0105. M\u00f3wimy otwarcie i nigdy nie wprowadzamy w b\u0142\u0105d, zawsze traktuj\u0105c naszych klient\u00f3w i partner\u00f3w tak, jak chcieliby\u015bmy by\u0107 traktowani. To jest nasze zobowi\u0105zanie do wykorzystania ludzkiej pomys\u0142owo\u015bci do opracowania robot\u00f3w r\u00f3\u017cnicuj\u0105cych.<\/p>\n\n\n\n<div class=\"wp-block-buttons is-horizontal is-content-justification-center is-layout-flex wp-container-core-buttons-is-layout-03627597 wp-block-buttons-is-layout-flex\">\n<div class=\"wp-block-button\"><a class=\"wp-block-button__link wp-element-button\" href=\"https:\/\/kawasakirobotics.com\/pl\/company\/\">DOWIEDZ SI\u0118 WI\u0118CEJ<\/a><\/div>\n<\/div>\n\n\n\n<h2 class=\"wp-block-heading\">\u200bDO\u015aWIADCZENIE KLIENTA.<\/h2>\n\n\n\n<figure class=\"wp-block-image size-large\"><img loading=\"lazy\" decoding=\"async\" width=\"900\" height=\"506\" src=\"https:\/\/kawasakirobotics.com\/tachyon\/sites\/5\/2022\/03\/cust-experience_01_960x540.webp\" alt=\"DLACZEGO KAWASAKI ROBOTICS02\" class=\"wp-image-4869\" srcset=\"https:\/\/kawasakirobotics.com\/tachyon\/sites\/34\/2022\/03\/cust-experience_01_960x540.webp?resize=900%2C506&amp;crop_strategy=smart&amp;zoom=1 900w, https:\/\/kawasakirobotics.com\/tachyon\/sites\/34\/2022\/03\/cust-experience_01_960x540.webp?resize=900%2C506&amp;crop_strategy=smart&amp;zoom=0.5 450w, https:\/\/kawasakirobotics.com\/tachyon\/sites\/34\/2022\/03\/cust-experience_01_960x540.webp?resize=900%2C506&amp;crop_strategy=smart&amp;zoom=0.25 225w\" sizes=\"auto, (max-width: 900px) 100vw, 900px\" \/><\/figure>\n\n\n\n<p>Naprawd\u0119 cenimy do\u015bwiadczenie naszych klient\u00f3w, dlatego zesp\u00f3\u0142 Kawasaki Robotics jest zawsze dost\u0119pny. Nasze zespo\u0142y serwisowe i wsparcia s\u0105 globalne, a ich g\u0142\u00f3wnym celem jest znalezienie dla Ciebie odpowiedniego rozwi\u0105zania. B\u0119dziemy z Tob\u0105 wsp\u00f3\u0142pracowa\u0107, aby zdalnie rozwi\u0105zywa\u0107 problemy \u2013 us\u0142uga bezp\u0142atna dla wszystkich klient\u00f3w i partner\u00f3w. Zale\u017cy nam na tym, aby historia sukcesu automatyzacji by\u0142a dla Ciebie.&nbsp;<\/p>\n\n\n\n<div class=\"wp-block-buttons is-horizontal is-content-justification-center is-layout-flex wp-container-core-buttons-is-layout-03627597 wp-block-buttons-is-layout-flex\">\n<div class=\"wp-block-button\"><a class=\"wp-block-button__link wp-element-button\" href=\"https:\/\/kawasakirobotics.com\/pl\/customer-experience\/\">DOWIEDZ SI\u0118 WI\u0118CEJ<\/a><\/div>\n<\/div>\n\n\n\n<div class=\"wp-block-group alignfull site-cta is-layout-flow wp-block-group-is-layout-flow\">\n<div class=\"wp-block-group site-cta__inside is-layout-flow wp-block-group-is-layout-flow\">\n<p class=\"site-cta__text\"><strong><a rel=\"noreferrer noopener\" href=\"https:\/\/kawasaki-corporate.spiral-site.com\/ind_robot_en?_ifbs-ind_robot_en=s1_Step1\" target=\"_blank\">Gotowy na kolejny krok w kierunku automatyzacji?<\/a><\/strong><\/p>\n<\/div>\n<\/div>\n","protected":false},"excerpt":{"rendered":"<p>Dzi\u0119ki podej\u015bciu opartemu na us\u0142ugach, elastycznemu i otwartemu j\u0119zykowi programowania oraz postawie nastawionej na producenta, jeste\u015bmy innym typem firmy robot\u00f3w. Nasza DOST\u0118PNO\u015a\u0106. Przejrzysto\u015b\u0107 jest dla nas wa\u017cna na wszystkich poziomach naszej organizacji. Pracuj\u0105c z Kawasaki Robotics, nie znajdziesz ukrytych koszt\u00f3w oprogramowania, podr\u0119cznik\u00f3w, szkole\u0144, zdalnych po\u0142\u0105cze\u0144 serwisowych itp. Nasza platforma programistyczna typu open source oferuje kilka rodzaj\u00f3w j\u0119zyk\u00f3w programowania dla wszystkich poziom\u00f3w umiej\u0119tno\u015bci. Daje u\u017cytkownikom mo\u017cliwo\u015b\u0107 skalowania od podstawowych operacji do integracji AI. To w po\u0142\u0105czeniu z naszymi ekskluzywnymi zasobami i narz\u0119dziami online umo\u017cliwia naszym klientom i partnerom zaj\u0119cie miejsca za kierownic\u0105. Zobowi\u0105zujemy si\u0119 by\u0107 Twoim dost\u0119pnym partnerem w zakresie automatyzacji. Nasza JAKO\u015a\u0106. Nazwa Kawasaki jest synonimem precyzji i niezawodno\u015bci, poniewa\u017c [&hellip;]<\/p>\n","protected":false},"author":9,"featured_media":0,"parent":0,"menu_order":3,"comment_status":"closed","ping_status":"closed","template":"","meta":{"ep_exclude_from_search":false,"footnotes":""},"class_list":["post-3868","page","type-page","status-publish","hentry"],"yoast_head":"<!-- This site is optimized with the Yoast SEO plugin v25.9 - https:\/\/yoast.com\/wordpress\/plugins\/seo\/ -->\n<title>DLACZEGO KAWASAKI ROBOTICS | Industrial Robots by Kawasaki Robotics<\/title>\n<meta name=\"description\" content=\"With a service-based approach, an open programming language and a manufacturer-first mindset, we are a different type of robot company.\" \/>\n<meta name=\"robots\" content=\"index, follow, max-snippet:-1, max-image-preview:large, max-video-preview:-1\" \/>\n<link rel=\"canonical\" href=\"https:\/\/kawasakirobotics.com\/pl\/why-kawasaki-robotics\/\" \/>\n<meta property=\"og:locale\" content=\"pl_PL\" \/>\n<meta property=\"og:type\" content=\"article\" \/>\n<meta property=\"og:title\" content=\"DLACZEGO KAWASAKI ROBOTICS | Industrial Robots by Kawasaki Robotics\" \/>\n<meta property=\"og:description\" content=\"With a service-based approach, an open programming language and a manufacturer-first mindset, we are a different type of robot company.\" \/>\n<meta property=\"og:url\" content=\"https:\/\/kawasakirobotics.com\/pl\/why-kawasaki-robotics\/\" \/>\n<meta property=\"og:site_name\" content=\"Kawasaki Robotics\" \/>\n<meta property=\"article:modified_time\" content=\"2025-05-14T08:21:32+00:00\" \/>\n<meta property=\"og:image\" content=\"https:\/\/kawasakirobotics.com\/content\/themes\/krobot-theme\/src\/images\/default\/ogp.jpg\" \/>\n\t<meta property=\"og:image:width\" content=\"1200\" \/>\n\t<meta property=\"og:image:height\" content=\"630\" \/>\n\t<meta property=\"og:image:type\" content=\"image\/jpeg\" \/>\n<meta name=\"twitter:card\" content=\"summary_large_image\" \/>\n<script type=\"application\/ld+json\" class=\"yoast-schema-graph\">{\"@context\":\"https:\/\/schema.org\",\"@graph\":[{\"@type\":\"WebPage\",\"@id\":\"https:\/\/kawasakirobotics.com\/pl\/why-kawasaki-robotics\/\",\"url\":\"https:\/\/kawasakirobotics.com\/pl\/why-kawasaki-robotics\/\",\"name\":\"DLACZEGO KAWASAKI ROBOTICS | Industrial Robots by Kawasaki Robotics\",\"isPartOf\":{\"@id\":\"https:\/\/kawasakirobotics.com\/pl\/#website\"},\"primaryImageOfPage\":{\"@id\":\"https:\/\/kawasakirobotics.com\/pl\/why-kawasaki-robotics\/#primaryimage\"},\"image\":{\"@id\":\"https:\/\/kawasakirobotics.com\/pl\/why-kawasaki-robotics\/#primaryimage\"},\"thumbnailUrl\":\"https:\/\/kawasakirobotics.com\/tachyon\/sites\/5\/2022\/03\/accessibility_004_960x540.webp\",\"datePublished\":\"2022-02-21T17:45:24+00:00\",\"dateModified\":\"2025-05-14T08:21:32+00:00\",\"description\":\"With a service-based approach, an open programming language and a manufacturer-first mindset, we are a different type of robot company.\",\"breadcrumb\":{\"@id\":\"https:\/\/kawasakirobotics.com\/pl\/why-kawasaki-robotics\/#breadcrumb\"},\"inLanguage\":\"pl-PL\",\"potentialAction\":[{\"@type\":\"ReadAction\",\"target\":[\"https:\/\/kawasakirobotics.com\/pl\/why-kawasaki-robotics\/\"]}]},{\"@type\":\"ImageObject\",\"inLanguage\":\"pl-PL\",\"@id\":\"https:\/\/kawasakirobotics.com\/pl\/why-kawasaki-robotics\/#primaryimage\",\"url\":\"https:\/\/kawasakirobotics.com\/tachyon\/sites\/5\/2022\/03\/accessibility_004_960x540.webp\",\"contentUrl\":\"https:\/\/kawasakirobotics.com\/tachyon\/sites\/5\/2022\/03\/accessibility_004_960x540.webp\"},{\"@type\":\"BreadcrumbList\",\"@id\":\"https:\/\/kawasakirobotics.com\/pl\/why-kawasaki-robotics\/#breadcrumb\",\"itemListElement\":[{\"@type\":\"ListItem\",\"position\":1,\"name\":\"Strona g\u0142\u00f3wna\",\"item\":\"https:\/\/kawasakirobotics.com\/pl\/\"},{\"@type\":\"ListItem\",\"position\":2,\"name\":\"DLACZEGO KAWASAKI ROBOTICS\"}]},{\"@type\":\"WebSite\",\"@id\":\"https:\/\/kawasakirobotics.com\/pl\/#website\",\"url\":\"https:\/\/kawasakirobotics.com\/pl\/\",\"name\":\"Kawasaki Robotics\",\"description\":\"\",\"publisher\":{\"@id\":\"https:\/\/kawasakirobotics.com\/pl\/#organization\"},\"potentialAction\":[{\"@type\":\"SearchAction\",\"target\":{\"@type\":\"EntryPoint\",\"urlTemplate\":\"https:\/\/kawasakirobotics.com\/pl\/?s={search_term_string}\"},\"query-input\":{\"@type\":\"PropertyValueSpecification\",\"valueRequired\":true,\"valueName\":\"search_term_string\"}}],\"inLanguage\":\"pl-PL\"},{\"@type\":\"Organization\",\"@id\":\"https:\/\/kawasakirobotics.com\/pl\/#organization\",\"name\":\"\u5ddd\u5d0e\u91cd\u5de5\u696d\u30ed\u30dc\u30c3\u30c8\u30c7\u30a3\u30d3\u30b8\u30e7\u30f3\",\"url\":\"https:\/\/kawasakirobotics.com\/pl\/\",\"logo\":{\"@type\":\"ImageObject\",\"inLanguage\":\"pl-PL\",\"@id\":\"https:\/\/kawasakirobotics.com\/pl\/#\/schema\/logo\/image\/\",\"url\":\"\",\"contentUrl\":\"\",\"caption\":\"\u5ddd\u5d0e\u91cd\u5de5\u696d\u30ed\u30dc\u30c3\u30c8\u30c7\u30a3\u30d3\u30b8\u30e7\u30f3\"},\"image\":{\"@id\":\"https:\/\/kawasakirobotics.com\/pl\/#\/schema\/logo\/image\/\"}}]}<\/script>\n<!-- \/ Yoast SEO plugin. -->","yoast_head_json":{"title":"DLACZEGO KAWASAKI ROBOTICS | Industrial Robots by Kawasaki Robotics","description":"With a service-based approach, an open programming language and a manufacturer-first mindset, we are a different type of robot company.","robots":{"index":"index","follow":"follow","max-snippet":"max-snippet:-1","max-image-preview":"max-image-preview:large","max-video-preview":"max-video-preview:-1"},"canonical":"https:\/\/kawasakirobotics.com\/pl\/why-kawasaki-robotics\/","og_locale":"pl_PL","og_type":"article","og_title":"DLACZEGO KAWASAKI ROBOTICS | Industrial Robots by Kawasaki Robotics","og_description":"With a service-based approach, an open programming language and a manufacturer-first mindset, we are a different type of robot company.","og_url":"https:\/\/kawasakirobotics.com\/pl\/why-kawasaki-robotics\/","og_site_name":"Kawasaki Robotics","article_modified_time":"2025-05-14T08:21:32+00:00","og_image":[{"url":"https:\/\/kawasakirobotics.com\/content\/themes\/krobot-theme\/src\/images\/default\/ogp.jpg","width":"1200","height":"630","type":"image\/jpeg"}],"twitter_card":"summary_large_image","schema":{"@context":"https:\/\/schema.org","@graph":[{"@type":"WebPage","@id":"https:\/\/kawasakirobotics.com\/pl\/why-kawasaki-robotics\/","url":"https:\/\/kawasakirobotics.com\/pl\/why-kawasaki-robotics\/","name":"DLACZEGO KAWASAKI ROBOTICS | Industrial Robots by Kawasaki Robotics","isPartOf":{"@id":"https:\/\/kawasakirobotics.com\/pl\/#website"},"primaryImageOfPage":{"@id":"https:\/\/kawasakirobotics.com\/pl\/why-kawasaki-robotics\/#primaryimage"},"image":{"@id":"https:\/\/kawasakirobotics.com\/pl\/why-kawasaki-robotics\/#primaryimage"},"thumbnailUrl":"https:\/\/kawasakirobotics.com\/tachyon\/sites\/5\/2022\/03\/accessibility_004_960x540.webp","datePublished":"2022-02-21T17:45:24+00:00","dateModified":"2025-05-14T08:21:32+00:00","description":"With a service-based approach, an open programming language and a manufacturer-first mindset, we are a different type of robot company.","breadcrumb":{"@id":"https:\/\/kawasakirobotics.com\/pl\/why-kawasaki-robotics\/#breadcrumb"},"inLanguage":"pl-PL","potentialAction":[{"@type":"ReadAction","target":["https:\/\/kawasakirobotics.com\/pl\/why-kawasaki-robotics\/"]}]},{"@type":"ImageObject","inLanguage":"pl-PL","@id":"https:\/\/kawasakirobotics.com\/pl\/why-kawasaki-robotics\/#primaryimage","url":"https:\/\/kawasakirobotics.com\/tachyon\/sites\/5\/2022\/03\/accessibility_004_960x540.webp","contentUrl":"https:\/\/kawasakirobotics.com\/tachyon\/sites\/5\/2022\/03\/accessibility_004_960x540.webp"},{"@type":"BreadcrumbList","@id":"https:\/\/kawasakirobotics.com\/pl\/why-kawasaki-robotics\/#breadcrumb","itemListElement":[{"@type":"ListItem","position":1,"name":"Strona g\u0142\u00f3wna","item":"https:\/\/kawasakirobotics.com\/pl\/"},{"@type":"ListItem","position":2,"name":"DLACZEGO KAWASAKI ROBOTICS"}]},{"@type":"WebSite","@id":"https:\/\/kawasakirobotics.com\/pl\/#website","url":"https:\/\/kawasakirobotics.com\/pl\/","name":"Kawasaki Robotics","description":"","publisher":{"@id":"https:\/\/kawasakirobotics.com\/pl\/#organization"},"potentialAction":[{"@type":"SearchAction","target":{"@type":"EntryPoint","urlTemplate":"https:\/\/kawasakirobotics.com\/pl\/?s={search_term_string}"},"query-input":{"@type":"PropertyValueSpecification","valueRequired":true,"valueName":"search_term_string"}}],"inLanguage":"pl-PL"},{"@type":"Organization","@id":"https:\/\/kawasakirobotics.com\/pl\/#organization","name":"\u5ddd\u5d0e\u91cd\u5de5\u696d\u30ed\u30dc\u30c3\u30c8\u30c7\u30a3\u30d3\u30b8\u30e7\u30f3","url":"https:\/\/kawasakirobotics.com\/pl\/","logo":{"@type":"ImageObject","inLanguage":"pl-PL","@id":"https:\/\/kawasakirobotics.com\/pl\/#\/schema\/logo\/image\/","url":"","contentUrl":"","caption":"\u5ddd\u5d0e\u91cd\u5de5\u696d\u30ed\u30dc\u30c3\u30c8\u30c7\u30a3\u30d3\u30b8\u30e7\u30f3"},"image":{"@id":"https:\/\/kawasakirobotics.com\/pl\/#\/schema\/logo\/image\/"}}]}},"_links":{"self":[{"href":"https:\/\/kawasakirobotics.com\/pl\/wp-json\/wp\/v2\/pages\/3868","targetHints":{"allow":["GET"]}}],"collection":[{"href":"https:\/\/kawasakirobotics.com\/pl\/wp-json\/wp\/v2\/pages"}],"about":[{"href":"https:\/\/kawasakirobotics.com\/pl\/wp-json\/wp\/v2\/types\/page"}],"author":[{"embeddable":true,"href":"https:\/\/kawasakirobotics.com\/pl\/wp-json\/wp\/v2\/users\/9"}],"replies":[{"embeddable":true,"href":"https:\/\/kawasakirobotics.com\/pl\/wp-json\/wp\/v2\/comments?post=3868"}],"version-history":[{"count":15,"href":"https:\/\/kawasakirobotics.com\/pl\/wp-json\/wp\/v2\/pages\/3868\/revisions"}],"predecessor-version":[{"id":5827,"href":"https:\/\/kawasakirobotics.com\/pl\/wp-json\/wp\/v2\/pages\/3868\/revisions\/5827"}],"wp:attachment":[{"href":"https:\/\/kawasakirobotics.com\/pl\/wp-json\/wp\/v2\/media?parent=3868"}],"curies":[{"name":"wp","href":"https:\/\/api.w.org\/{rel}","templated":true}]}}