{"id":3871,"date":"2022-02-21T17:46:03","date_gmt":"2022-02-21T17:46:03","guid":{"rendered":"urn:uuid:52320cec-a814-4c62-b17b-e31c7a4f10a3"},"modified":"2025-05-14T10:22:52","modified_gmt":"2025-05-14T08:22:52","slug":"robot-automation-faqs","status":"publish","type":"page","link":"https:\/\/kawasakirobotics.com\/pl\/robot-automation-faqs\/","title":{"rendered":"Cz\u0119sto zadawane pytania dotycz\u0105ce automatyzacji robot\u00f3w"},"content":{"rendered":"\n<figure class=\"wp-block-gallery has-nested-images columns-default is-cropped wp-block-gallery-1 is-layout-flex wp-block-gallery-is-layout-flex\">\n<figure class=\"wp-block-image size-large\"><img loading=\"lazy\" decoding=\"async\" width=\"1117\" height=\"1117\" data-id=\"5497\" src=\"https:\/\/kawasakirobotics.com\/tachyon\/2022\/03\/quality_005_1800x1200-2.jpg?fit=900%2C900\" alt=\"Robert Lambeck Automatyzacja malowania z Kawasaki Robotics\" class=\"wp-image-5497\" \/><\/figure>\n\n\n\n<figure class=\"wp-block-image size-large\"><img decoding=\"async\" data-id=\"5624\" src=\"https:\/\/kawasakirobotics.com\/tachyon\/2022\/03\/Harbour-Tech-Cell-1-1.png\" alt=\"K-Positioner\u3000Kawasaki\u3000welding\u3000robots\u3000PST375-I1_\" class=\"wp-image-5624\" \/><\/figure>\n\n\n\n<figure class=\"wp-block-image size-large\"><img decoding=\"async\" data-id=\"5500\" src=\"https:\/\/kawasakirobotics.com\/tachyon\/2022\/03\/robot-arm_06_1800x1200.jpg?fit=900%2C900\" alt=\"\" class=\"wp-image-5500\" \/><\/figure>\n<\/figure>\n\n\n\n<h2 class=\"wp-block-heading\">Roboty, robotyka i automatyzacja \u2013 jaka jest r\u00f3\u017cnica?<\/h2>\n\n\n\n<p>Roboty, robotyka i automatyzacja s\u0105 u\u017cywane niemal zamiennie, ale maj\u0105 r\u00f3\u017cne znaczenia. Roboty to rzeczywiste ramiona robot\u00f3w, kt\u00f3re mo\u017cna zobaczy\u0107 w warunkach fabrycznych, a robotyka to technologia, kt\u00f3ra obejmuje koncepcj\u0119, projektowanie, konstrukcj\u0119 i dzia\u0142anie robot\u00f3w w produkcji. Automatyk\u0119 definiuje si\u0119 jako technologi\u0119 wykorzystuj\u0105c\u0105 mechaniczne, elektroniczne i komputerowe systemy do obs\u0142ugi i sterowania produkcj\u0105. Zautomatyzowany system robota wykorzystuje wiele komponent\u00f3w do autonomicznego wykonania zadania.<\/p>\n\n\n\n<h2 class=\"wp-block-heading\">Jakie s\u0105 g\u0142\u00f3wne typy zastosowa\u0144 robot\u00f3w?<\/h2>\n\n\n\n<ul class=\"wp-block-list\">\n<li><strong>Material handling<\/strong> processes involve moving an item from one place to another, just as the name suggests.<\/li>\n\n\n\n<li><strong>Assembly<\/strong> tasks require a robot to put something together. That could mean assembling multiple parts, like a gear box or a printed circuit board.<\/li>\n\n\n\n<li><strong>Processing<\/strong> applications include tasks like painting, arc welding, spot welding, polishing, and grinding.<\/li>\n<\/ul>\n\n\n\n<h2 class=\"wp-block-heading\">Jak wybra\u0107 odpowiednie rami\u0119 robota do mojej aplikacji?<\/h2>\n\n\n\n<p>Take the following items into account:<\/p>\n\n\n\n<ul class=\"wp-block-list\">\n<li><strong>Payload<\/strong> is the amount of weight a robot arm can lift. Don\u2019t forget to include the weight of the end effector and bracketing, if needed, into the payload calculation.<\/li>\n\n\n\n<li><strong>Reach<\/strong> is how far your robot arm can reach vertically and horizontally, which helps define the robot workspace and the application design.<\/li>\n\n\n\n<li><strong>Type<\/strong> is defined by the mechanical joints, rotary and\/or linear, that impart movement to the robot arm. Robots come with one to seven axes: Cartesian, SCARA, Delta, Collaborative and Articulated robots.<\/li>\n<\/ul>\n\n\n\n<h2 class=\"wp-block-heading\">Jakie komponenty trafiaj\u0105 do zautomatyzowanej celi robota?<\/h2>\n\n\n\n<p>Robot potrzebuje dodatkowego wyposa\u017cenia do dzia\u0142ania i wykonywania zada\u0144. Oto kilka przyk\u0142ad\u00f3w:<\/p>\n\n\n\n<ul class=\"wp-block-list\">\n<li><strong>End effectors<\/strong> are also known as a gripper or end-of-arm tool. It\u2019s mounted to the end of the robot arm and is central to the application.<\/li>\n\n\n\n<li><strong>Cell controls<\/strong> include a controller that controls all operations of the cell. A teach pendant allows the user to program and operate the robot.<\/li>\n\n\n\n<li><strong>Peripheral equipment <\/strong>encompasses a wide range of items, such as infeed\/outfeed conveyors, part positioners, fixtures, vision systems and more.<\/li>\n\n\n\n<li><strong>Sensors<\/strong> relay presence\/absence information of parts to the robot. For example: When a part has reached a certain position on a conveyor, the sensor detects the part so the robot can execute a pick-up motion.<\/li>\n\n\n\n<li><strong>Safety <\/strong>is the most important part of any automated robotic cell. Safety methods protect personnel from hazards associated with the robot cell in operation. There are a wide range of options for safety equipment, from full safety fencing to sensors that require no actual hardware.<\/li>\n<\/ul>\n\n\n\n<h2 class=\"wp-block-heading\">Jak programuje si\u0119 roboty?<\/h2>\n\n\n\n<p>Ka\u017cdy producent robot\u00f3w u\u017cywa w\u0142asnego j\u0119zyka programowania, jednak nasz jest najlepszym przyjacielem in\u017cyniera. Platforma programistyczna Kawasaki Robotics sk\u0142ada si\u0119 z trzech pot\u0119\u017cnych, intuicyjnych i elastycznych j\u0119zyk\u00f3w programowania dla najbardziej podstawowych i z\u0142o\u017conych aplikacji \u2013 nie ograniczamy Twojego potencja\u0142u.<\/p>\n\n\n\n<ul class=\"wp-block-list\">\n<li><strong>Kawasaki Block-Step Language <\/strong>is our beginner programming language and can be used for most applications. It\u2019s for the everyday operator and can be used to touch up points if necessary.<\/li>\n\n\n\n<li><strong>Kawasaki AS Language<\/strong> is geared toward users who already have basic programming experience. It allows them to write simple or complex motion paths and control logic. The open structure of AS Language allows users to program even the most advanced applications.<\/li>\n\n\n\n<li><strong>KRNX<\/strong> is for our more advanced programmers. It uses an API that lets externally generated motion programs control the robot.<\/li>\n<\/ul>\n\n\n\n<h2 class=\"wp-block-heading\">Jakie rodzaje aplikacji s\u0105 idealne do automatyzacji?<strong>&nbsp;<\/strong><\/h2>\n\n\n\n<p>Ramiona robot\u00f3w przemys\u0142owych s\u0105 idealne do zada\u0144, kt\u00f3re nie s\u0105 idealne dla ludzi. Oto lista kryteri\u00f3w:<\/p>\n\n\n\n<ul class=\"wp-block-list\">\n<li><strong>Dull:<\/strong> Tedious and repetitive tasks<\/li>\n\n\n\n<li><strong>Dirty:<\/strong> Applications in environments with lots of dust, paint or excessive debris<\/li>\n\n\n\n<li><strong>Dangerous:<\/strong> Hazardous processes that put employees at risk of injury<\/li>\n\n\n\n<li><strong>High precision:<\/strong> For products that require a flawless finish or highly accurate measurements<\/li>\n<\/ul>\n\n\n\n<h2 class=\"wp-block-heading\">Jakie s\u0105 zalety automatyzacji robot\u00f3w?<\/h2>\n\n\n\n<p>W przypadku odpowiedniego zastosowania systemy zrobotyzowane zapewniaj\u0105 wiele korzy\u015bci dla u\u017cytkownika ko\u0144cowego. Robot mo\u017ce pracowa\u0107 non stop ze zdefiniowan\u0105 pr\u0119dko\u015bci\u0105 bez nadzoru, co daje mo\u017cliwo\u015b\u0107 zwi\u0119kszenia wielko\u015bci produkcji.<\/p>\n\n\n\n<p>Kolejn\u0105 zalet\u0105 automatyzacji robot\u00f3w jest sp\u00f3jno\u015b\u0107. Roboty pracuj\u0105 z wysok\u0105 powtarzalno\u015bci\u0105 i dok\u0142adno\u015bci\u0105, co przek\u0142ada si\u0119 na lepsz\u0105 jako\u015b\u0107 cz\u0119\u015bci. A pozwalaj\u0105c robotom na wykonywanie zada\u0144, kt\u00f3re nie s\u0105 przyjazne dla ludzi, pracodawcy mog\u0105 przekwalifikowa\u0107 swoich pracownik\u00f3w do bardziej satysfakcjonuj\u0105cej pracy w bezpieczniejszym \u015brodowisku, \u017ceby wymieni\u0107 tylko kilka.<\/p>\n\n\n\n<h2 class=\"wp-block-heading\">Jakie \u015brodki mog\u0119 podj\u0105\u0107, aby upewni\u0107 si\u0119, \u017ce m\u00f3j zautomatyzowany system robota odniesie sukces?<\/h2>\n\n\n\n<p>Podczas przechodzenia z procesu r\u0119cznego do zautomatyzowanego mo\u017ce by\u0107 konieczne wprowadzenie pewnych zmian w projekcie cz\u0119\u015bci, oprzyrz\u0105dowaniu i mocowaniu, aby upewni\u0107 si\u0119, \u017ce nadaje si\u0119 do automatyzacji. Ta inwestycja b\u0119dzie uzasadniona oszcz\u0119dno\u015bciami koszt\u00f3w, kt\u00f3re zobaczysz po uruchomieniu kom\u00f3rki.<\/p>\n\n\n\n<p>Wa\u017cne jest, aby wybra\u0107 integratora system\u00f3w, kt\u00f3ry dostarczy system robota od samego pocz\u0105tku. Chcesz wsp\u00f3\u0142pracowa\u0107 z do\u015bwiadczonymi ekspertami, kt\u00f3rzy maj\u0105 do\u015bwiadczenie w opracowywaniu koncepcji, projektowaniu, konstruowaniu i uruchamianiu systemu robota. Ale nie zapominaj, \u017ce jeste\u015b ekspertem w wytwarzaniu swojego produktu \u2014 to po\u0142\u0105czenie Twojej wiedzy i ich do\u015bwiadczenia skutkuje udanymi zastosowaniami.<\/p>\n\n\n\n<div style=\"height:100px\" aria-hidden=\"true\" class=\"wp-block-spacer\"><\/div>\n\n\n\n<div class=\"wp-block-cover alignfull is-light full_cover_block no-margin\"><span aria-hidden=\"true\" class=\"wp-block-cover__background has-white-background-color has-background-dim-90 has-background-dim\"><\/span><img loading=\"lazy\" decoding=\"async\" width=\"2560\" height=\"1714\" class=\"wp-block-cover__image-background wp-image-4414\" alt=\"\" src=\"https:\/\/kawasakirobotics.com\/tachyon\/sites\/5\/2022\/03\/A1760478-scaled.jpg\" data-object-fit=\"cover\" srcset=\"https:\/\/kawasakirobotics.com\/tachyon\/sites\/34\/2022\/03\/A1760478-scaled.jpg?resize=2560%2C1714&amp;zoom=1 2560w, https:\/\/kawasakirobotics.com\/tachyon\/sites\/34\/2022\/03\/A1760478-scaled.jpg?resize=2560%2C1714&amp;zoom=0.5 1280w, https:\/\/kawasakirobotics.com\/tachyon\/sites\/34\/2022\/03\/A1760478-scaled.jpg?resize=2560%2C1714&amp;zoom=0.25 640w\" sizes=\"auto, (max-width: 2560px) 100vw, 2560px\" \/><div class=\"wp-block-cover__inner-container is-layout-flow wp-block-cover-is-layout-flow\">\n<h1 class=\"wp-block-heading has-text-align-center\">Masz pytania?<\/h1>\n\n\n\n<p>Ch\u0119tnie porozmawiamy.<\/p>\n\n\n\n<div class=\"wp-block-buttons is-vertical is-content-justification-center is-layout-flex wp-container-core-buttons-is-layout-734eb2c2 wp-block-buttons-is-layout-flex\">\n<div class=\"wp-block-button is-style-outline is-style-outline--2\"><a class=\"wp-block-button__link wp-element-button\" href=\"https:\/\/kawasakirobotics.com\/pl\/inquiry\/\">SKONTAKTUJ SI\u0118 Z NAMI<\/a><\/div>\n<\/div>\n<\/div><\/div>\n","protected":false},"excerpt":{"rendered":"<p>Roboty, robotyka i automatyzacja \u2013 jaka jest r\u00f3\u017cnica? Roboty, robotyka i automatyzacja s\u0105 u\u017cywane niemal zamiennie, ale maj\u0105 r\u00f3\u017cne znaczenia. Roboty to rzeczywiste ramiona robot\u00f3w, kt\u00f3re mo\u017cna zobaczy\u0107 w warunkach fabrycznych, a robotyka to technologia, kt\u00f3ra obejmuje koncepcj\u0119, projektowanie, konstrukcj\u0119 i dzia\u0142anie robot\u00f3w w produkcji. Automatyk\u0119 definiuje si\u0119 jako technologi\u0119 wykorzystuj\u0105c\u0105 mechaniczne, elektroniczne i komputerowe systemy do obs\u0142ugi i sterowania produkcj\u0105. Zautomatyzowany system robota wykorzystuje wiele komponent\u00f3w do autonomicznego wykonania zadania. Jakie s\u0105 g\u0142\u00f3wne typy zastosowa\u0144 robot\u00f3w? Jak wybra\u0107 odpowiednie rami\u0119 robota do mojej aplikacji? Take the following items into account: Jakie komponenty trafiaj\u0105 do zautomatyzowanej celi robota? Robot potrzebuje dodatkowego wyposa\u017cenia do dzia\u0142ania i wykonywania zada\u0144. Oto kilka przyk\u0142ad\u00f3w: [&hellip;]<\/p>\n","protected":false},"author":9,"featured_media":0,"parent":0,"menu_order":4,"comment_status":"closed","ping_status":"closed","template":"","meta":{"ep_exclude_from_search":false,"footnotes":""},"class_list":["post-3871","page","type-page","status-publish","hentry"],"yoast_head":"<!-- This site is optimized with the Yoast SEO plugin v25.9 - https:\/\/yoast.com\/wordpress\/plugins\/seo\/ -->\n<title>Cz\u0119sto zadawane pytania dotycz\u0105ce automatyzacji robot\u00f3w | Industrial Robots by Kawasaki Robotics<\/title>\n<meta name=\"description\" content=\"Getting started with robotics? Browse frequently asked robot automation questions and find answers straight from our experts.\" \/>\n<meta name=\"robots\" content=\"index, follow, max-snippet:-1, max-image-preview:large, max-video-preview:-1\" \/>\n<link rel=\"canonical\" href=\"https:\/\/kawasakirobotics.com\/pl\/robot-automation-faqs\/\" \/>\n<meta property=\"og:locale\" content=\"pl_PL\" \/>\n<meta property=\"og:type\" content=\"article\" \/>\n<meta property=\"og:title\" content=\"Cz\u0119sto zadawane pytania dotycz\u0105ce automatyzacji robot\u00f3w | Industrial Robots by Kawasaki Robotics\" \/>\n<meta property=\"og:description\" content=\"Getting started with robotics? Browse frequently asked robot automation questions and find answers straight from our experts.\" \/>\n<meta property=\"og:url\" content=\"https:\/\/kawasakirobotics.com\/pl\/robot-automation-faqs\/\" \/>\n<meta property=\"og:site_name\" content=\"Kawasaki Robotics\" \/>\n<meta property=\"article:modified_time\" content=\"2025-05-14T08:22:52+00:00\" \/>\n<meta property=\"og:image\" content=\"https:\/\/kawasakirobotics.com\/content\/themes\/krobot-theme\/src\/images\/default\/ogp.jpg\" \/>\n\t<meta property=\"og:image:width\" content=\"1200\" \/>\n\t<meta property=\"og:image:height\" content=\"630\" \/>\n\t<meta property=\"og:image:type\" content=\"image\/jpeg\" \/>\n<meta name=\"twitter:card\" content=\"summary_large_image\" \/>\n<script type=\"application\/ld+json\" class=\"yoast-schema-graph\">{\"@context\":\"https:\/\/schema.org\",\"@graph\":[{\"@type\":\"WebPage\",\"@id\":\"https:\/\/kawasakirobotics.com\/pl\/robot-automation-faqs\/\",\"url\":\"https:\/\/kawasakirobotics.com\/pl\/robot-automation-faqs\/\",\"name\":\"Cz\u0119sto zadawane pytania dotycz\u0105ce automatyzacji robot\u00f3w | Industrial Robots by Kawasaki Robotics\",\"isPartOf\":{\"@id\":\"https:\/\/kawasakirobotics.com\/pl\/#website\"},\"primaryImageOfPage\":{\"@id\":\"https:\/\/kawasakirobotics.com\/pl\/robot-automation-faqs\/#primaryimage\"},\"image\":{\"@id\":\"https:\/\/kawasakirobotics.com\/pl\/robot-automation-faqs\/#primaryimage\"},\"thumbnailUrl\":\"https:\/\/kawasakirobotics.com\/tachyon\/2022\/03\/quality_005_1800x1200-2.jpg?fit=900%2C900\",\"datePublished\":\"2022-02-21T17:46:03+00:00\",\"dateModified\":\"2025-05-14T08:22:52+00:00\",\"description\":\"Getting started with robotics? Browse frequently asked robot automation questions and find answers straight from our experts.\",\"breadcrumb\":{\"@id\":\"https:\/\/kawasakirobotics.com\/pl\/robot-automation-faqs\/#breadcrumb\"},\"inLanguage\":\"pl-PL\",\"potentialAction\":[{\"@type\":\"ReadAction\",\"target\":[\"https:\/\/kawasakirobotics.com\/pl\/robot-automation-faqs\/\"]}]},{\"@type\":\"ImageObject\",\"inLanguage\":\"pl-PL\",\"@id\":\"https:\/\/kawasakirobotics.com\/pl\/robot-automation-faqs\/#primaryimage\",\"url\":\"https:\/\/kawasakirobotics.com\/tachyon\/2022\/03\/quality_005_1800x1200-2.jpg?fit=900%2C900\",\"contentUrl\":\"https:\/\/kawasakirobotics.com\/tachyon\/2022\/03\/quality_005_1800x1200-2.jpg?fit=900%2C900\"},{\"@type\":\"BreadcrumbList\",\"@id\":\"https:\/\/kawasakirobotics.com\/pl\/robot-automation-faqs\/#breadcrumb\",\"itemListElement\":[{\"@type\":\"ListItem\",\"position\":1,\"name\":\"Strona g\u0142\u00f3wna\",\"item\":\"https:\/\/kawasakirobotics.com\/pl\/\"},{\"@type\":\"ListItem\",\"position\":2,\"name\":\"Cz\u0119sto zadawane pytania dotycz\u0105ce automatyzacji robot\u00f3w\"}]},{\"@type\":\"WebSite\",\"@id\":\"https:\/\/kawasakirobotics.com\/pl\/#website\",\"url\":\"https:\/\/kawasakirobotics.com\/pl\/\",\"name\":\"Kawasaki Robotics\",\"description\":\"\",\"publisher\":{\"@id\":\"https:\/\/kawasakirobotics.com\/pl\/#organization\"},\"potentialAction\":[{\"@type\":\"SearchAction\",\"target\":{\"@type\":\"EntryPoint\",\"urlTemplate\":\"https:\/\/kawasakirobotics.com\/pl\/?s={search_term_string}\"},\"query-input\":{\"@type\":\"PropertyValueSpecification\",\"valueRequired\":true,\"valueName\":\"search_term_string\"}}],\"inLanguage\":\"pl-PL\"},{\"@type\":\"Organization\",\"@id\":\"https:\/\/kawasakirobotics.com\/pl\/#organization\",\"name\":\"\u5ddd\u5d0e\u91cd\u5de5\u696d\u30ed\u30dc\u30c3\u30c8\u30c7\u30a3\u30d3\u30b8\u30e7\u30f3\",\"url\":\"https:\/\/kawasakirobotics.com\/pl\/\",\"logo\":{\"@type\":\"ImageObject\",\"inLanguage\":\"pl-PL\",\"@id\":\"https:\/\/kawasakirobotics.com\/pl\/#\/schema\/logo\/image\/\",\"url\":\"\",\"contentUrl\":\"\",\"caption\":\"\u5ddd\u5d0e\u91cd\u5de5\u696d\u30ed\u30dc\u30c3\u30c8\u30c7\u30a3\u30d3\u30b8\u30e7\u30f3\"},\"image\":{\"@id\":\"https:\/\/kawasakirobotics.com\/pl\/#\/schema\/logo\/image\/\"}}]}<\/script>\n<!-- \/ Yoast SEO plugin. -->","yoast_head_json":{"title":"Cz\u0119sto zadawane pytania dotycz\u0105ce automatyzacji robot\u00f3w | Industrial Robots by Kawasaki Robotics","description":"Getting started with robotics? Browse frequently asked robot automation questions and find answers straight from our experts.","robots":{"index":"index","follow":"follow","max-snippet":"max-snippet:-1","max-image-preview":"max-image-preview:large","max-video-preview":"max-video-preview:-1"},"canonical":"https:\/\/kawasakirobotics.com\/pl\/robot-automation-faqs\/","og_locale":"pl_PL","og_type":"article","og_title":"Cz\u0119sto zadawane pytania dotycz\u0105ce automatyzacji robot\u00f3w | Industrial Robots by Kawasaki Robotics","og_description":"Getting started with robotics? Browse frequently asked robot automation questions and find answers straight from our experts.","og_url":"https:\/\/kawasakirobotics.com\/pl\/robot-automation-faqs\/","og_site_name":"Kawasaki Robotics","article_modified_time":"2025-05-14T08:22:52+00:00","og_image":[{"url":"https:\/\/kawasakirobotics.com\/content\/themes\/krobot-theme\/src\/images\/default\/ogp.jpg","width":"1200","height":"630","type":"image\/jpeg"}],"twitter_card":"summary_large_image","schema":{"@context":"https:\/\/schema.org","@graph":[{"@type":"WebPage","@id":"https:\/\/kawasakirobotics.com\/pl\/robot-automation-faqs\/","url":"https:\/\/kawasakirobotics.com\/pl\/robot-automation-faqs\/","name":"Cz\u0119sto zadawane pytania dotycz\u0105ce automatyzacji robot\u00f3w | Industrial Robots by Kawasaki Robotics","isPartOf":{"@id":"https:\/\/kawasakirobotics.com\/pl\/#website"},"primaryImageOfPage":{"@id":"https:\/\/kawasakirobotics.com\/pl\/robot-automation-faqs\/#primaryimage"},"image":{"@id":"https:\/\/kawasakirobotics.com\/pl\/robot-automation-faqs\/#primaryimage"},"thumbnailUrl":"https:\/\/kawasakirobotics.com\/tachyon\/2022\/03\/quality_005_1800x1200-2.jpg?fit=900%2C900","datePublished":"2022-02-21T17:46:03+00:00","dateModified":"2025-05-14T08:22:52+00:00","description":"Getting started with robotics? Browse frequently asked robot automation questions and find answers straight from our experts.","breadcrumb":{"@id":"https:\/\/kawasakirobotics.com\/pl\/robot-automation-faqs\/#breadcrumb"},"inLanguage":"pl-PL","potentialAction":[{"@type":"ReadAction","target":["https:\/\/kawasakirobotics.com\/pl\/robot-automation-faqs\/"]}]},{"@type":"ImageObject","inLanguage":"pl-PL","@id":"https:\/\/kawasakirobotics.com\/pl\/robot-automation-faqs\/#primaryimage","url":"https:\/\/kawasakirobotics.com\/tachyon\/2022\/03\/quality_005_1800x1200-2.jpg?fit=900%2C900","contentUrl":"https:\/\/kawasakirobotics.com\/tachyon\/2022\/03\/quality_005_1800x1200-2.jpg?fit=900%2C900"},{"@type":"BreadcrumbList","@id":"https:\/\/kawasakirobotics.com\/pl\/robot-automation-faqs\/#breadcrumb","itemListElement":[{"@type":"ListItem","position":1,"name":"Strona g\u0142\u00f3wna","item":"https:\/\/kawasakirobotics.com\/pl\/"},{"@type":"ListItem","position":2,"name":"Cz\u0119sto zadawane pytania dotycz\u0105ce automatyzacji robot\u00f3w"}]},{"@type":"WebSite","@id":"https:\/\/kawasakirobotics.com\/pl\/#website","url":"https:\/\/kawasakirobotics.com\/pl\/","name":"Kawasaki Robotics","description":"","publisher":{"@id":"https:\/\/kawasakirobotics.com\/pl\/#organization"},"potentialAction":[{"@type":"SearchAction","target":{"@type":"EntryPoint","urlTemplate":"https:\/\/kawasakirobotics.com\/pl\/?s={search_term_string}"},"query-input":{"@type":"PropertyValueSpecification","valueRequired":true,"valueName":"search_term_string"}}],"inLanguage":"pl-PL"},{"@type":"Organization","@id":"https:\/\/kawasakirobotics.com\/pl\/#organization","name":"\u5ddd\u5d0e\u91cd\u5de5\u696d\u30ed\u30dc\u30c3\u30c8\u30c7\u30a3\u30d3\u30b8\u30e7\u30f3","url":"https:\/\/kawasakirobotics.com\/pl\/","logo":{"@type":"ImageObject","inLanguage":"pl-PL","@id":"https:\/\/kawasakirobotics.com\/pl\/#\/schema\/logo\/image\/","url":"","contentUrl":"","caption":"\u5ddd\u5d0e\u91cd\u5de5\u696d\u30ed\u30dc\u30c3\u30c8\u30c7\u30a3\u30d3\u30b8\u30e7\u30f3"},"image":{"@id":"https:\/\/kawasakirobotics.com\/pl\/#\/schema\/logo\/image\/"}}]}},"_links":{"self":[{"href":"https:\/\/kawasakirobotics.com\/pl\/wp-json\/wp\/v2\/pages\/3871","targetHints":{"allow":["GET"]}}],"collection":[{"href":"https:\/\/kawasakirobotics.com\/pl\/wp-json\/wp\/v2\/pages"}],"about":[{"href":"https:\/\/kawasakirobotics.com\/pl\/wp-json\/wp\/v2\/types\/page"}],"author":[{"embeddable":true,"href":"https:\/\/kawasakirobotics.com\/pl\/wp-json\/wp\/v2\/users\/9"}],"replies":[{"embeddable":true,"href":"https:\/\/kawasakirobotics.com\/pl\/wp-json\/wp\/v2\/comments?post=3871"}],"version-history":[{"count":12,"href":"https:\/\/kawasakirobotics.com\/pl\/wp-json\/wp\/v2\/pages\/3871\/revisions"}],"predecessor-version":[{"id":5828,"href":"https:\/\/kawasakirobotics.com\/pl\/wp-json\/wp\/v2\/pages\/3871\/revisions\/5828"}],"wp:attachment":[{"href":"https:\/\/kawasakirobotics.com\/pl\/wp-json\/wp\/v2\/media?parent=3871"}],"curies":[{"name":"wp","href":"https:\/\/api.w.org\/{rel}","templated":true}]}}