{"id":4768,"date":"2022-03-03T03:19:35","date_gmt":"2022-03-03T03:19:35","guid":{"rendered":"urn:uuid:8c138585-29cc-422a-b085-b7641cb9c987"},"modified":"2025-05-15T06:37:43","modified_gmt":"2025-05-15T04:37:43","slug":"k-pall","status":"publish","type":"page","link":"https:\/\/kawasakirobotics.com\/pl\/k-pall\/","title":{"rendered":"K-PALL"},"content":{"rendered":"\n<h2 class=\"wp-block-heading\">K-PALL: The compact palletising cell from Kawasaki<\/h2>\n\n\n\n<div class=\"wp-block-media-text alignwide is-stacked-on-mobile\"><figure class=\"wp-block-media-text__media\"><img decoding=\"async\" src=\"https:\/\/kawasakirobotics.com\/tachyon\/sites\/9\/2023\/03\/Simply-unique-1.png\" alt=\"\" class=\"wp-image-5851 size-full\" \/><\/figure><div class=\"wp-block-media-text__content\">\n<p class=\"has-large-font-size\">Experience K-PALL live at<strong> Interpack 2023 in D\u00fcsseldorf<\/strong> (Hall 6, Booth A66). Find more details and receive your free personal ticket <strong><a href=\"https:\/\/kawasakirobotics.com\/eu-africa\/interpack2023\/\">here<\/a><\/strong>!<\/p>\n<\/div><\/div>\n\n\n\n<figure class=\"wp-block-embed is-type-video is-provider-youtube wp-block-embed-youtube wp-embed-aspect-16-9 wp-has-aspect-ratio\"><div class=\"wp-block-embed__wrapper\">\n<iframe loading=\"lazy\" title=\"Introducing K-PALL by Kawasaki Robotics\" width=\"900\" height=\"506\" src=\"https:\/\/www.youtube.com\/embed\/vaKKaudsuFo?feature=oembed\" frameborder=\"0\" allow=\"accelerometer; autoplay; clipboard-write; encrypted-media; gyroscope; picture-in-picture; web-share\" referrerpolicy=\"strict-origin-when-cross-origin\" allowfullscreen><\/iframe>\n<\/div><\/figure>\n\n\n\n<p class=\"has-light-gray-background-color has-background\">Available now!<\/p>\n\n\n\n<h4 class=\"wp-block-heading\">Automatyzacja nigdy nie by\u0142a \u0142atwiejsza<\/h4>\n\n\n\n<p>Wszystko, czego potrzebujesz na najmniejszej przestrzeni: K-PALL firmy Kawasaki Robotics, z niezwykle kompaktow\u0105 i lekk\u0105 konstrukcj\u0105, jest jednym z najmniejszych, ale najpot\u0119\u017cniejszych kom\u00f3rek paletyzuj\u0105cych na rynku.<\/p>\n\n\n\n<p>Nowoczesna technologia, sprytna konstrukcja i intuicyjna obs\u0142uga sprawiaj\u0105, \u017ce K-PALL jest optymalnym pierwszym krokiem do automatyzacji zada\u0144 paletyzacji.<\/p>\n\n\n\n<figure class=\"wp-block-image aligncenter size-full\"><img loading=\"lazy\" decoding=\"async\" width=\"738\" height=\"493\" src=\"https:\/\/kawasakirobotics.com\/tachyon\/sites\/5\/2022\/03\/K-PALL-Flyer-GER-Digital.jpeg\" alt=\"Robotyka Kawasaki K-PALL\" class=\"wp-image-4732\" srcset=\"https:\/\/kawasakirobotics.com\/tachyon\/sites\/34\/2022\/03\/K-PALL-Flyer-GER-Digital.jpeg?resize=738%2C493&amp;zoom=1 738w, https:\/\/kawasakirobotics.com\/tachyon\/sites\/34\/2022\/03\/K-PALL-Flyer-GER-Digital.jpeg?resize=738%2C493&amp;zoom=0.5 369w, https:\/\/kawasakirobotics.com\/tachyon\/sites\/34\/2022\/03\/K-PALL-Flyer-GER-Digital.jpeg?resize=738%2C493&amp;zoom=0.25 185w\" sizes=\"auto, (max-width: 738px) 100vw, 738px\" \/><\/figure>\n\n\n\n<ul class=\"wp-block-list\">\n<li><strong>Plug &amp; Play i gotowy do u\u017cycia:<\/strong><br>Nasze ogniwo jest \u0142atwe w transporcie i uruchomieniu \u2013 dzi\u0119ki temu korzystasz z maksymalnej elastyczno\u015bci!<\/li>\n\n\n\n<li><strong><strong>\u0141atwa integracja:<\/strong><\/strong><br>Samodzielne rozwi\u0105zanie jest kompatybilne z szerok\u0105 gam\u0105 system\u00f3w i mo\u017ce by\u0107 \u0142atwo zintegrowane z istniej\u0105cymi zak\u0142adami produkcyjnymi przy niewielkim wysi\u0142ku planowania.<\/li>\n\n\n\n<li><strong><strong>Pr\u0119dko\u015b\u0107 ma znaczenie:<\/strong><\/strong><br>K-PALL oferuje nie tylko niezwykle szybkie czasy cyklu i jest dost\u0119pny w najkr\u00f3tszym mo\u017cliwym czasie, ale tak\u017ce mo\u017cna go nauczy\u0107 si\u0119 i obs\u0142ugiwa\u0107 przy niewielkim wysi\u0142ku.<\/li>\n\n\n\n<li><strong><strong>Maksymalna wydajno\u015b\u0107 dzi\u0119ki zaawansowanej robotyce:<\/strong><\/strong><br>Robot paletyzuj\u0105cy Kawasaki ze sprawdzonej serii R zapewnia niezb\u0119dn\u0105 wydajno\u015b\u0107, szybko\u015b\u0107 i precyzj\u0119 w sercu kom\u00f3rki K-PALL.<\/li>\n<\/ul>\n\n\n\n<h4 class=\"wp-block-heading\">Funkcje w skr\u00f3cie \u2013 paletyzacja z K-PALL jest taka prosta<\/h4>\n\n\n\n<figure class=\"wp-block-image aligncenter size-full\"><img decoding=\"async\" src=\"https:\/\/kawasakirobotics.com\/tachyon\/sites\/9\/2022\/02\/2K-PALL-Flyer-GER-Digital.jpeg\" alt=\"\" class=\"wp-image-4742\" \/><\/figure>\n\n\n\n<ul class=\"wp-block-list\">\n<li><strong>Po prostu wybierz i rozpocznij:<\/strong><br>Umo\u017cliwia to nasze oprogramowanie K-PALL Control z predefiniowanymi wzorcami pakowania.<\/li>\n\n\n\n<li><strong>Intuicyjne i przejrzyste:<\/strong><br>\u0141atwa obs\u0142uga za pomoc\u0105 du\u017cego ekranu dotykowego.<\/li>\n\n\n\n<li><strong>Minimalny wysi\u0142ek:<\/strong><br>Dzi\u0119ki cyfrowemu uruchomieniu za po\u015brednictwem e-learningu konfiguracja przebiega w mgnieniu oka.<\/li>\n\n\n\n<li><strong>Szybka pomoc:<\/strong><br>Wspomagane przez system rozwi\u0105zywanie problem\u00f3w zapewnia bezpo\u015bredni\u0105 i precyzyjn\u0105 pomoc w przypadku problem\u00f3w.<\/li>\n\n\n\n<li><strong>Konserwacja predykcyjna:<\/strong><br>Monitorowanie w czasie rzeczywistym pozwala nam zredukowa\u0107 przestoje do absolutnego minimum.<\/li>\n<\/ul>\n\n\n\n<div class=\"wp-block-group has-light-gray-background-color has-background is-layout-flow wp-block-group-is-layout-flow\">\n<h4 class=\"wp-block-heading has-text-align-center\">Dowiedz si\u0119 wi\u0119cej o K-PALL<\/h4>\n\n\n\n<div class=\"wp-block-buttons is-horizontal is-content-justification-center is-layout-flex wp-container-core-buttons-is-layout-03627597 wp-block-buttons-is-layout-flex\">\n<div class=\"wp-block-button\"><a class=\"wp-block-button__link wp-element-button\" href=\"https:\/\/kawasakirobotics.com\/uploads\/sites\/5\/2022\/03\/K-PALL-Flyer-Kawasaki-Robotics-2021-EN.pdf\" target=\"_blank\" rel=\"noreferrer noopener\">Pobierz broszure<\/a><\/div>\n<\/div>\n<\/div>\n\n\n\n<div class=\"wp-block-media-text is-stacked-on-mobile\" style=\"grid-template-columns:25% auto\"><figure class=\"wp-block-media-text__media\"><img decoding=\"async\" src=\"https:\/\/kawasakirobotics.com\/tachyon\/sites\/9\/2022\/03\/A1180962-300x300-1.jpg\" alt=\"\" class=\"wp-image-5185 size-full\" \/><\/figure><div class=\"wp-block-media-text__content\">\n<h4 class=\"wp-block-heading\">M\u00f3w do nas<\/h4>\n\n\n\n<p>Andreas Bettenbrock<br><a href=\"mailto:k-pall@kawasakirobotics.de\">K-PALL@kawasakirobotics.de<\/a><br><\/p>\n<\/div><\/div>\n","protected":false},"excerpt":{"rendered":"<p>K-PALL: The compact palletising cell from Kawasaki Experience K-PALL live at Interpack 2023 in D\u00fcsseldorf (Hall 6, Booth A66). Find more details and receive your free personal ticket here! Available now! Automatyzacja nigdy nie by\u0142a \u0142atwiejsza Wszystko, czego potrzebujesz na najmniejszej przestrzeni: K-PALL firmy Kawasaki Robotics, z niezwykle kompaktow\u0105 i lekk\u0105 konstrukcj\u0105, jest jednym z najmniejszych, ale najpot\u0119\u017cniejszych kom\u00f3rek paletyzuj\u0105cych na rynku. Nowoczesna technologia, sprytna konstrukcja i intuicyjna obs\u0142uga sprawiaj\u0105, \u017ce K-PALL jest optymalnym pierwszym krokiem do automatyzacji zada\u0144 paletyzacji. Funkcje w skr\u00f3cie \u2013 paletyzacja z K-PALL jest taka prosta Dowiedz si\u0119 wi\u0119cej o K-PALL M\u00f3w do nas Andreas BettenbrockK-PALL@kawasakirobotics.de<\/p>\n","protected":false},"author":3,"featured_media":0,"parent":0,"menu_order":0,"comment_status":"closed","ping_status":"closed","template":"","meta":{"ep_exclude_from_search":false,"footnotes":""},"class_list":["post-4768","page","type-page","status-publish","hentry"],"yoast_head":"<!-- This site is optimized with the Yoast SEO plugin v25.9 - https:\/\/yoast.com\/wordpress\/plugins\/seo\/ -->\n<title>K-PALL | Industrial Robots by Kawasaki Robotics<\/title>\n<meta name=\"description\" content=\"Discover K-PALL, the extremely compact and lightweight palletizing solution from Kawasaki Robotics. K-PALL automates your palletizing tasks.\" \/>\n<meta name=\"robots\" content=\"index, follow, max-snippet:-1, max-image-preview:large, max-video-preview:-1\" \/>\n<link rel=\"canonical\" href=\"https:\/\/kawasakirobotics.com\/pl\/k-pall\/\" \/>\n<meta property=\"og:locale\" content=\"pl_PL\" \/>\n<meta property=\"og:type\" content=\"article\" \/>\n<meta property=\"og:title\" content=\"K-PALL | Industrial Robots by Kawasaki Robotics\" \/>\n<meta property=\"og:description\" content=\"Discover K-PALL, the extremely compact and lightweight palletizing solution from Kawasaki Robotics. K-PALL automates your palletizing tasks.\" \/>\n<meta property=\"og:url\" content=\"https:\/\/kawasakirobotics.com\/pl\/k-pall\/\" \/>\n<meta property=\"og:site_name\" content=\"Kawasaki Robotics\" \/>\n<meta property=\"article:modified_time\" content=\"2025-05-15T04:37:43+00:00\" \/>\n<meta property=\"og:image\" content=\"https:\/\/kawasakirobotics.com\/content\/themes\/krobot-theme\/src\/images\/default\/ogp.jpg\" \/>\n\t<meta property=\"og:image:width\" content=\"1200\" \/>\n\t<meta property=\"og:image:height\" content=\"630\" \/>\n\t<meta property=\"og:image:type\" content=\"image\/jpeg\" \/>\n<meta name=\"twitter:card\" content=\"summary_large_image\" \/>\n<script type=\"application\/ld+json\" class=\"yoast-schema-graph\">{\"@context\":\"https:\/\/schema.org\",\"@graph\":[{\"@type\":\"WebPage\",\"@id\":\"https:\/\/kawasakirobotics.com\/pl\/k-pall\/\",\"url\":\"https:\/\/kawasakirobotics.com\/pl\/k-pall\/\",\"name\":\"K-PALL | Industrial Robots by Kawasaki Robotics\",\"isPartOf\":{\"@id\":\"https:\/\/kawasakirobotics.com\/pl\/#website\"},\"primaryImageOfPage\":{\"@id\":\"https:\/\/kawasakirobotics.com\/pl\/k-pall\/#primaryimage\"},\"image\":{\"@id\":\"https:\/\/kawasakirobotics.com\/pl\/k-pall\/#primaryimage\"},\"thumbnailUrl\":\"https:\/\/kawasakirobotics.com\/tachyon\/sites\/9\/2023\/03\/Simply-unique-1.png\",\"datePublished\":\"2022-03-03T03:19:35+00:00\",\"dateModified\":\"2025-05-15T04:37:43+00:00\",\"description\":\"Discover K-PALL, the extremely compact and lightweight palletizing solution from Kawasaki Robotics. K-PALL automates your palletizing tasks.\",\"breadcrumb\":{\"@id\":\"https:\/\/kawasakirobotics.com\/pl\/k-pall\/#breadcrumb\"},\"inLanguage\":\"pl-PL\",\"potentialAction\":[{\"@type\":\"ReadAction\",\"target\":[\"https:\/\/kawasakirobotics.com\/pl\/k-pall\/\"]}]},{\"@type\":\"ImageObject\",\"inLanguage\":\"pl-PL\",\"@id\":\"https:\/\/kawasakirobotics.com\/pl\/k-pall\/#primaryimage\",\"url\":\"https:\/\/kawasakirobotics.com\/tachyon\/sites\/9\/2023\/03\/Simply-unique-1.png\",\"contentUrl\":\"https:\/\/kawasakirobotics.com\/tachyon\/sites\/9\/2023\/03\/Simply-unique-1.png\"},{\"@type\":\"BreadcrumbList\",\"@id\":\"https:\/\/kawasakirobotics.com\/pl\/k-pall\/#breadcrumb\",\"itemListElement\":[{\"@type\":\"ListItem\",\"position\":1,\"name\":\"Strona g\u0142\u00f3wna\",\"item\":\"https:\/\/kawasakirobotics.com\/pl\/\"},{\"@type\":\"ListItem\",\"position\":2,\"name\":\"K-PALL\"}]},{\"@type\":\"WebSite\",\"@id\":\"https:\/\/kawasakirobotics.com\/pl\/#website\",\"url\":\"https:\/\/kawasakirobotics.com\/pl\/\",\"name\":\"Kawasaki Robotics\",\"description\":\"\",\"publisher\":{\"@id\":\"https:\/\/kawasakirobotics.com\/pl\/#organization\"},\"potentialAction\":[{\"@type\":\"SearchAction\",\"target\":{\"@type\":\"EntryPoint\",\"urlTemplate\":\"https:\/\/kawasakirobotics.com\/pl\/?s={search_term_string}\"},\"query-input\":{\"@type\":\"PropertyValueSpecification\",\"valueRequired\":true,\"valueName\":\"search_term_string\"}}],\"inLanguage\":\"pl-PL\"},{\"@type\":\"Organization\",\"@id\":\"https:\/\/kawasakirobotics.com\/pl\/#organization\",\"name\":\"\u5ddd\u5d0e\u91cd\u5de5\u696d\u30ed\u30dc\u30c3\u30c8\u30c7\u30a3\u30d3\u30b8\u30e7\u30f3\",\"url\":\"https:\/\/kawasakirobotics.com\/pl\/\",\"logo\":{\"@type\":\"ImageObject\",\"inLanguage\":\"pl-PL\",\"@id\":\"https:\/\/kawasakirobotics.com\/pl\/#\/schema\/logo\/image\/\",\"url\":\"\",\"contentUrl\":\"\",\"caption\":\"\u5ddd\u5d0e\u91cd\u5de5\u696d\u30ed\u30dc\u30c3\u30c8\u30c7\u30a3\u30d3\u30b8\u30e7\u30f3\"},\"image\":{\"@id\":\"https:\/\/kawasakirobotics.com\/pl\/#\/schema\/logo\/image\/\"}}]}<\/script>\n<!-- \/ Yoast SEO plugin. -->","yoast_head_json":{"title":"K-PALL | Industrial Robots by Kawasaki Robotics","description":"Discover K-PALL, the extremely compact and lightweight palletizing solution from Kawasaki Robotics. K-PALL automates your palletizing tasks.","robots":{"index":"index","follow":"follow","max-snippet":"max-snippet:-1","max-image-preview":"max-image-preview:large","max-video-preview":"max-video-preview:-1"},"canonical":"https:\/\/kawasakirobotics.com\/pl\/k-pall\/","og_locale":"pl_PL","og_type":"article","og_title":"K-PALL | Industrial Robots by Kawasaki Robotics","og_description":"Discover K-PALL, the extremely compact and lightweight palletizing solution from Kawasaki Robotics. K-PALL automates your palletizing tasks.","og_url":"https:\/\/kawasakirobotics.com\/pl\/k-pall\/","og_site_name":"Kawasaki Robotics","article_modified_time":"2025-05-15T04:37:43+00:00","og_image":[{"url":"https:\/\/kawasakirobotics.com\/content\/themes\/krobot-theme\/src\/images\/default\/ogp.jpg","width":"1200","height":"630","type":"image\/jpeg"}],"twitter_card":"summary_large_image","schema":{"@context":"https:\/\/schema.org","@graph":[{"@type":"WebPage","@id":"https:\/\/kawasakirobotics.com\/pl\/k-pall\/","url":"https:\/\/kawasakirobotics.com\/pl\/k-pall\/","name":"K-PALL | Industrial Robots by Kawasaki Robotics","isPartOf":{"@id":"https:\/\/kawasakirobotics.com\/pl\/#website"},"primaryImageOfPage":{"@id":"https:\/\/kawasakirobotics.com\/pl\/k-pall\/#primaryimage"},"image":{"@id":"https:\/\/kawasakirobotics.com\/pl\/k-pall\/#primaryimage"},"thumbnailUrl":"https:\/\/kawasakirobotics.com\/tachyon\/sites\/9\/2023\/03\/Simply-unique-1.png","datePublished":"2022-03-03T03:19:35+00:00","dateModified":"2025-05-15T04:37:43+00:00","description":"Discover K-PALL, the extremely compact and lightweight palletizing solution from Kawasaki Robotics. K-PALL automates your palletizing tasks.","breadcrumb":{"@id":"https:\/\/kawasakirobotics.com\/pl\/k-pall\/#breadcrumb"},"inLanguage":"pl-PL","potentialAction":[{"@type":"ReadAction","target":["https:\/\/kawasakirobotics.com\/pl\/k-pall\/"]}]},{"@type":"ImageObject","inLanguage":"pl-PL","@id":"https:\/\/kawasakirobotics.com\/pl\/k-pall\/#primaryimage","url":"https:\/\/kawasakirobotics.com\/tachyon\/sites\/9\/2023\/03\/Simply-unique-1.png","contentUrl":"https:\/\/kawasakirobotics.com\/tachyon\/sites\/9\/2023\/03\/Simply-unique-1.png"},{"@type":"BreadcrumbList","@id":"https:\/\/kawasakirobotics.com\/pl\/k-pall\/#breadcrumb","itemListElement":[{"@type":"ListItem","position":1,"name":"Strona g\u0142\u00f3wna","item":"https:\/\/kawasakirobotics.com\/pl\/"},{"@type":"ListItem","position":2,"name":"K-PALL"}]},{"@type":"WebSite","@id":"https:\/\/kawasakirobotics.com\/pl\/#website","url":"https:\/\/kawasakirobotics.com\/pl\/","name":"Kawasaki Robotics","description":"","publisher":{"@id":"https:\/\/kawasakirobotics.com\/pl\/#organization"},"potentialAction":[{"@type":"SearchAction","target":{"@type":"EntryPoint","urlTemplate":"https:\/\/kawasakirobotics.com\/pl\/?s={search_term_string}"},"query-input":{"@type":"PropertyValueSpecification","valueRequired":true,"valueName":"search_term_string"}}],"inLanguage":"pl-PL"},{"@type":"Organization","@id":"https:\/\/kawasakirobotics.com\/pl\/#organization","name":"\u5ddd\u5d0e\u91cd\u5de5\u696d\u30ed\u30dc\u30c3\u30c8\u30c7\u30a3\u30d3\u30b8\u30e7\u30f3","url":"https:\/\/kawasakirobotics.com\/pl\/","logo":{"@type":"ImageObject","inLanguage":"pl-PL","@id":"https:\/\/kawasakirobotics.com\/pl\/#\/schema\/logo\/image\/","url":"","contentUrl":"","caption":"\u5ddd\u5d0e\u91cd\u5de5\u696d\u30ed\u30dc\u30c3\u30c8\u30c7\u30a3\u30d3\u30b8\u30e7\u30f3"},"image":{"@id":"https:\/\/kawasakirobotics.com\/pl\/#\/schema\/logo\/image\/"}}]}},"_links":{"self":[{"href":"https:\/\/kawasakirobotics.com\/pl\/wp-json\/wp\/v2\/pages\/4768","targetHints":{"allow":["GET"]}}],"collection":[{"href":"https:\/\/kawasakirobotics.com\/pl\/wp-json\/wp\/v2\/pages"}],"about":[{"href":"https:\/\/kawasakirobotics.com\/pl\/wp-json\/wp\/v2\/types\/page"}],"author":[{"embeddable":true,"href":"https:\/\/kawasakirobotics.com\/pl\/wp-json\/wp\/v2\/users\/3"}],"replies":[{"embeddable":true,"href":"https:\/\/kawasakirobotics.com\/pl\/wp-json\/wp\/v2\/comments?post=4768"}],"version-history":[{"count":10,"href":"https:\/\/kawasakirobotics.com\/pl\/wp-json\/wp\/v2\/pages\/4768\/revisions"}],"predecessor-version":[{"id":5849,"href":"https:\/\/kawasakirobotics.com\/pl\/wp-json\/wp\/v2\/pages\/4768\/revisions\/5849"}],"wp:attachment":[{"href":"https:\/\/kawasakirobotics.com\/pl\/wp-json\/wp\/v2\/media?parent=4768"}],"curies":[{"name":"wp","href":"https:\/\/api.w.org\/{rel}","templated":true}]}}