{"id":4771,"date":"2022-03-03T03:37:12","date_gmt":"2022-03-03T03:37:12","guid":{"rendered":"urn:uuid:d3860912-7f92-42ec-9957-10281bddbeee"},"modified":"2025-05-15T06:33:04","modified_gmt":"2025-05-15T04:33:04","slug":"k-positioner","status":"publish","type":"page","link":"https:\/\/kawasakirobotics.com\/pl\/k-positioner\/","title":{"rendered":"K-Pozycjoner"},"content":{"rendered":"\n<figure class=\"wp-block-embed is-type-video is-provider-youtube wp-block-embed-youtube wp-embed-aspect-16-9 wp-has-aspect-ratio\"><div class=\"wp-block-embed__wrapper\">\n<iframe loading=\"lazy\" title=\"Kawasaki Robotics BA006L welding motorbike steel frame\" width=\"900\" height=\"506\" src=\"https:\/\/www.youtube.com\/embed\/sBDzODSBCUE?feature=oembed\" frameborder=\"0\" allow=\"accelerometer; autoplay; clipboard-write; encrypted-media; gyroscope; picture-in-picture; web-share\" referrerpolicy=\"strict-origin-when-cross-origin\" allowfullscreen><\/iframe>\n<\/div><\/figure>\n\n\n\n<h2 class=\"wp-block-heading\">Pozycjonery wysokiej klasy do indywidualnych zastosowa\u0144<\/h2>\n\n\n\n<p>Kawasaki dostarcza pe\u0142n\u0105 gam\u0119 wysokiej klasy pozycjoner\u00f3w \u2013 od jednoosiowych pozycjoner\u00f3w z osi\u0105 pionow\u0105 (sto\u0142y obrotowe) lub poziom\u0105 (z dodatkowym wsparciem lub bez) po pozycjonery wielopozycyjne. Pozycjonery mog\u0105 obs\u0142ugiwa\u0107 produkty od 100 kg do 3000 kg. Ka\u017cdy z ustawnik\u00f3w mo\u017ce by\u0107 dostarczony od razu w jego standardowej konfiguracji lub by\u0107 przygotowany w specjalistycznych projektach, kt\u00f3re uwzgl\u0119dniaj\u0105 wszystkie indywidualne potrzeby aplikacji.<\/p>\n\n\n\n<figure class=\"wp-block-image size-large\"><img loading=\"lazy\" decoding=\"async\" width=\"2048\" height=\"1301\" src=\"https:\/\/kawasakirobotics.com\/tachyon\/sites\/5\/2022\/03\/K-Positioners-no-background-shades-2048x1301-1.png?fit=900%2C900\" alt=\"K-Pozycjoner02\" class=\"wp-image-4772\" srcset=\"https:\/\/kawasakirobotics.com\/tachyon\/sites\/34\/2022\/03\/K-Positioners-no-background-shades-2048x1301-1.png?resize=2048%2C1301&amp;zoom=1 2048w, https:\/\/kawasakirobotics.com\/tachyon\/sites\/34\/2022\/03\/K-Positioners-no-background-shades-2048x1301-1.png?resize=2048%2C1301&amp;zoom=0.5 1024w, https:\/\/kawasakirobotics.com\/tachyon\/sites\/34\/2022\/03\/K-Positioners-no-background-shades-2048x1301-1.png?resize=2048%2C1301&amp;zoom=0.25 512w\" sizes=\"auto, (max-width: 2048px) 100vw, 2048px\" \/><\/figure>\n\n\n\n<h2 class=\"wp-block-heading\">Tak niezawodne i precyzyjne jak same roboty Kawasaki<\/h2>\n\n\n\n<p>Pozycjonery K zosta\u0142y specjalnie opracowane, aby idealnie wsp\u00f3\u0142pracowa\u0107 z robotami Kawasaki. Dzi\u0119ki oryginalnym cz\u0119\u015bciom Kawasaki s\u0105 r\u00f3wnie niezawodne i precyzyjne jak same roboty. Pozycjonery nap\u0119dzane s\u0105 dodatkow\u0105 osi\u0105 Kawasaki sterowan\u0105 przez sterownik robota, co zapewnia \u0142atw\u0105 i szybk\u0105 integracj\u0119.<\/p>\n\n\n\n<figure class=\"wp-block-image size-large\"><img loading=\"lazy\" decoding=\"async\" width=\"1000\" height=\"667\" src=\"https:\/\/kawasakirobotics.com\/tachyon\/sites\/5\/2022\/03\/anipol-65-tme1.jpeg?fit=900%2C667\" alt=\"K-Pozycjoner01\" class=\"wp-image-4773\" srcset=\"https:\/\/kawasakirobotics.com\/tachyon\/sites\/34\/2022\/03\/anipol-65-tme1.jpeg?resize=1000%2C667&amp;zoom=1 1000w, https:\/\/kawasakirobotics.com\/tachyon\/sites\/34\/2022\/03\/anipol-65-tme1.jpeg?resize=1000%2C667&amp;zoom=0.5 500w, https:\/\/kawasakirobotics.com\/tachyon\/sites\/34\/2022\/03\/anipol-65-tme1.jpeg?resize=1000%2C667&amp;zoom=0.25 250w\" sizes=\"auto, (max-width: 1000px) 100vw, 1000px\" \/><\/figure>\n\n\n\n<h2 class=\"wp-block-heading\">Modu\u0142owa konstrukcja zapewnia maksymaln\u0105 elastyczno\u015b\u0107 i wydajno\u015b\u0107<\/h2>\n\n\n\n<p>Linia pozycjoner\u00f3w K oparta jest na koncepcji budowy modu\u0142owej, dzi\u0119ki czemu mo\u017cna j\u0105 \u0142atwo modyfikowa\u0107 i dostosowywa\u0107 do zmieniaj\u0105cych si\u0119 potrzeb produkcyjnych. Ich solidna i sztywna konstrukcja umo\u017cliwia spawanie ze sta\u0142\u0105 optymaln\u0105 wydajno\u015bci\u0105 i produktywno\u015bci\u0105, przy zachowaniu doskona\u0142ej jako\u015bci produktu i gwarantuj\u0105cej terminow\u0105 realizacj\u0119 zam\u00f3wie\u0144.<\/p>\n\n\n\n<div class=\"wp-block-group has-light-gray-background-color has-background is-layout-flow wp-block-group-is-layout-flow\">\n<h4 class=\"wp-block-heading has-text-align-center\">Dowiedz si\u0119 wi\u0119cej o pozycjonerze K<\/h4>\n\n\n\n<div class=\"wp-block-buttons is-horizontal is-content-justification-center is-layout-flex wp-container-core-buttons-is-layout-03627597 wp-block-buttons-is-layout-flex\">\n<div class=\"wp-block-button\"><a class=\"wp-block-button__link wp-element-button\" href=\"https:\/\/kawasaki-corporate.spiral-site.com\/ind_robot_eu?_ifbs-ind_robot_eu=s1_Step1&amp;_gl=1*1iapzqc*_ga*MTQ4ODM3MDE3MC4xNjM3NzMyNDU4*_ga_GRRCX7N19P*MTY0NjI2ODUzOC4yLjEuMTY0NjI3ODE0NC4w\" target=\"_blank\" rel=\"noreferrer noopener\">Kontakt<\/a><\/div>\n<\/div>\n<\/div>\n","protected":false},"excerpt":{"rendered":"<p>Pozycjonery wysokiej klasy do indywidualnych zastosowa\u0144 Kawasaki dostarcza pe\u0142n\u0105 gam\u0119 wysokiej klasy pozycjoner\u00f3w \u2013 od jednoosiowych pozycjoner\u00f3w z osi\u0105 pionow\u0105 (sto\u0142y obrotowe) lub poziom\u0105 (z dodatkowym wsparciem lub bez) po pozycjonery wielopozycyjne. Pozycjonery mog\u0105 obs\u0142ugiwa\u0107 produkty od 100 kg do 3000 kg. Ka\u017cdy z ustawnik\u00f3w mo\u017ce by\u0107 dostarczony od razu w jego standardowej konfiguracji lub by\u0107 przygotowany w specjalistycznych projektach, kt\u00f3re uwzgl\u0119dniaj\u0105 wszystkie indywidualne potrzeby aplikacji. Tak niezawodne i precyzyjne jak same roboty Kawasaki Pozycjonery K zosta\u0142y specjalnie opracowane, aby idealnie wsp\u00f3\u0142pracowa\u0107 z robotami Kawasaki. Dzi\u0119ki oryginalnym cz\u0119\u015bciom Kawasaki s\u0105 r\u00f3wnie niezawodne i precyzyjne jak same roboty. Pozycjonery nap\u0119dzane s\u0105 dodatkow\u0105 osi\u0105 Kawasaki sterowan\u0105 przez sterownik robota, co zapewnia \u0142atw\u0105 [&hellip;]<\/p>\n","protected":false},"author":3,"featured_media":0,"parent":0,"menu_order":0,"comment_status":"closed","ping_status":"closed","template":"","meta":{"ep_exclude_from_search":false,"footnotes":""},"class_list":["post-4771","page","type-page","status-publish","hentry"],"yoast_head":"<!-- This site is optimized with the Yoast SEO plugin v25.9 - https:\/\/yoast.com\/wordpress\/plugins\/seo\/ -->\n<title>K-Pozycjoner | Industrial Robots by Kawasaki Robotics<\/title>\n<meta name=\"description\" content=\"Kawasaki Robotics offers a wide range of high-end positioners, from single to multi-axis, capable of handling products from 100kg to 3,000kg.\" \/>\n<meta name=\"robots\" content=\"index, follow, max-snippet:-1, max-image-preview:large, max-video-preview:-1\" \/>\n<link rel=\"canonical\" href=\"https:\/\/kawasakirobotics.com\/pl\/k-positioner\/\" \/>\n<meta property=\"og:locale\" content=\"pl_PL\" \/>\n<meta property=\"og:type\" content=\"article\" \/>\n<meta property=\"og:title\" content=\"K-Pozycjoner | Industrial Robots by Kawasaki Robotics\" \/>\n<meta property=\"og:description\" content=\"Kawasaki Robotics offers a wide range of high-end positioners, from single to multi-axis, capable of handling products from 100kg to 3,000kg.\" \/>\n<meta property=\"og:url\" content=\"https:\/\/kawasakirobotics.com\/pl\/k-positioner\/\" \/>\n<meta property=\"og:site_name\" content=\"Kawasaki Robotics\" \/>\n<meta property=\"article:modified_time\" content=\"2025-05-15T04:33:04+00:00\" \/>\n<meta property=\"og:image\" content=\"https:\/\/kawasakirobotics.com\/content\/themes\/krobot-theme\/src\/images\/default\/ogp.jpg\" \/>\n\t<meta property=\"og:image:width\" content=\"1200\" \/>\n\t<meta property=\"og:image:height\" content=\"630\" \/>\n\t<meta property=\"og:image:type\" content=\"image\/jpeg\" \/>\n<meta name=\"twitter:card\" content=\"summary_large_image\" \/>\n<script type=\"application\/ld+json\" class=\"yoast-schema-graph\">{\"@context\":\"https:\/\/schema.org\",\"@graph\":[{\"@type\":\"WebPage\",\"@id\":\"https:\/\/kawasakirobotics.com\/pl\/k-positioner\/\",\"url\":\"https:\/\/kawasakirobotics.com\/pl\/k-positioner\/\",\"name\":\"K-Pozycjoner | Industrial Robots by Kawasaki Robotics\",\"isPartOf\":{\"@id\":\"https:\/\/kawasakirobotics.com\/pl\/#website\"},\"primaryImageOfPage\":{\"@id\":\"https:\/\/kawasakirobotics.com\/pl\/k-positioner\/#primaryimage\"},\"image\":{\"@id\":\"https:\/\/kawasakirobotics.com\/pl\/k-positioner\/#primaryimage\"},\"thumbnailUrl\":\"https:\/\/kawasakirobotics.com\/tachyon\/sites\/5\/2022\/03\/K-Positioners-no-background-shades-2048x1301-1.png?fit=900%2C900\",\"datePublished\":\"2022-03-03T03:37:12+00:00\",\"dateModified\":\"2025-05-15T04:33:04+00:00\",\"description\":\"Kawasaki Robotics offers a wide range of high-end positioners, from single to multi-axis, capable of handling products from 100kg to 3,000kg.\",\"breadcrumb\":{\"@id\":\"https:\/\/kawasakirobotics.com\/pl\/k-positioner\/#breadcrumb\"},\"inLanguage\":\"pl-PL\",\"potentialAction\":[{\"@type\":\"ReadAction\",\"target\":[\"https:\/\/kawasakirobotics.com\/pl\/k-positioner\/\"]}]},{\"@type\":\"ImageObject\",\"inLanguage\":\"pl-PL\",\"@id\":\"https:\/\/kawasakirobotics.com\/pl\/k-positioner\/#primaryimage\",\"url\":\"https:\/\/kawasakirobotics.com\/tachyon\/sites\/5\/2022\/03\/K-Positioners-no-background-shades-2048x1301-1.png?fit=900%2C900\",\"contentUrl\":\"https:\/\/kawasakirobotics.com\/tachyon\/sites\/5\/2022\/03\/K-Positioners-no-background-shades-2048x1301-1.png?fit=900%2C900\"},{\"@type\":\"BreadcrumbList\",\"@id\":\"https:\/\/kawasakirobotics.com\/pl\/k-positioner\/#breadcrumb\",\"itemListElement\":[{\"@type\":\"ListItem\",\"position\":1,\"name\":\"Strona g\u0142\u00f3wna\",\"item\":\"https:\/\/kawasakirobotics.com\/pl\/\"},{\"@type\":\"ListItem\",\"position\":2,\"name\":\"K-Pozycjoner\"}]},{\"@type\":\"WebSite\",\"@id\":\"https:\/\/kawasakirobotics.com\/pl\/#website\",\"url\":\"https:\/\/kawasakirobotics.com\/pl\/\",\"name\":\"Kawasaki Robotics\",\"description\":\"\",\"publisher\":{\"@id\":\"https:\/\/kawasakirobotics.com\/pl\/#organization\"},\"potentialAction\":[{\"@type\":\"SearchAction\",\"target\":{\"@type\":\"EntryPoint\",\"urlTemplate\":\"https:\/\/kawasakirobotics.com\/pl\/?s={search_term_string}\"},\"query-input\":{\"@type\":\"PropertyValueSpecification\",\"valueRequired\":true,\"valueName\":\"search_term_string\"}}],\"inLanguage\":\"pl-PL\"},{\"@type\":\"Organization\",\"@id\":\"https:\/\/kawasakirobotics.com\/pl\/#organization\",\"name\":\"\u5ddd\u5d0e\u91cd\u5de5\u696d\u30ed\u30dc\u30c3\u30c8\u30c7\u30a3\u30d3\u30b8\u30e7\u30f3\",\"url\":\"https:\/\/kawasakirobotics.com\/pl\/\",\"logo\":{\"@type\":\"ImageObject\",\"inLanguage\":\"pl-PL\",\"@id\":\"https:\/\/kawasakirobotics.com\/pl\/#\/schema\/logo\/image\/\",\"url\":\"\",\"contentUrl\":\"\",\"caption\":\"\u5ddd\u5d0e\u91cd\u5de5\u696d\u30ed\u30dc\u30c3\u30c8\u30c7\u30a3\u30d3\u30b8\u30e7\u30f3\"},\"image\":{\"@id\":\"https:\/\/kawasakirobotics.com\/pl\/#\/schema\/logo\/image\/\"}}]}<\/script>\n<!-- \/ Yoast SEO plugin. -->","yoast_head_json":{"title":"K-Pozycjoner | Industrial Robots by Kawasaki Robotics","description":"Kawasaki Robotics offers a wide range of high-end positioners, from single to multi-axis, capable of handling products from 100kg to 3,000kg.","robots":{"index":"index","follow":"follow","max-snippet":"max-snippet:-1","max-image-preview":"max-image-preview:large","max-video-preview":"max-video-preview:-1"},"canonical":"https:\/\/kawasakirobotics.com\/pl\/k-positioner\/","og_locale":"pl_PL","og_type":"article","og_title":"K-Pozycjoner | Industrial Robots by Kawasaki Robotics","og_description":"Kawasaki Robotics offers a wide range of high-end positioners, from single to multi-axis, capable of handling products from 100kg to 3,000kg.","og_url":"https:\/\/kawasakirobotics.com\/pl\/k-positioner\/","og_site_name":"Kawasaki Robotics","article_modified_time":"2025-05-15T04:33:04+00:00","og_image":[{"url":"https:\/\/kawasakirobotics.com\/content\/themes\/krobot-theme\/src\/images\/default\/ogp.jpg","width":"1200","height":"630","type":"image\/jpeg"}],"twitter_card":"summary_large_image","schema":{"@context":"https:\/\/schema.org","@graph":[{"@type":"WebPage","@id":"https:\/\/kawasakirobotics.com\/pl\/k-positioner\/","url":"https:\/\/kawasakirobotics.com\/pl\/k-positioner\/","name":"K-Pozycjoner | Industrial Robots by Kawasaki Robotics","isPartOf":{"@id":"https:\/\/kawasakirobotics.com\/pl\/#website"},"primaryImageOfPage":{"@id":"https:\/\/kawasakirobotics.com\/pl\/k-positioner\/#primaryimage"},"image":{"@id":"https:\/\/kawasakirobotics.com\/pl\/k-positioner\/#primaryimage"},"thumbnailUrl":"https:\/\/kawasakirobotics.com\/tachyon\/sites\/5\/2022\/03\/K-Positioners-no-background-shades-2048x1301-1.png?fit=900%2C900","datePublished":"2022-03-03T03:37:12+00:00","dateModified":"2025-05-15T04:33:04+00:00","description":"Kawasaki Robotics offers a wide range of high-end positioners, from single to multi-axis, capable of handling products from 100kg to 3,000kg.","breadcrumb":{"@id":"https:\/\/kawasakirobotics.com\/pl\/k-positioner\/#breadcrumb"},"inLanguage":"pl-PL","potentialAction":[{"@type":"ReadAction","target":["https:\/\/kawasakirobotics.com\/pl\/k-positioner\/"]}]},{"@type":"ImageObject","inLanguage":"pl-PL","@id":"https:\/\/kawasakirobotics.com\/pl\/k-positioner\/#primaryimage","url":"https:\/\/kawasakirobotics.com\/tachyon\/sites\/5\/2022\/03\/K-Positioners-no-background-shades-2048x1301-1.png?fit=900%2C900","contentUrl":"https:\/\/kawasakirobotics.com\/tachyon\/sites\/5\/2022\/03\/K-Positioners-no-background-shades-2048x1301-1.png?fit=900%2C900"},{"@type":"BreadcrumbList","@id":"https:\/\/kawasakirobotics.com\/pl\/k-positioner\/#breadcrumb","itemListElement":[{"@type":"ListItem","position":1,"name":"Strona g\u0142\u00f3wna","item":"https:\/\/kawasakirobotics.com\/pl\/"},{"@type":"ListItem","position":2,"name":"K-Pozycjoner"}]},{"@type":"WebSite","@id":"https:\/\/kawasakirobotics.com\/pl\/#website","url":"https:\/\/kawasakirobotics.com\/pl\/","name":"Kawasaki Robotics","description":"","publisher":{"@id":"https:\/\/kawasakirobotics.com\/pl\/#organization"},"potentialAction":[{"@type":"SearchAction","target":{"@type":"EntryPoint","urlTemplate":"https:\/\/kawasakirobotics.com\/pl\/?s={search_term_string}"},"query-input":{"@type":"PropertyValueSpecification","valueRequired":true,"valueName":"search_term_string"}}],"inLanguage":"pl-PL"},{"@type":"Organization","@id":"https:\/\/kawasakirobotics.com\/pl\/#organization","name":"\u5ddd\u5d0e\u91cd\u5de5\u696d\u30ed\u30dc\u30c3\u30c8\u30c7\u30a3\u30d3\u30b8\u30e7\u30f3","url":"https:\/\/kawasakirobotics.com\/pl\/","logo":{"@type":"ImageObject","inLanguage":"pl-PL","@id":"https:\/\/kawasakirobotics.com\/pl\/#\/schema\/logo\/image\/","url":"","contentUrl":"","caption":"\u5ddd\u5d0e\u91cd\u5de5\u696d\u30ed\u30dc\u30c3\u30c8\u30c7\u30a3\u30d3\u30b8\u30e7\u30f3"},"image":{"@id":"https:\/\/kawasakirobotics.com\/pl\/#\/schema\/logo\/image\/"}}]}},"_links":{"self":[{"href":"https:\/\/kawasakirobotics.com\/pl\/wp-json\/wp\/v2\/pages\/4771","targetHints":{"allow":["GET"]}}],"collection":[{"href":"https:\/\/kawasakirobotics.com\/pl\/wp-json\/wp\/v2\/pages"}],"about":[{"href":"https:\/\/kawasakirobotics.com\/pl\/wp-json\/wp\/v2\/types\/page"}],"author":[{"embeddable":true,"href":"https:\/\/kawasakirobotics.com\/pl\/wp-json\/wp\/v2\/users\/3"}],"replies":[{"embeddable":true,"href":"https:\/\/kawasakirobotics.com\/pl\/wp-json\/wp\/v2\/comments?post=4771"}],"version-history":[{"count":4,"href":"https:\/\/kawasakirobotics.com\/pl\/wp-json\/wp\/v2\/pages\/4771\/revisions"}],"predecessor-version":[{"id":5845,"href":"https:\/\/kawasakirobotics.com\/pl\/wp-json\/wp\/v2\/pages\/4771\/revisions\/5845"}],"wp:attachment":[{"href":"https:\/\/kawasakirobotics.com\/pl\/wp-json\/wp\/v2\/media?parent=4771"}],"curies":[{"name":"wp","href":"https:\/\/api.w.org\/{rel}","templated":true}]}}