{"id":4775,"date":"2022-03-03T04:05:51","date_gmt":"2022-03-03T04:05:51","guid":{"rendered":"urn:uuid:38146940-4ff2-410d-8a03-b360c15c8781"},"modified":"2025-05-15T06:35:54","modified_gmt":"2025-05-15T04:35:54","slug":"k-virtual","status":"publish","type":"page","link":"https:\/\/kawasakirobotics.com\/pl\/k-virtual\/","title":{"rendered":"K-wirtualny"},"content":{"rendered":"\n<figure class=\"wp-block-embed is-type-video is-provider-youtube wp-block-embed-youtube wp-embed-aspect-16-9 wp-has-aspect-ratio\"><div class=\"wp-block-embed__wrapper\">\n<iframe loading=\"lazy\" title=\"K-Virtual the 3D-Simulation Tool for Kawasaki Robots\" width=\"900\" height=\"506\" src=\"https:\/\/www.youtube.com\/embed\/hN77S2OpI-E?feature=oembed\" frameborder=\"0\" allow=\"accelerometer; autoplay; clipboard-write; encrypted-media; gyroscope; picture-in-picture; web-share\" referrerpolicy=\"strict-origin-when-cross-origin\" allowfullscreen><\/iframe>\n<\/div><\/figure>\n\n\n\n<h2 class=\"wp-block-heading\">Intuicyjna platforma symulacji 3D<\/h2>\n\n\n\n<p>Z\u0142o\u017cono\u015b\u0107 proces\u00f3w i rozwi\u0105za\u0144 produkcyjnych ro\u015bnie z dnia na dzie\u0144 \u2013 naszym celem jest ich uproszczenie i umo\u017cliwienie skupienia si\u0119 na podstawowych zadaniach. Oparta na sprawdzonej technologii FASTSUITE firmy CENIT technologia K-Virtual umo\u017cliwia sprawne opracowywanie, programowanie i optymalizacj\u0119 z\u0142o\u017conych aplikacji robot\u00f3w za pomoc\u0105 intuicyjnej platformy i cyfrowego bli\u017aniaka systemu.<\/p>\n\n\n\n<p><strong>Dost\u0119pny w trzech edycjach \u2013 idealnie dopasowanych do Twoich indywidualnych potrzeb. Dowiedz si\u0119 wi\u0119cej o ka\u017cdym z nich z film\u00f3w, do kt\u00f3rych linki znajduj\u0105 si\u0119 na li\u015bcie!<\/strong><\/p>\n\n\n\n<div class=\"wp-block-columns has-light-gray-background-color has-background is-layout-flex wp-container-core-columns-is-layout-28f84493 wp-block-columns-is-layout-flex\">\n<div class=\"wp-block-column is-layout-flow wp-block-column-is-layout-flow\">\n<p class=\"has-text-align-center\">Edycja 1: K-Virtual Basicsic<\/p>\n\n\n\n<div class=\"wp-block-buttons is-horizontal is-content-justification-center is-layout-flex wp-container-core-buttons-is-layout-03627597 wp-block-buttons-is-layout-flex\">\n<div class=\"wp-block-button\"><a class=\"wp-block-button__link wp-element-button\" href=\"https:\/\/youtu.be\/yWhfuBYrFDA\" target=\"_blank\" rel=\"noreferrer noopener\">Wideo<\/a><\/div>\n<\/div>\n<\/div>\n\n\n\n<div class=\"wp-block-column is-layout-flow wp-block-column-is-layout-flow\">\n<p class=\"has-text-align-center\">Edycja 2: K-Virtual OLP<\/p>\n\n\n\n<div class=\"wp-block-buttons is-horizontal is-content-justification-center is-layout-flex wp-container-core-buttons-is-layout-03627597 wp-block-buttons-is-layout-flex\">\n<div class=\"wp-block-button\"><a class=\"wp-block-button__link wp-element-button\" href=\"https:\/\/youtu.be\/ksMn1d4pGE4\" target=\"_blank\" rel=\"noreferrer noopener\">Wideo<\/a><\/div>\n<\/div>\n<\/div>\n\n\n\n<div class=\"wp-block-column is-layout-flow wp-block-column-is-layout-flow\">\n<p class=\"has-text-align-center\">Edycja 3: K-Virtual Exper<\/p>\n\n\n\n<div class=\"wp-block-buttons is-horizontal is-content-justification-center is-layout-flex wp-container-core-buttons-is-layout-03627597 wp-block-buttons-is-layout-flex\">\n<div class=\"wp-block-button\"><a class=\"wp-block-button__link wp-element-button\" href=\"https:\/\/youtu.be\/65ivUh0T160\" target=\"_blank\" rel=\"noreferrer noopener\">Wideo<\/a><\/div>\n<\/div>\n<\/div>\n<\/div>\n\n\n\n<h2 class=\"wp-block-heading\"><strong>Gotowi na Przemys\u0142 4.0<\/strong><\/h2>\n\n\n\n<figure class=\"wp-block-image size-large\"><img loading=\"lazy\" decoding=\"async\" width=\"2048\" height=\"1152\" src=\"https:\/\/kawasakirobotics.com\/tachyon\/sites\/5\/2022\/03\/Scenario1-2048x1152-1.jpeg?fit=900%2C900\" alt=\"Scenariusz K-Virtual01\" class=\"wp-image-4776\" srcset=\"https:\/\/kawasakirobotics.com\/tachyon\/sites\/34\/2022\/03\/Scenario1-2048x1152-1.jpeg?resize=2048%2C1152&amp;crop_strategy=smart&amp;zoom=1 2048w, https:\/\/kawasakirobotics.com\/tachyon\/sites\/34\/2022\/03\/Scenario1-2048x1152-1.jpeg?resize=2048%2C1152&amp;crop_strategy=smart&amp;zoom=0.5 1024w, https:\/\/kawasakirobotics.com\/tachyon\/sites\/34\/2022\/03\/Scenario1-2048x1152-1.jpeg?resize=2048%2C1152&amp;crop_strategy=smart&amp;zoom=0.25 512w\" sizes=\"auto, (max-width: 2048px) 100vw, 2048px\" \/><\/figure>\n\n\n\n<p>Przemys\u0142 4.0 wymaga nowych podej\u015b\u0107 i koncepcji. Wirtualne fabryki i modele fabryk musz\u0105 dok\u0142adnie odzwierciedla\u0107 rzeczywiste systemy produkcyjne pod ka\u017cdym wzgl\u0119dem. Dzi\u0119ki K-Virtual oferujemy optymalne narz\u0119dzie do planowania indywidualnej automatyzacji. K-Virtual to nowe oprogramowanie do wydajnej in\u017cynierii instalacji, praktycznej symulacji robot\u00f3w i<br>wygodne programowanie offline robot\u00f3w Kawasaki.<\/p>\n\n\n\n<h2 class=\"wp-block-heading\">Wykorzystaj pe\u0142ny potencja\u0142 swoich robot\u00f3w Kawasaki<\/h2>\n\n\n\n<figure class=\"wp-block-image size-large\"><img loading=\"lazy\" decoding=\"async\" width=\"2048\" height=\"1152\" src=\"https:\/\/kawasakirobotics.com\/tachyon\/sites\/5\/2022\/03\/Scenario4-2048x1152-1.jpeg?fit=900%2C900\" alt=\"\nScenariusz K-Virtual0\" class=\"wp-image-4777\" srcset=\"https:\/\/kawasakirobotics.com\/tachyon\/sites\/34\/2022\/03\/Scenario4-2048x1152-1.jpeg?resize=2048%2C1152&amp;crop_strategy=smart&amp;zoom=1 2048w, https:\/\/kawasakirobotics.com\/tachyon\/sites\/34\/2022\/03\/Scenario4-2048x1152-1.jpeg?resize=2048%2C1152&amp;crop_strategy=smart&amp;zoom=0.5 1024w, https:\/\/kawasakirobotics.com\/tachyon\/sites\/34\/2022\/03\/Scenario4-2048x1152-1.jpeg?resize=2048%2C1152&amp;crop_strategy=smart&amp;zoom=0.25 512w\" sizes=\"auto, (max-width: 2048px) 100vw, 2048px\" \/><\/figure>\n\n\n\n<p>K-Virtual jest dost\u0119pny w kilku wersjach \u2013 od Basic do Expert \u2013 i jest zoptymalizowany do r\u00f3\u017cnych zastosowa\u0144, takich jak spawanie \u0142ukowe. Dzi\u0119ki temu firmy mog\u0105 w pe\u0142ni wykorzysta\u0107 pe\u0142n\u0105 wydajno\u015b\u0107 swoich robot\u00f3w Kawasaki w ramach indywidualnych rozwi\u0105za\u0144 automatyzacji \u2013 od wst\u0119pnej instalacji po przeprogramowanie i przeprojektowanie zak\u0142adu.<\/p>\n\n\n\n<div class=\"wp-block-group has-light-gray-background-color has-background is-layout-flow wp-block-group-is-layout-flow\">\n<h4 class=\"wp-block-heading has-text-align-center\">Ucz si\u0119 wi\u0119cej<\/h4>\n\n\n\n<div class=\"wp-block-columns is-layout-flex wp-container-core-columns-is-layout-28f84493 wp-block-columns-is-layout-flex\">\n<div class=\"wp-block-column is-layout-flow wp-block-column-is-layout-flow\">\n<h6 class=\"wp-block-heading has-text-align-center\">Nasza wirtualna broszura K-Virtual<\/h6>\n\n\n\n<div class=\"wp-block-buttons is-horizontal is-content-justification-center is-layout-flex wp-container-core-buttons-is-layout-03627597 wp-block-buttons-is-layout-flex\">\n<div class=\"wp-block-button\"><a class=\"wp-block-button__link wp-element-button\" href=\"https:\/\/kawasakirobotics.com\/uploads\/sites\/5\/2022\/03\/K-Virtual-EN-Digital-1.pdf\" target=\"_blank\" rel=\"noreferrer noopener\">Pobiera\u0107<\/a><\/div>\n<\/div>\n<\/div>\n\n\n\n<div class=\"wp-block-column is-layout-flow wp-block-column-is-layout-flow\">\n<h6 class=\"wp-block-heading has-text-align-center\">M\u00f3w do nas<\/h6>\n\n\n\n<div class=\"wp-block-buttons is-horizontal is-content-justification-center is-layout-flex wp-container-core-buttons-is-layout-03627597 wp-block-buttons-is-layout-flex\">\n<div class=\"wp-block-button\"><a class=\"wp-block-button__link wp-element-button\" href=\"https:\/\/kawasaki-corporate.spiral-site.com\/ind_robot_eu?_ifbs-ind_robot_eu=s1_Step1&amp;_gl=1*1iapzqc*_ga*MTQ4ODM3MDE3MC4xNjM3NzMyNDU4*_ga_GRRCX7N19P*MTY0NjI2ODUzOC4yLjEuMTY0NjI3ODE0NC4w\" target=\"_blank\" rel=\"noreferrer noopener\">Kontakt<\/a><\/div>\n<\/div>\n<\/div>\n<\/div>\n<\/div>\n","protected":false},"excerpt":{"rendered":"<p>Intuicyjna platforma symulacji 3D Z\u0142o\u017cono\u015b\u0107 proces\u00f3w i rozwi\u0105za\u0144 produkcyjnych ro\u015bnie z dnia na dzie\u0144 \u2013 naszym celem jest ich uproszczenie i umo\u017cliwienie skupienia si\u0119 na podstawowych zadaniach. Oparta na sprawdzonej technologii FASTSUITE firmy CENIT technologia K-Virtual umo\u017cliwia sprawne opracowywanie, programowanie i optymalizacj\u0119 z\u0142o\u017conych aplikacji robot\u00f3w za pomoc\u0105 intuicyjnej platformy i cyfrowego bli\u017aniaka systemu. Dost\u0119pny w trzech edycjach \u2013 idealnie dopasowanych do Twoich indywidualnych potrzeb. Dowiedz si\u0119 wi\u0119cej o ka\u017cdym z nich z film\u00f3w, do kt\u00f3rych linki znajduj\u0105 si\u0119 na li\u015bcie! Edycja 1: K-Virtual Basicsic Edycja 2: K-Virtual OLP Edycja 3: K-Virtual Exper Gotowi na Przemys\u0142 4.0 Przemys\u0142 4.0 wymaga nowych podej\u015b\u0107 i koncepcji. Wirtualne fabryki i modele fabryk musz\u0105 dok\u0142adnie [&hellip;]<\/p>\n","protected":false},"author":3,"featured_media":0,"parent":0,"menu_order":0,"comment_status":"closed","ping_status":"closed","template":"","meta":{"ep_exclude_from_search":false,"footnotes":""},"class_list":["post-4775","page","type-page","status-publish","hentry"],"yoast_head":"<!-- This site is optimized with the Yoast SEO plugin v25.9 - https:\/\/yoast.com\/wordpress\/plugins\/seo\/ -->\n<title>K-wirtualny | Industrial Robots by Kawasaki Robotics<\/title>\n<meta name=\"description\" content=\"K-Virtual by Kawasaki Robotics simplifies manufacturing with its intuitive platform and digital twin technology based on CENIT&#039;s FASTSUITE.\" \/>\n<meta name=\"robots\" content=\"index, follow, max-snippet:-1, max-image-preview:large, max-video-preview:-1\" \/>\n<link rel=\"canonical\" href=\"https:\/\/kawasakirobotics.com\/pl\/k-virtual\/\" \/>\n<meta property=\"og:locale\" content=\"pl_PL\" \/>\n<meta property=\"og:type\" content=\"article\" \/>\n<meta property=\"og:title\" content=\"K-wirtualny | Industrial Robots by Kawasaki Robotics\" \/>\n<meta property=\"og:description\" content=\"K-Virtual by Kawasaki Robotics simplifies manufacturing with its intuitive platform and digital twin technology based on CENIT&#039;s FASTSUITE.\" \/>\n<meta property=\"og:url\" content=\"https:\/\/kawasakirobotics.com\/pl\/k-virtual\/\" \/>\n<meta property=\"og:site_name\" content=\"Kawasaki Robotics\" \/>\n<meta property=\"article:modified_time\" content=\"2025-05-15T04:35:54+00:00\" \/>\n<meta property=\"og:image\" content=\"https:\/\/kawasakirobotics.com\/content\/themes\/krobot-theme\/src\/images\/default\/ogp.jpg\" \/>\n\t<meta property=\"og:image:width\" content=\"1200\" \/>\n\t<meta property=\"og:image:height\" content=\"630\" \/>\n\t<meta property=\"og:image:type\" content=\"image\/jpeg\" \/>\n<meta name=\"twitter:card\" content=\"summary_large_image\" \/>\n<script type=\"application\/ld+json\" class=\"yoast-schema-graph\">{\"@context\":\"https:\/\/schema.org\",\"@graph\":[{\"@type\":\"WebPage\",\"@id\":\"https:\/\/kawasakirobotics.com\/pl\/k-virtual\/\",\"url\":\"https:\/\/kawasakirobotics.com\/pl\/k-virtual\/\",\"name\":\"K-wirtualny | Industrial Robots by Kawasaki Robotics\",\"isPartOf\":{\"@id\":\"https:\/\/kawasakirobotics.com\/pl\/#website\"},\"primaryImageOfPage\":{\"@id\":\"https:\/\/kawasakirobotics.com\/pl\/k-virtual\/#primaryimage\"},\"image\":{\"@id\":\"https:\/\/kawasakirobotics.com\/pl\/k-virtual\/#primaryimage\"},\"thumbnailUrl\":\"https:\/\/kawasakirobotics.com\/tachyon\/sites\/5\/2022\/03\/Scenario1-2048x1152-1.jpeg?fit=900%2C900\",\"datePublished\":\"2022-03-03T04:05:51+00:00\",\"dateModified\":\"2025-05-15T04:35:54+00:00\",\"description\":\"K-Virtual by Kawasaki Robotics simplifies manufacturing with its intuitive platform and digital twin technology based on CENIT's FASTSUITE.\",\"breadcrumb\":{\"@id\":\"https:\/\/kawasakirobotics.com\/pl\/k-virtual\/#breadcrumb\"},\"inLanguage\":\"pl-PL\",\"potentialAction\":[{\"@type\":\"ReadAction\",\"target\":[\"https:\/\/kawasakirobotics.com\/pl\/k-virtual\/\"]}]},{\"@type\":\"ImageObject\",\"inLanguage\":\"pl-PL\",\"@id\":\"https:\/\/kawasakirobotics.com\/pl\/k-virtual\/#primaryimage\",\"url\":\"https:\/\/kawasakirobotics.com\/tachyon\/sites\/5\/2022\/03\/Scenario1-2048x1152-1.jpeg?fit=900%2C900\",\"contentUrl\":\"https:\/\/kawasakirobotics.com\/tachyon\/sites\/5\/2022\/03\/Scenario1-2048x1152-1.jpeg?fit=900%2C900\"},{\"@type\":\"BreadcrumbList\",\"@id\":\"https:\/\/kawasakirobotics.com\/pl\/k-virtual\/#breadcrumb\",\"itemListElement\":[{\"@type\":\"ListItem\",\"position\":1,\"name\":\"Strona g\u0142\u00f3wna\",\"item\":\"https:\/\/kawasakirobotics.com\/pl\/\"},{\"@type\":\"ListItem\",\"position\":2,\"name\":\"K-wirtualny\"}]},{\"@type\":\"WebSite\",\"@id\":\"https:\/\/kawasakirobotics.com\/pl\/#website\",\"url\":\"https:\/\/kawasakirobotics.com\/pl\/\",\"name\":\"Kawasaki Robotics\",\"description\":\"\",\"publisher\":{\"@id\":\"https:\/\/kawasakirobotics.com\/pl\/#organization\"},\"potentialAction\":[{\"@type\":\"SearchAction\",\"target\":{\"@type\":\"EntryPoint\",\"urlTemplate\":\"https:\/\/kawasakirobotics.com\/pl\/?s={search_term_string}\"},\"query-input\":{\"@type\":\"PropertyValueSpecification\",\"valueRequired\":true,\"valueName\":\"search_term_string\"}}],\"inLanguage\":\"pl-PL\"},{\"@type\":\"Organization\",\"@id\":\"https:\/\/kawasakirobotics.com\/pl\/#organization\",\"name\":\"\u5ddd\u5d0e\u91cd\u5de5\u696d\u30ed\u30dc\u30c3\u30c8\u30c7\u30a3\u30d3\u30b8\u30e7\u30f3\",\"url\":\"https:\/\/kawasakirobotics.com\/pl\/\",\"logo\":{\"@type\":\"ImageObject\",\"inLanguage\":\"pl-PL\",\"@id\":\"https:\/\/kawasakirobotics.com\/pl\/#\/schema\/logo\/image\/\",\"url\":\"\",\"contentUrl\":\"\",\"caption\":\"\u5ddd\u5d0e\u91cd\u5de5\u696d\u30ed\u30dc\u30c3\u30c8\u30c7\u30a3\u30d3\u30b8\u30e7\u30f3\"},\"image\":{\"@id\":\"https:\/\/kawasakirobotics.com\/pl\/#\/schema\/logo\/image\/\"}}]}<\/script>\n<!-- \/ Yoast SEO plugin. -->","yoast_head_json":{"title":"K-wirtualny | Industrial Robots by Kawasaki Robotics","description":"K-Virtual by Kawasaki Robotics simplifies manufacturing with its intuitive platform and digital twin technology based on CENIT's FASTSUITE.","robots":{"index":"index","follow":"follow","max-snippet":"max-snippet:-1","max-image-preview":"max-image-preview:large","max-video-preview":"max-video-preview:-1"},"canonical":"https:\/\/kawasakirobotics.com\/pl\/k-virtual\/","og_locale":"pl_PL","og_type":"article","og_title":"K-wirtualny | Industrial Robots by Kawasaki Robotics","og_description":"K-Virtual by Kawasaki Robotics simplifies manufacturing with its intuitive platform and digital twin technology based on CENIT's FASTSUITE.","og_url":"https:\/\/kawasakirobotics.com\/pl\/k-virtual\/","og_site_name":"Kawasaki Robotics","article_modified_time":"2025-05-15T04:35:54+00:00","og_image":[{"url":"https:\/\/kawasakirobotics.com\/content\/themes\/krobot-theme\/src\/images\/default\/ogp.jpg","width":"1200","height":"630","type":"image\/jpeg"}],"twitter_card":"summary_large_image","schema":{"@context":"https:\/\/schema.org","@graph":[{"@type":"WebPage","@id":"https:\/\/kawasakirobotics.com\/pl\/k-virtual\/","url":"https:\/\/kawasakirobotics.com\/pl\/k-virtual\/","name":"K-wirtualny | Industrial Robots by Kawasaki Robotics","isPartOf":{"@id":"https:\/\/kawasakirobotics.com\/pl\/#website"},"primaryImageOfPage":{"@id":"https:\/\/kawasakirobotics.com\/pl\/k-virtual\/#primaryimage"},"image":{"@id":"https:\/\/kawasakirobotics.com\/pl\/k-virtual\/#primaryimage"},"thumbnailUrl":"https:\/\/kawasakirobotics.com\/tachyon\/sites\/5\/2022\/03\/Scenario1-2048x1152-1.jpeg?fit=900%2C900","datePublished":"2022-03-03T04:05:51+00:00","dateModified":"2025-05-15T04:35:54+00:00","description":"K-Virtual by Kawasaki Robotics simplifies manufacturing with its intuitive platform and digital twin technology based on CENIT's FASTSUITE.","breadcrumb":{"@id":"https:\/\/kawasakirobotics.com\/pl\/k-virtual\/#breadcrumb"},"inLanguage":"pl-PL","potentialAction":[{"@type":"ReadAction","target":["https:\/\/kawasakirobotics.com\/pl\/k-virtual\/"]}]},{"@type":"ImageObject","inLanguage":"pl-PL","@id":"https:\/\/kawasakirobotics.com\/pl\/k-virtual\/#primaryimage","url":"https:\/\/kawasakirobotics.com\/tachyon\/sites\/5\/2022\/03\/Scenario1-2048x1152-1.jpeg?fit=900%2C900","contentUrl":"https:\/\/kawasakirobotics.com\/tachyon\/sites\/5\/2022\/03\/Scenario1-2048x1152-1.jpeg?fit=900%2C900"},{"@type":"BreadcrumbList","@id":"https:\/\/kawasakirobotics.com\/pl\/k-virtual\/#breadcrumb","itemListElement":[{"@type":"ListItem","position":1,"name":"Strona g\u0142\u00f3wna","item":"https:\/\/kawasakirobotics.com\/pl\/"},{"@type":"ListItem","position":2,"name":"K-wirtualny"}]},{"@type":"WebSite","@id":"https:\/\/kawasakirobotics.com\/pl\/#website","url":"https:\/\/kawasakirobotics.com\/pl\/","name":"Kawasaki Robotics","description":"","publisher":{"@id":"https:\/\/kawasakirobotics.com\/pl\/#organization"},"potentialAction":[{"@type":"SearchAction","target":{"@type":"EntryPoint","urlTemplate":"https:\/\/kawasakirobotics.com\/pl\/?s={search_term_string}"},"query-input":{"@type":"PropertyValueSpecification","valueRequired":true,"valueName":"search_term_string"}}],"inLanguage":"pl-PL"},{"@type":"Organization","@id":"https:\/\/kawasakirobotics.com\/pl\/#organization","name":"\u5ddd\u5d0e\u91cd\u5de5\u696d\u30ed\u30dc\u30c3\u30c8\u30c7\u30a3\u30d3\u30b8\u30e7\u30f3","url":"https:\/\/kawasakirobotics.com\/pl\/","logo":{"@type":"ImageObject","inLanguage":"pl-PL","@id":"https:\/\/kawasakirobotics.com\/pl\/#\/schema\/logo\/image\/","url":"","contentUrl":"","caption":"\u5ddd\u5d0e\u91cd\u5de5\u696d\u30ed\u30dc\u30c3\u30c8\u30c7\u30a3\u30d3\u30b8\u30e7\u30f3"},"image":{"@id":"https:\/\/kawasakirobotics.com\/pl\/#\/schema\/logo\/image\/"}}]}},"_links":{"self":[{"href":"https:\/\/kawasakirobotics.com\/pl\/wp-json\/wp\/v2\/pages\/4775","targetHints":{"allow":["GET"]}}],"collection":[{"href":"https:\/\/kawasakirobotics.com\/pl\/wp-json\/wp\/v2\/pages"}],"about":[{"href":"https:\/\/kawasakirobotics.com\/pl\/wp-json\/wp\/v2\/types\/page"}],"author":[{"embeddable":true,"href":"https:\/\/kawasakirobotics.com\/pl\/wp-json\/wp\/v2\/users\/3"}],"replies":[{"embeddable":true,"href":"https:\/\/kawasakirobotics.com\/pl\/wp-json\/wp\/v2\/comments?post=4775"}],"version-history":[{"count":8,"href":"https:\/\/kawasakirobotics.com\/pl\/wp-json\/wp\/v2\/pages\/4775\/revisions"}],"predecessor-version":[{"id":5847,"href":"https:\/\/kawasakirobotics.com\/pl\/wp-json\/wp\/v2\/pages\/4775\/revisions\/5847"}],"wp:attachment":[{"href":"https:\/\/kawasakirobotics.com\/pl\/wp-json\/wp\/v2\/media?parent=4775"}],"curies":[{"name":"wp","href":"https:\/\/api.w.org\/{rel}","templated":true}]}}