{"id":4787,"date":"2022-03-03T04:21:22","date_gmt":"2022-03-03T04:21:22","guid":{"rendered":"urn:uuid:1fd1062f-1951-4905-b49a-d45412fd0ed9"},"modified":"2025-05-15T06:36:51","modified_gmt":"2025-05-15T04:36:51","slug":"k-arc","status":"publish","type":"page","link":"https:\/\/kawasakirobotics.com\/pl\/k-arc\/","title":{"rendered":"K-ARC"},"content":{"rendered":"\n<h2 class=\"wp-block-heading\">Spawanie \u0142ukowe: nasze rozwi\u0105zania<\/h2>\n\n\n\n<figure class=\"wp-block-image size-large\"><img loading=\"lazy\" decoding=\"async\" width=\"2048\" height=\"1365\" src=\"https:\/\/kawasakirobotics.com\/tachyon\/sites\/5\/2022\/03\/B1830324-2048x1365-1.jpeg?fit=900%2C900\" alt=\"\nSpawanie \u0142ukowe Kawasaki Robotics\" class=\"wp-image-4788\" srcset=\"https:\/\/kawasakirobotics.com\/tachyon\/sites\/34\/2022\/03\/B1830324-2048x1365-1.jpeg?resize=2048%2C1365&amp;zoom=1 2048w, https:\/\/kawasakirobotics.com\/tachyon\/sites\/34\/2022\/03\/B1830324-2048x1365-1.jpeg?resize=2048%2C1365&amp;zoom=0.5 1024w, https:\/\/kawasakirobotics.com\/tachyon\/sites\/34\/2022\/03\/B1830324-2048x1365-1.jpeg?resize=2048%2C1365&amp;zoom=0.25 512w\" sizes=\"auto, (max-width: 2048px) 100vw, 2048px\" \/><\/figure>\n\n\n\n<h4 class=\"wp-block-heading\">Zautomatyzuj procesy spawania<\/h4>\n\n\n\n<p>Od najnowocze\u015bniejszych robot\u00f3w spawalniczych po osie liniowe i pozycjonery: Kawasaki Robotics oferuje kompleksowe portfolio w dziedzinie spawania \u0142ukowego \u2013 opracowane specjalnie na rynek europejski.<\/p>\n\n\n\n<div class=\"wp-block-group has-light-gray-background-color has-background is-layout-flow wp-block-group-is-layout-flow\">\n<h4 class=\"wp-block-heading has-text-align-center\">Ucz si\u0119 wi\u0119cej<\/h4>\n\n\n\n<ul class=\"wp-block-list\">\n<li><strong><a href=\"https:\/\/kawasakirobotics.com\/eu-africa\/applications\/arc-welding\/\" rel=\"sponsored nofollow\">Roboty do spawan<\/a><a href=\"https:\/\/kawasakirobotics.com\/pl\/applications\/arc-welding\/\" rel=\"nofollow\">ia \u0142ukowego Kawasaki Robotics<\/a><br><\/strong>Nasza oferta robot\u00f3w do spawania \u0142ukowego<\/li>\n\n\n\n<li><strong><a href=\"https:\/\/kawasakirobotics.com\/pl\/k-positioner\/\">Kawasaki Robotics K-Pozycjoner<\/a><\/strong><br>Pozycjonery High-End spe\u0142niaj\u0105ce wszystkie Twoje indywidualne potrzeby<\/li>\n\n\n\n<li><strong><a href=\"https:\/\/kawasakirobotics.com\/pl\/k-track\/\">Kawasaki Robotics K-Track<\/a><\/strong><br>Oryginalne osie liniowe Kawasaki Robotics<\/li>\n\n\n\n<li><strong><a href=\"https:\/\/kawasakirobotics.com\/pl\/k-virtual\/\">Kawasaki Robotics K-Virtual<\/a><\/strong><br>Intuicyjne narz\u0119dzie do programowania offline do spawania i nie tylko<\/li>\n\n\n\n<li><strong><a href=\"https:\/\/kawasakirobotics.com\/pl\/k-arc\/\">Kawasaki Robotics K-ARC Basic<\/a><\/strong><br>Nasze kompaktowe stanowisko do spawania \u0142ukowego typu plug-and-play<\/li>\n<\/ul>\n<\/div>\n\n\n\n<h2 class=\"wp-block-heading\"><strong>Dost\u0119pne r\u00f3wnie\u017c w Kawasaki Robotics<\/strong><\/h2>\n\n\n\n<p>Sprz\u0119t spawalniczy wiod\u0105cych producent\u00f3w, takich jak Kemppi, Binzel, Fronius i OTC oraz wiele innych opcji. M\u00f3w do nas!<\/p>\n\n\n\n<figure class=\"wp-block-embed is-type-video is-provider-youtube wp-block-embed-youtube wp-embed-aspect-16-9 wp-has-aspect-ratio\"><div class=\"wp-block-embed__wrapper\">\n<iframe loading=\"lazy\" title=\"BA006L with K Track and K Positioner\" width=\"900\" height=\"506\" src=\"https:\/\/www.youtube.com\/embed\/gDs_6IfSPBw?feature=oembed\" frameborder=\"0\" allow=\"accelerometer; autoplay; clipboard-write; encrypted-media; gyroscope; picture-in-picture; web-share\" referrerpolicy=\"strict-origin-when-cross-origin\" allowfullscreen><\/iframe>\n<\/div><\/figure>\n\n\n\n<div class=\"wp-block-group has-light-gray-background-color has-background is-layout-flow wp-block-group-is-layout-flow\">\n<h4 class=\"wp-block-heading has-text-align-center\">Dowiedz si\u0119 wi\u0119cej o K-ARC<\/h4>\n\n\n\n<div class=\"wp-block-buttons is-horizontal is-content-justification-center is-layout-flex wp-container-core-buttons-is-layout-03627597 wp-block-buttons-is-layout-flex\">\n<div class=\"wp-block-button\"><a class=\"wp-block-button__link wp-element-button\" href=\"https:\/\/kawasaki-corporate.spiral-site.com\/ind_robot_eu?_ifbs-ind_robot_eu=s1_Step1&amp;_gl=1*1iapzqc*_ga*MTQ4ODM3MDE3MC4xNjM3NzMyNDU4*_ga_GRRCX7N19P*MTY0NjI2ODUzOC4yLjEuMTY0NjI3ODE0NC4w\" target=\"_blank\" rel=\"noreferrer noopener\">Kontakt<\/a><\/div>\n<\/div>\n<\/div>\n","protected":false},"excerpt":{"rendered":"<p>Spawanie \u0142ukowe: nasze rozwi\u0105zania Zautomatyzuj procesy spawania Od najnowocze\u015bniejszych robot\u00f3w spawalniczych po osie liniowe i pozycjonery: Kawasaki Robotics oferuje kompleksowe portfolio w dziedzinie spawania \u0142ukowego \u2013 opracowane specjalnie na rynek europejski. Ucz si\u0119 wi\u0119cej Dost\u0119pne r\u00f3wnie\u017c w Kawasaki Robotics Sprz\u0119t spawalniczy wiod\u0105cych producent\u00f3w, takich jak Kemppi, Binzel, Fronius i OTC oraz wiele innych opcji. M\u00f3w do nas! Dowiedz si\u0119 wi\u0119cej o K-ARC<\/p>\n","protected":false},"author":3,"featured_media":0,"parent":0,"menu_order":0,"comment_status":"closed","ping_status":"closed","template":"","meta":{"ep_exclude_from_search":false,"footnotes":""},"class_list":["post-4787","page","type-page","status-publish","hentry"],"yoast_head":"<!-- This site is optimized with the Yoast SEO plugin v25.9 - https:\/\/yoast.com\/wordpress\/plugins\/seo\/ -->\n<title>K-ARC | Industrial Robots by Kawasaki Robotics<\/title>\n<meta name=\"description\" content=\"Explore Kawasaki Robotics&#039; comprehensive portfolio of arc welding solutions specifically developed for the European market.\" \/>\n<meta name=\"robots\" content=\"index, follow, max-snippet:-1, max-image-preview:large, max-video-preview:-1\" \/>\n<link rel=\"canonical\" href=\"https:\/\/kawasakirobotics.com\/pl\/k-arc\/\" \/>\n<meta property=\"og:locale\" content=\"pl_PL\" \/>\n<meta property=\"og:type\" content=\"article\" \/>\n<meta property=\"og:title\" content=\"K-ARC | Industrial Robots by Kawasaki Robotics\" \/>\n<meta property=\"og:description\" content=\"Explore Kawasaki Robotics&#039; comprehensive portfolio of arc welding solutions specifically developed for the European market.\" \/>\n<meta property=\"og:url\" content=\"https:\/\/kawasakirobotics.com\/pl\/k-arc\/\" \/>\n<meta property=\"og:site_name\" content=\"Kawasaki Robotics\" \/>\n<meta property=\"article:modified_time\" content=\"2025-05-15T04:36:51+00:00\" \/>\n<meta property=\"og:image\" content=\"https:\/\/kawasakirobotics.com\/content\/themes\/krobot-theme\/src\/images\/default\/ogp.jpg\" \/>\n\t<meta property=\"og:image:width\" content=\"1200\" \/>\n\t<meta property=\"og:image:height\" content=\"630\" \/>\n\t<meta property=\"og:image:type\" content=\"image\/jpeg\" \/>\n<meta name=\"twitter:card\" content=\"summary_large_image\" \/>\n<script type=\"application\/ld+json\" class=\"yoast-schema-graph\">{\"@context\":\"https:\/\/schema.org\",\"@graph\":[{\"@type\":\"WebPage\",\"@id\":\"https:\/\/kawasakirobotics.com\/pl\/k-arc\/\",\"url\":\"https:\/\/kawasakirobotics.com\/pl\/k-arc\/\",\"name\":\"K-ARC | Industrial Robots by Kawasaki Robotics\",\"isPartOf\":{\"@id\":\"https:\/\/kawasakirobotics.com\/pl\/#website\"},\"primaryImageOfPage\":{\"@id\":\"https:\/\/kawasakirobotics.com\/pl\/k-arc\/#primaryimage\"},\"image\":{\"@id\":\"https:\/\/kawasakirobotics.com\/pl\/k-arc\/#primaryimage\"},\"thumbnailUrl\":\"https:\/\/kawasakirobotics.com\/tachyon\/sites\/5\/2022\/03\/B1830324-2048x1365-1.jpeg?fit=900%2C900\",\"datePublished\":\"2022-03-03T04:21:22+00:00\",\"dateModified\":\"2025-05-15T04:36:51+00:00\",\"description\":\"Explore Kawasaki Robotics' comprehensive portfolio of arc welding solutions specifically developed for the European market.\",\"breadcrumb\":{\"@id\":\"https:\/\/kawasakirobotics.com\/pl\/k-arc\/#breadcrumb\"},\"inLanguage\":\"pl-PL\",\"potentialAction\":[{\"@type\":\"ReadAction\",\"target\":[\"https:\/\/kawasakirobotics.com\/pl\/k-arc\/\"]}]},{\"@type\":\"ImageObject\",\"inLanguage\":\"pl-PL\",\"@id\":\"https:\/\/kawasakirobotics.com\/pl\/k-arc\/#primaryimage\",\"url\":\"https:\/\/kawasakirobotics.com\/tachyon\/sites\/5\/2022\/03\/B1830324-2048x1365-1.jpeg?fit=900%2C900\",\"contentUrl\":\"https:\/\/kawasakirobotics.com\/tachyon\/sites\/5\/2022\/03\/B1830324-2048x1365-1.jpeg?fit=900%2C900\"},{\"@type\":\"BreadcrumbList\",\"@id\":\"https:\/\/kawasakirobotics.com\/pl\/k-arc\/#breadcrumb\",\"itemListElement\":[{\"@type\":\"ListItem\",\"position\":1,\"name\":\"Strona g\u0142\u00f3wna\",\"item\":\"https:\/\/kawasakirobotics.com\/pl\/\"},{\"@type\":\"ListItem\",\"position\":2,\"name\":\"K-ARC\"}]},{\"@type\":\"WebSite\",\"@id\":\"https:\/\/kawasakirobotics.com\/pl\/#website\",\"url\":\"https:\/\/kawasakirobotics.com\/pl\/\",\"name\":\"Kawasaki Robotics\",\"description\":\"\",\"publisher\":{\"@id\":\"https:\/\/kawasakirobotics.com\/pl\/#organization\"},\"potentialAction\":[{\"@type\":\"SearchAction\",\"target\":{\"@type\":\"EntryPoint\",\"urlTemplate\":\"https:\/\/kawasakirobotics.com\/pl\/?s={search_term_string}\"},\"query-input\":{\"@type\":\"PropertyValueSpecification\",\"valueRequired\":true,\"valueName\":\"search_term_string\"}}],\"inLanguage\":\"pl-PL\"},{\"@type\":\"Organization\",\"@id\":\"https:\/\/kawasakirobotics.com\/pl\/#organization\",\"name\":\"\u5ddd\u5d0e\u91cd\u5de5\u696d\u30ed\u30dc\u30c3\u30c8\u30c7\u30a3\u30d3\u30b8\u30e7\u30f3\",\"url\":\"https:\/\/kawasakirobotics.com\/pl\/\",\"logo\":{\"@type\":\"ImageObject\",\"inLanguage\":\"pl-PL\",\"@id\":\"https:\/\/kawasakirobotics.com\/pl\/#\/schema\/logo\/image\/\",\"url\":\"\",\"contentUrl\":\"\",\"caption\":\"\u5ddd\u5d0e\u91cd\u5de5\u696d\u30ed\u30dc\u30c3\u30c8\u30c7\u30a3\u30d3\u30b8\u30e7\u30f3\"},\"image\":{\"@id\":\"https:\/\/kawasakirobotics.com\/pl\/#\/schema\/logo\/image\/\"}}]}<\/script>\n<!-- \/ Yoast SEO plugin. -->","yoast_head_json":{"title":"K-ARC | Industrial Robots by Kawasaki Robotics","description":"Explore Kawasaki Robotics' comprehensive portfolio of arc welding solutions specifically developed for the European market.","robots":{"index":"index","follow":"follow","max-snippet":"max-snippet:-1","max-image-preview":"max-image-preview:large","max-video-preview":"max-video-preview:-1"},"canonical":"https:\/\/kawasakirobotics.com\/pl\/k-arc\/","og_locale":"pl_PL","og_type":"article","og_title":"K-ARC | Industrial Robots by Kawasaki Robotics","og_description":"Explore Kawasaki Robotics' comprehensive portfolio of arc welding solutions specifically developed for the European market.","og_url":"https:\/\/kawasakirobotics.com\/pl\/k-arc\/","og_site_name":"Kawasaki Robotics","article_modified_time":"2025-05-15T04:36:51+00:00","og_image":[{"url":"https:\/\/kawasakirobotics.com\/content\/themes\/krobot-theme\/src\/images\/default\/ogp.jpg","width":"1200","height":"630","type":"image\/jpeg"}],"twitter_card":"summary_large_image","schema":{"@context":"https:\/\/schema.org","@graph":[{"@type":"WebPage","@id":"https:\/\/kawasakirobotics.com\/pl\/k-arc\/","url":"https:\/\/kawasakirobotics.com\/pl\/k-arc\/","name":"K-ARC | Industrial Robots by Kawasaki Robotics","isPartOf":{"@id":"https:\/\/kawasakirobotics.com\/pl\/#website"},"primaryImageOfPage":{"@id":"https:\/\/kawasakirobotics.com\/pl\/k-arc\/#primaryimage"},"image":{"@id":"https:\/\/kawasakirobotics.com\/pl\/k-arc\/#primaryimage"},"thumbnailUrl":"https:\/\/kawasakirobotics.com\/tachyon\/sites\/5\/2022\/03\/B1830324-2048x1365-1.jpeg?fit=900%2C900","datePublished":"2022-03-03T04:21:22+00:00","dateModified":"2025-05-15T04:36:51+00:00","description":"Explore Kawasaki Robotics' comprehensive portfolio of arc welding solutions specifically developed for the European market.","breadcrumb":{"@id":"https:\/\/kawasakirobotics.com\/pl\/k-arc\/#breadcrumb"},"inLanguage":"pl-PL","potentialAction":[{"@type":"ReadAction","target":["https:\/\/kawasakirobotics.com\/pl\/k-arc\/"]}]},{"@type":"ImageObject","inLanguage":"pl-PL","@id":"https:\/\/kawasakirobotics.com\/pl\/k-arc\/#primaryimage","url":"https:\/\/kawasakirobotics.com\/tachyon\/sites\/5\/2022\/03\/B1830324-2048x1365-1.jpeg?fit=900%2C900","contentUrl":"https:\/\/kawasakirobotics.com\/tachyon\/sites\/5\/2022\/03\/B1830324-2048x1365-1.jpeg?fit=900%2C900"},{"@type":"BreadcrumbList","@id":"https:\/\/kawasakirobotics.com\/pl\/k-arc\/#breadcrumb","itemListElement":[{"@type":"ListItem","position":1,"name":"Strona g\u0142\u00f3wna","item":"https:\/\/kawasakirobotics.com\/pl\/"},{"@type":"ListItem","position":2,"name":"K-ARC"}]},{"@type":"WebSite","@id":"https:\/\/kawasakirobotics.com\/pl\/#website","url":"https:\/\/kawasakirobotics.com\/pl\/","name":"Kawasaki Robotics","description":"","publisher":{"@id":"https:\/\/kawasakirobotics.com\/pl\/#organization"},"potentialAction":[{"@type":"SearchAction","target":{"@type":"EntryPoint","urlTemplate":"https:\/\/kawasakirobotics.com\/pl\/?s={search_term_string}"},"query-input":{"@type":"PropertyValueSpecification","valueRequired":true,"valueName":"search_term_string"}}],"inLanguage":"pl-PL"},{"@type":"Organization","@id":"https:\/\/kawasakirobotics.com\/pl\/#organization","name":"\u5ddd\u5d0e\u91cd\u5de5\u696d\u30ed\u30dc\u30c3\u30c8\u30c7\u30a3\u30d3\u30b8\u30e7\u30f3","url":"https:\/\/kawasakirobotics.com\/pl\/","logo":{"@type":"ImageObject","inLanguage":"pl-PL","@id":"https:\/\/kawasakirobotics.com\/pl\/#\/schema\/logo\/image\/","url":"","contentUrl":"","caption":"\u5ddd\u5d0e\u91cd\u5de5\u696d\u30ed\u30dc\u30c3\u30c8\u30c7\u30a3\u30d3\u30b8\u30e7\u30f3"},"image":{"@id":"https:\/\/kawasakirobotics.com\/pl\/#\/schema\/logo\/image\/"}}]}},"_links":{"self":[{"href":"https:\/\/kawasakirobotics.com\/pl\/wp-json\/wp\/v2\/pages\/4787","targetHints":{"allow":["GET"]}}],"collection":[{"href":"https:\/\/kawasakirobotics.com\/pl\/wp-json\/wp\/v2\/pages"}],"about":[{"href":"https:\/\/kawasakirobotics.com\/pl\/wp-json\/wp\/v2\/types\/page"}],"author":[{"embeddable":true,"href":"https:\/\/kawasakirobotics.com\/pl\/wp-json\/wp\/v2\/users\/3"}],"replies":[{"embeddable":true,"href":"https:\/\/kawasakirobotics.com\/pl\/wp-json\/wp\/v2\/comments?post=4787"}],"version-history":[{"count":7,"href":"https:\/\/kawasakirobotics.com\/pl\/wp-json\/wp\/v2\/pages\/4787\/revisions"}],"predecessor-version":[{"id":5848,"href":"https:\/\/kawasakirobotics.com\/pl\/wp-json\/wp\/v2\/pages\/4787\/revisions\/5848"}],"wp:attachment":[{"href":"https:\/\/kawasakirobotics.com\/pl\/wp-json\/wp\/v2\/media?parent=4787"}],"curies":[{"name":"wp","href":"https:\/\/api.w.org\/{rel}","templated":true}]}}