{"id":52,"date":"2022-01-19T17:55:28","date_gmt":"2022-01-19T08:55:28","guid":{"rendered":"urn:uuid:fd19f245-d6ee-4174-90d2-c5d578caf63a"},"modified":"2025-06-27T07:31:06","modified_gmt":"2025-06-27T05:31:06","slug":"k-addon","status":"publish","type":"page","link":"https:\/\/kawasakirobotics.com\/pl\/products\/k-addon\/","title":{"rendered":"Kawasaki Robot K-AddOn Produkty"},"content":{"rendered":"\n<div class=\"wp-block-group krobot-pattern-section-heading is-layout-flow wp-block-group-is-layout-flow\">\n<h2 class=\"wp-block-heading has-text-align-center krobot-pattern-section-heading__title\">Co to jest dodatek K?<\/h2>\n<\/div>\n\n\n\n<div class=\"wp-block-columns are-vertically-aligned-top is-layout-flex wp-container-core-columns-is-layout-28f84493 wp-block-columns-is-layout-flex\">\n<div class=\"wp-block-column is-vertically-aligned-top is-layout-flow wp-block-column-is-layout-flow\" style=\"flex-basis:250px\">\n<h3 class=\"wp-block-heading\">Wzmocniona promocja sprzeda\u017cy<\/h3>\n<\/div>\n\n\n\n<div class=\"wp-block-column is-vertically-aligned-top is-layout-flow wp-block-column-is-layout-flow\">\n<ul class=\"wp-block-list\">\n<li>Wprowadzenie sprz\u0119tu i robot\u00f3w na obu serwisach<\/li>\n\n\n\n<li>Pokazywanie przyk\u0142ad\u00f3w zastosowa\u0144 w po\u0142\u0105czeniu z robotami Kawasaki<\/li>\n\n\n\n<li>Realizacja prezentacji zewn\u0119trznych<\/li>\n<\/ul>\n<\/div>\n<\/div>\n\n\n\n<div class=\"wp-block-columns are-vertically-aligned-top is-layout-flex wp-container-core-columns-is-layout-28f84493 wp-block-columns-is-layout-flex\">\n<div class=\"wp-block-column is-vertically-aligned-top is-layout-flow wp-block-column-is-layout-flow\" style=\"flex-basis:250px\">\n<h3 class=\"wp-block-heading\">Rozszerzony kana\u0142 sprzeda\u017cy<\/h3>\n<\/div>\n\n\n\n<div class=\"wp-block-column is-vertically-aligned-top is-layout-flow wp-block-column-is-layout-flow\">\n<ul class=\"wp-block-list\">\n<li>Udost\u0119pnianie lead\u00f3w sprzeda\u017cowych<\/li>\n\n\n\n<li>Wzajemna wsp\u00f3\u0142praca w dzia\u0142aniach sprzeda\u017cowych Pozwala na rozszerzenie funkcji robot\u00f3w Kawasaki.<\/li>\n<\/ul>\n<\/div>\n<\/div>\n\n\n\n<div class=\"wp-block-columns are-vertically-aligned-top is-layout-flex wp-container-core-columns-is-layout-28f84493 wp-block-columns-is-layout-flex\">\n<div class=\"wp-block-column is-vertically-aligned-top is-layout-flow wp-block-column-is-layout-flow\" style=\"flex-basis:250px\">\n<h3 class=\"wp-block-heading\">Wsparcie rozwoju produktu<\/h3>\n<\/div>\n\n\n\n<div class=\"wp-block-column is-vertically-aligned-top is-layout-flow wp-block-column-is-layout-flow\">\n<ul class=\"wp-block-list\">\n<li>Ujawnianie informacji I\/F robota<\/li>\n\n\n\n<li>Odpowied\u017a na zapytania<\/li>\n<\/ul>\n<\/div>\n<\/div>\n\n\n\n<ul class=\"wp-block-list\">\n<li>Kawasaki b\u0119dzie odpowiada\u0107 i wspiera\u0107 producent\u00f3w sprz\u0119tu.<br>Nie ma ogranicze\u0144 w sprzeda\u017cy i dystrybucji produkt\u00f3w.<\/li>\n<\/ul>\n\n\n\n<div class=\"wp-block-group krobot-pattern-section-heading is-layout-flow wp-block-group-is-layout-flow\">\n<h2 class=\"wp-block-heading has-text-align-center krobot-pattern-section-heading__title\">Nowo zarejestrowane produkty<\/h2>\n<\/div>\n\n\n\n<div class=\"wp-block-columns alignwide krobot-pattern-products krobot-pattern-products--3cols is-layout-flex wp-container-core-columns-is-layout-28f84493 wp-block-columns-is-layout-flex\">\n<div class=\"wp-block-column krobot-pattern-products__item is-layout-flow wp-block-column-is-layout-flow\">\n<div class=\"wp-block-media-text is-stacked-on-mobile krobot-pattern-products__img-title\"><figure class=\"wp-block-media-text__media\"><img decoding=\"async\" src=\"https:\/\/kawasakirobotics.com\/tachyon\/sites\/5\/2025\/03\/SE2L-HA05LPC-jp2.jpg?fit=900%2C900\" alt=\"Laserowy skaner bezpiecze\u0144stwa serii SE2L Advanced i terminale po\u0142\u0105czeniowe\" class=\"wp-image-6085 size-full\" \/><\/figure><div class=\"wp-block-media-text__content\">\n<p>Laserowy skaner bezpiecze\u0144stwa serii SE2L Advanced i terminale po\u0142\u0105czeniowe<\/p>\n<\/div><\/div>\n\n\n\n<h4 class=\"wp-block-heading\">Company<\/h4>\n\n\n\n<p>IDEC EMEA Headquarter\uff1aAPEM SAS<\/p>\n\n\n\n<h4 class=\"wp-block-heading\">Product<\/h4>\n\n\n\n<p>[Skaner laserowy]<br>Zapewnia bezpiecze\u0144stwo os\u00f3b pozostawionych w strefach niebezpiecznych lub zbli\u017caj\u0105cych si\u0119 do maszyn.<\/p>\n\n\n\n<p>[Zaciski po\u0142\u0105czeniowe]<br>Wej\u015bcie bezpiecze\u0144stwa do sterownika robota<\/p>\n\n\n\n<div class=\"wp-block-buttons is-content-justification-center is-layout-flex wp-container-core-buttons-is-layout-a89b3969 wp-block-buttons-is-layout-flex\">\n<div class=\"wp-block-button is-style-outline is-style-outline--1\"><a class=\"wp-block-button__link wp-element-button\" href=\"https:\/\/kawasakirobotics.com\/pl\/products-kaddon\/safety-laser-scanner-se2l-advanced-series-and-connection-terminals\/\">MORE<\/a><\/div>\n<\/div>\n<\/div>\n<\/div>\n\n\n\n<div class=\"wp-block-buttons is-horizontal is-content-justification-center is-layout-flex wp-container-core-buttons-is-layout-03627597 wp-block-buttons-is-layout-flex\">\n<div class=\"wp-block-button has-custom-width wp-block-button__width-50\"><a class=\"wp-block-button__link wp-element-button\" href=\"https:\/\/kawasakirobotics.com\/pl\/products-kaddon\/\">Przegl\u0105daj wszystkie produkty K-AddOn<\/a><\/div>\n<\/div>\n\n\n\n<div class=\"wp-block-buttons is-horizontal is-content-justification-center is-layout-flex wp-container-core-buttons-is-layout-03627597 wp-block-buttons-is-layout-flex\">\n<div class=\"wp-block-button has-custom-width wp-block-button__width-50\"><a class=\"wp-block-button__link wp-element-button\" href=\"https:\/\/kawasaki-corporate.spiral-site.com\/K_AddOn_asia?_gl=1*1dvyb1e*_ga*NTMwMjUzNTUwLjE2NDA2NDQ5Mzg.*_ga_GRRCX7N19P*MTY0NTU3OTMyMC4xNzguMS4xNjQ1NTc5NjcxLjA.&amp;_ifbs-K_AddOn_EN=s1_Step1\" target=\"_blank\" rel=\"noreferrer noopener\">Skontaktuj si\u0119 z K-AddOn<\/a><\/div>\n<\/div>\n\n\n\n<div style=\"height:30px\" aria-hidden=\"true\" class=\"wp-block-spacer\"><\/div>\n\n\n\n<div class=\"wp-block-group krobot-pattern-section-heading is-layout-flow wp-block-group-is-layout-flow\">\n<h2 class=\"wp-block-heading has-text-align-center krobot-pattern-section-heading__title\">Zosta\u0144 partnerem Kawasaki Robotics K-AddOn<\/h2>\n<\/div>\n\n\n\n<p class=\"has-text-align-left\">Produkty Twojej firmy, kt\u00f3re s\u0105 kompatybilne z robotami Kawasaki, b\u0119d\u0105 zarejestrowane i prezentowane na naszej stronie internetowej jako produkty K-AddOn. Naszym partnerom zapewniamy wsparcie w zakresie rozbudowy kana\u0142\u00f3w sprzeda\u017cy ich produkt\u00f3w oraz wsparcie rozwoju produkt\u00f3w dla dodatk\u00f3w do robot\u00f3w.<\/p>\n\n\n\n<div class=\"wp-block-group has-light-gray-background-color has-background is-layout-flow wp-block-group-is-layout-flow\">\n<p class=\"has-text-align-left\">Aby zosta\u0107 partnerem K-AddOn, prosimy o podanie nast\u0119puj\u0105cych informacji w formularzu kontaktowym.<\/p>\n\n\n\n<ul class=\"wp-block-list\">\n<li>Nazwy produkt\u00f3w i aplikacje, kt\u00f3re chcesz doda\u0107 do K-AddOn<\/li>\n\n\n\n<li>Kompatybilne modele robot\u00f3w Kawasak<\/li>\n\n\n\n<li>Zapytania o partnerstwo handlowe <\/li>\n\n\n\n<li>Wszelkie inne pro\u015bby lub pytania<\/li>\n<\/ul>\n<\/div>\n\n\n\n<div class=\"wp-block-buttons is-horizontal is-content-justification-center is-layout-flex wp-container-core-buttons-is-layout-03627597 wp-block-buttons-is-layout-flex\">\n<div class=\"wp-block-button has-custom-width wp-block-button__width-50\"><a class=\"wp-block-button__link wp-element-button\" href=\"https:\/\/kawasakirobotics.com\/pl\/k-addon-join\/\">Zosta\u0144 partnerem K-AddOn<\/a><\/div>\n<\/div>\n\n\n\n<div class=\"wp-block-buttons is-horizontal is-content-justification-center is-layout-flex wp-container-core-buttons-is-layout-03627597 wp-block-buttons-is-layout-flex\">\n<div class=\"wp-block-button has-custom-width wp-block-button__width-50\"><a class=\"wp-block-button__link wp-element-button\" href=\"https:\/\/kawasaki-corporate.spiral-site.com\/K_AddOn_asia?_gl=1*1dvyb1e*_ga*NTMwMjUzNTUwLjE2NDA2NDQ5Mzg.*_ga_GRRCX7N19P*MTY0NTU3OTMyMC4xNzguMS4xNjQ1NTc5NjcxLjA.&amp;_ifbs-K_AddOn_EN=s1_Step1\" target=\"_blank\" rel=\"noreferrer noopener\">Aplikuj, aby zosta\u0107 partnerem K-AddOn<\/a><\/div>\n<\/div>\n","protected":false},"excerpt":{"rendered":"<p>Co to jest dodatek K? Wzmocniona promocja sprzeda\u017cy Rozszerzony kana\u0142 sprzeda\u017cy Wsparcie rozwoju produktu Nowo zarejestrowane produkty Laserowy skaner bezpiecze\u0144stwa serii SE2L Advanced i terminale po\u0142\u0105czeniowe Company IDEC EMEA Headquarter\uff1aAPEM SAS Product [Skaner laserowy]Zapewnia bezpiecze\u0144stwo os\u00f3b pozostawionych w strefach niebezpiecznych lub zbli\u017caj\u0105cych si\u0119 do maszyn. [Zaciski po\u0142\u0105czeniowe]Wej\u015bcie bezpiecze\u0144stwa do sterownika robota Zosta\u0144 partnerem Kawasaki Robotics K-AddOn Produkty Twojej firmy, kt\u00f3re s\u0105 kompatybilne z robotami Kawasaki, b\u0119d\u0105 zarejestrowane i prezentowane na naszej stronie internetowej jako produkty K-AddOn. Naszym partnerom zapewniamy wsparcie w zakresie rozbudowy kana\u0142\u00f3w sprzeda\u017cy ich produkt\u00f3w oraz wsparcie rozwoju produkt\u00f3w dla dodatk\u00f3w do robot\u00f3w. Aby zosta\u0107 partnerem K-AddOn, prosimy o podanie nast\u0119puj\u0105cych informacji w formularzu kontaktowym.<\/p>\n","protected":false},"author":9,"featured_media":930,"parent":50,"menu_order":1,"comment_status":"closed","ping_status":"closed","template":"page-templates\/custom-title-with-background.php","meta":{"ep_exclude_from_search":false,"footnotes":""},"class_list":["post-52","page","type-page","status-publish","has-post-thumbnail","hentry"],"yoast_head":"<!-- This site is optimized with the Yoast SEO plugin v25.9 - https:\/\/yoast.com\/wordpress\/plugins\/seo\/ -->\n<title>Kawasaki Robot K-AddOn Produkty | Kawasaki Robotics<\/title>\n<meta name=\"description\" content=\"K-AddOn is a platform for integrators and users, offering evaluated tools for seamless Kawasaki Robot integration. Join the program today.\" \/>\n<meta name=\"robots\" content=\"index, follow, max-snippet:-1, max-image-preview:large, max-video-preview:-1\" \/>\n<link rel=\"canonical\" href=\"https:\/\/kawasakirobotics.com\/pl\/products\/k-addon\/\" \/>\n<meta property=\"og:locale\" content=\"pl_PL\" \/>\n<meta property=\"og:type\" content=\"article\" \/>\n<meta property=\"og:title\" content=\"Kawasaki Robot K-AddOn Produkty | Kawasaki Robotics\" \/>\n<meta property=\"og:description\" content=\"K-AddOn is a platform for integrators and users, offering evaluated tools for seamless Kawasaki Robot integration. Join the program today.\" \/>\n<meta property=\"og:url\" content=\"https:\/\/kawasakirobotics.com\/pl\/products\/k-addon\/\" \/>\n<meta property=\"og:site_name\" content=\"Kawasaki Robotics\" \/>\n<meta property=\"article:modified_time\" content=\"2025-06-27T05:31:06+00:00\" \/>\n<meta property=\"og:image\" content=\"https:\/\/kawasakirobotics.com\/content\/themes\/krobot-theme\/src\/images\/default\/ogp.jpg\" \/>\n\t<meta property=\"og:image:width\" content=\"1200\" \/>\n\t<meta property=\"og:image:height\" content=\"630\" \/>\n\t<meta property=\"og:image:type\" content=\"image\/jpeg\" \/>\n<meta name=\"twitter:card\" content=\"summary_large_image\" \/>\n<script type=\"application\/ld+json\" class=\"yoast-schema-graph\">{\"@context\":\"https:\/\/schema.org\",\"@graph\":[{\"@type\":\"WebPage\",\"@id\":\"https:\/\/kawasakirobotics.com\/pl\/products\/k-addon\/\",\"url\":\"https:\/\/kawasakirobotics.com\/pl\/products\/k-addon\/\",\"name\":\"Kawasaki Robot K-AddOn Produkty | Kawasaki Robotics\",\"isPartOf\":{\"@id\":\"https:\/\/kawasakirobotics.com\/pl\/#website\"},\"primaryImageOfPage\":{\"@id\":\"https:\/\/kawasakirobotics.com\/pl\/products\/k-addon\/#primaryimage\"},\"image\":{\"@id\":\"https:\/\/kawasakirobotics.com\/pl\/products\/k-addon\/#primaryimage\"},\"thumbnailUrl\":\"https:\/\/kawasakirobotics.com\/tachyon\/sites\/2\/2022\/01\/title-background-A1750927-2_ed.jpg?fit=2160%2C360\",\"datePublished\":\"2022-01-19T08:55:28+00:00\",\"dateModified\":\"2025-06-27T05:31:06+00:00\",\"description\":\"K-AddOn is a platform for integrators and users, offering evaluated tools for seamless Kawasaki Robot integration. Join the program today.\",\"breadcrumb\":{\"@id\":\"https:\/\/kawasakirobotics.com\/pl\/products\/k-addon\/#breadcrumb\"},\"inLanguage\":\"pl-PL\",\"potentialAction\":[{\"@type\":\"ReadAction\",\"target\":[\"https:\/\/kawasakirobotics.com\/pl\/products\/k-addon\/\"]}]},{\"@type\":\"ImageObject\",\"inLanguage\":\"pl-PL\",\"@id\":\"https:\/\/kawasakirobotics.com\/pl\/products\/k-addon\/#primaryimage\",\"url\":\"https:\/\/kawasakirobotics.com\/tachyon\/sites\/2\/2022\/01\/title-background-A1750927-2_ed.jpg?fit=2160%2C360\",\"contentUrl\":\"https:\/\/kawasakirobotics.com\/tachyon\/sites\/2\/2022\/01\/title-background-A1750927-2_ed.jpg?fit=2160%2C360\",\"width\":2160,\"height\":360,\"caption\":\"Kawasaki Robot K-AddOn Products\"},{\"@type\":\"BreadcrumbList\",\"@id\":\"https:\/\/kawasakirobotics.com\/pl\/products\/k-addon\/#breadcrumb\",\"itemListElement\":[{\"@type\":\"ListItem\",\"position\":1,\"name\":\"Strona g\u0142\u00f3wna\",\"item\":\"https:\/\/kawasakirobotics.com\/pl\/\"},{\"@type\":\"ListItem\",\"position\":2,\"name\":\"Wyszukiwarka produkt\u00f3w\",\"item\":\"https:\/\/kawasakirobotics.com\/pl\/products\/\"},{\"@type\":\"ListItem\",\"position\":3,\"name\":\"Kawasaki Robot K-AddOn Produkty\"}]},{\"@type\":\"WebSite\",\"@id\":\"https:\/\/kawasakirobotics.com\/pl\/#website\",\"url\":\"https:\/\/kawasakirobotics.com\/pl\/\",\"name\":\"Kawasaki Robotics\",\"description\":\"\",\"publisher\":{\"@id\":\"https:\/\/kawasakirobotics.com\/pl\/#organization\"},\"potentialAction\":[{\"@type\":\"SearchAction\",\"target\":{\"@type\":\"EntryPoint\",\"urlTemplate\":\"https:\/\/kawasakirobotics.com\/pl\/?s={search_term_string}\"},\"query-input\":{\"@type\":\"PropertyValueSpecification\",\"valueRequired\":true,\"valueName\":\"search_term_string\"}}],\"inLanguage\":\"pl-PL\"},{\"@type\":\"Organization\",\"@id\":\"https:\/\/kawasakirobotics.com\/pl\/#organization\",\"name\":\"\u5ddd\u5d0e\u91cd\u5de5\u696d\u30ed\u30dc\u30c3\u30c8\u30c7\u30a3\u30d3\u30b8\u30e7\u30f3\",\"url\":\"https:\/\/kawasakirobotics.com\/pl\/\",\"logo\":{\"@type\":\"ImageObject\",\"inLanguage\":\"pl-PL\",\"@id\":\"https:\/\/kawasakirobotics.com\/pl\/#\/schema\/logo\/image\/\",\"url\":\"\",\"contentUrl\":\"\",\"caption\":\"\u5ddd\u5d0e\u91cd\u5de5\u696d\u30ed\u30dc\u30c3\u30c8\u30c7\u30a3\u30d3\u30b8\u30e7\u30f3\"},\"image\":{\"@id\":\"https:\/\/kawasakirobotics.com\/pl\/#\/schema\/logo\/image\/\"}}]}<\/script>\n<!-- \/ Yoast SEO plugin. -->","yoast_head_json":{"title":"Kawasaki Robot K-AddOn Produkty | Kawasaki Robotics","description":"K-AddOn is a platform for integrators and users, offering evaluated tools for seamless Kawasaki Robot integration. Join the program today.","robots":{"index":"index","follow":"follow","max-snippet":"max-snippet:-1","max-image-preview":"max-image-preview:large","max-video-preview":"max-video-preview:-1"},"canonical":"https:\/\/kawasakirobotics.com\/pl\/products\/k-addon\/","og_locale":"pl_PL","og_type":"article","og_title":"Kawasaki Robot K-AddOn Produkty | Kawasaki Robotics","og_description":"K-AddOn is a platform for integrators and users, offering evaluated tools for seamless Kawasaki Robot integration. Join the program today.","og_url":"https:\/\/kawasakirobotics.com\/pl\/products\/k-addon\/","og_site_name":"Kawasaki Robotics","article_modified_time":"2025-06-27T05:31:06+00:00","og_image":[{"url":"https:\/\/kawasakirobotics.com\/content\/themes\/krobot-theme\/src\/images\/default\/ogp.jpg","width":"1200","height":"630","type":"image\/jpeg"}],"twitter_card":"summary_large_image","schema":{"@context":"https:\/\/schema.org","@graph":[{"@type":"WebPage","@id":"https:\/\/kawasakirobotics.com\/pl\/products\/k-addon\/","url":"https:\/\/kawasakirobotics.com\/pl\/products\/k-addon\/","name":"Kawasaki Robot K-AddOn Produkty | Kawasaki Robotics","isPartOf":{"@id":"https:\/\/kawasakirobotics.com\/pl\/#website"},"primaryImageOfPage":{"@id":"https:\/\/kawasakirobotics.com\/pl\/products\/k-addon\/#primaryimage"},"image":{"@id":"https:\/\/kawasakirobotics.com\/pl\/products\/k-addon\/#primaryimage"},"thumbnailUrl":"https:\/\/kawasakirobotics.com\/tachyon\/sites\/2\/2022\/01\/title-background-A1750927-2_ed.jpg?fit=2160%2C360","datePublished":"2022-01-19T08:55:28+00:00","dateModified":"2025-06-27T05:31:06+00:00","description":"K-AddOn is a platform for integrators and users, offering evaluated tools for seamless Kawasaki Robot integration. Join the program today.","breadcrumb":{"@id":"https:\/\/kawasakirobotics.com\/pl\/products\/k-addon\/#breadcrumb"},"inLanguage":"pl-PL","potentialAction":[{"@type":"ReadAction","target":["https:\/\/kawasakirobotics.com\/pl\/products\/k-addon\/"]}]},{"@type":"ImageObject","inLanguage":"pl-PL","@id":"https:\/\/kawasakirobotics.com\/pl\/products\/k-addon\/#primaryimage","url":"https:\/\/kawasakirobotics.com\/tachyon\/sites\/2\/2022\/01\/title-background-A1750927-2_ed.jpg?fit=2160%2C360","contentUrl":"https:\/\/kawasakirobotics.com\/tachyon\/sites\/2\/2022\/01\/title-background-A1750927-2_ed.jpg?fit=2160%2C360","width":2160,"height":360,"caption":"Kawasaki Robot K-AddOn Products"},{"@type":"BreadcrumbList","@id":"https:\/\/kawasakirobotics.com\/pl\/products\/k-addon\/#breadcrumb","itemListElement":[{"@type":"ListItem","position":1,"name":"Strona g\u0142\u00f3wna","item":"https:\/\/kawasakirobotics.com\/pl\/"},{"@type":"ListItem","position":2,"name":"Wyszukiwarka produkt\u00f3w","item":"https:\/\/kawasakirobotics.com\/pl\/products\/"},{"@type":"ListItem","position":3,"name":"Kawasaki Robot K-AddOn Produkty"}]},{"@type":"WebSite","@id":"https:\/\/kawasakirobotics.com\/pl\/#website","url":"https:\/\/kawasakirobotics.com\/pl\/","name":"Kawasaki Robotics","description":"","publisher":{"@id":"https:\/\/kawasakirobotics.com\/pl\/#organization"},"potentialAction":[{"@type":"SearchAction","target":{"@type":"EntryPoint","urlTemplate":"https:\/\/kawasakirobotics.com\/pl\/?s={search_term_string}"},"query-input":{"@type":"PropertyValueSpecification","valueRequired":true,"valueName":"search_term_string"}}],"inLanguage":"pl-PL"},{"@type":"Organization","@id":"https:\/\/kawasakirobotics.com\/pl\/#organization","name":"\u5ddd\u5d0e\u91cd\u5de5\u696d\u30ed\u30dc\u30c3\u30c8\u30c7\u30a3\u30d3\u30b8\u30e7\u30f3","url":"https:\/\/kawasakirobotics.com\/pl\/","logo":{"@type":"ImageObject","inLanguage":"pl-PL","@id":"https:\/\/kawasakirobotics.com\/pl\/#\/schema\/logo\/image\/","url":"","contentUrl":"","caption":"\u5ddd\u5d0e\u91cd\u5de5\u696d\u30ed\u30dc\u30c3\u30c8\u30c7\u30a3\u30d3\u30b8\u30e7\u30f3"},"image":{"@id":"https:\/\/kawasakirobotics.com\/pl\/#\/schema\/logo\/image\/"}}]}},"_links":{"self":[{"href":"https:\/\/kawasakirobotics.com\/pl\/wp-json\/wp\/v2\/pages\/52","targetHints":{"allow":["GET"]}}],"collection":[{"href":"https:\/\/kawasakirobotics.com\/pl\/wp-json\/wp\/v2\/pages"}],"about":[{"href":"https:\/\/kawasakirobotics.com\/pl\/wp-json\/wp\/v2\/types\/page"}],"author":[{"embeddable":true,"href":"https:\/\/kawasakirobotics.com\/pl\/wp-json\/wp\/v2\/users\/9"}],"replies":[{"embeddable":true,"href":"https:\/\/kawasakirobotics.com\/pl\/wp-json\/wp\/v2\/comments?post=52"}],"version-history":[{"count":25,"href":"https:\/\/kawasakirobotics.com\/pl\/wp-json\/wp\/v2\/pages\/52\/revisions"}],"predecessor-version":[{"id":5885,"href":"https:\/\/kawasakirobotics.com\/pl\/wp-json\/wp\/v2\/pages\/52\/revisions\/5885"}],"up":[{"embeddable":true,"href":"https:\/\/kawasakirobotics.com\/pl\/wp-json\/wp\/v2\/pages\/50"}],"wp:featuredmedia":[{"embeddable":true,"href":"https:\/\/kawasakirobotics.com\/pl\/wp-json\/wp\/v2\/media\/930"}],"wp:attachment":[{"href":"https:\/\/kawasakirobotics.com\/pl\/wp-json\/wp\/v2\/media?parent=52"}],"curies":[{"name":"wp","href":"https:\/\/api.w.org\/{rel}","templated":true}]}}