{"id":54,"date":"2022-01-19T17:55:56","date_gmt":"2022-01-19T08:55:56","guid":{"rendered":"urn:uuid:8f4034a0-45c0-4d83-94d6-fbc8f463c5ae"},"modified":"2025-08-01T02:15:39","modified_gmt":"2025-08-01T00:15:39","slug":"retired-models","status":"publish","type":"page","link":"https:\/\/kawasakirobotics.com\/pl\/products\/retired-models\/","title":{"rendered":"Wycofane modele"},"content":{"rendered":"\n<p>Kawasaki jest jednym z lider\u00f3w instalacji robot\u00f3w na \u015bwiecie. Wi\u0119kszo\u015b\u0107 naszych wycofanych z rynku produkt\u00f3w nadal jest produkowana w zak\u0142adach na ca\u0142ym \u015bwiecie. Je\u015bli potrzebujesz cz\u0119\u015bci lub wsparcia dla kt\u00f3regokolwiek z naszych produkt\u00f3w, skontaktuj si\u0119 z naszym Dzia\u0142em Obs\u0142ugi Klienta.<\/p>\n\n\n\n<p><a href=\"https:\/\/kawasakirobotics.com\/uploads\/sites\/2\/2025\/07\/KHI_retiredmodels202508.pdf\" target=\"_blank\" rel=\"noreferrer noopener\">Lista wycofanych modeli robot\u00f3w\/kontroler\u00f3w i rok wycofania<\/a><\/p>\n\n\n\n<h2 class=\"wp-block-heading\"><strong><strong>POW\u00d3D ZAPRZESTANIA<\/strong><\/strong><\/h2>\n\n\n\n<p>Wprowadzenie kolejnych modeli.<\/p>\n\n\n\n<h4 class=\"wp-block-heading\">CZ\u0118\u015aCI ZAMIENNE<\/h4>\n\n\n\n<ul class=\"wp-block-list\">\n<li>Cz\u0119\u015bci zamienne do modeli, kt\u00f3rych dotyczy problem, b\u0119d\u0105 dostarczane przez maksymalnie 10 lat od daty zaprzestania produkcji.<\/li>\n\n\n\n<li>Kawasaki do\u0142o\u017cy wszelkich stara\u0144, aby uzyska\u0107 cz\u0119\u015bci i materia\u0142y w odpowiedzi na wymagania klient\u00f3w. Jednak ze wzgl\u0119du na okoliczno\u015bci zewn\u0119trzne, takie jak zmiany na rynku materia\u0142\u00f3w (tj. zaprzestanie produkcji przez producent\u00f3w materia\u0142\u00f3w), Kawasaki mo\u017ce nie by\u0107 w stanie dostarczy\u0107 cz\u0119\u015bci do modeli, kt\u00f3rych dotyczy problem.<\/li>\n\n\n\n<li>W zale\u017cno\u015bci od okresu, kt\u00f3ry up\u0142yn\u0105\u0142 od zaprzestania produkcji, czas dostawy mo\u017ce si\u0119 wyd\u0142u\u017cy\u0107.<\/li>\n<\/ul>\n\n\n\n<p><\/p>\n","protected":false},"excerpt":{"rendered":"<p>Kawasaki jest jednym z lider\u00f3w instalacji robot\u00f3w na \u015bwiecie. Wi\u0119kszo\u015b\u0107 naszych wycofanych z rynku produkt\u00f3w nadal jest produkowana w zak\u0142adach na ca\u0142ym \u015bwiecie. Je\u015bli potrzebujesz cz\u0119\u015bci lub wsparcia dla kt\u00f3regokolwiek z naszych produkt\u00f3w, skontaktuj si\u0119 z naszym Dzia\u0142em Obs\u0142ugi Klienta. Lista wycofanych modeli robot\u00f3w\/kontroler\u00f3w i rok wycofania POW\u00d3D ZAPRZESTANIA Wprowadzenie kolejnych modeli. CZ\u0118\u015aCI ZAMIENNE<\/p>\n","protected":false},"author":3,"featured_media":4319,"parent":50,"menu_order":2,"comment_status":"closed","ping_status":"closed","template":"page-templates\/custom-title-with-background.php","meta":{"ep_exclude_from_search":false,"footnotes":""},"class_list":["post-54","page","type-page","status-publish","has-post-thumbnail","hentry"],"yoast_head":"<!-- This site is optimized with the Yoast SEO plugin v25.9 - https:\/\/yoast.com\/wordpress\/plugins\/seo\/ -->\n<title>Wycofane modele | Industrial Robots by Kawasaki Robotics<\/title>\n<meta name=\"description\" content=\"Discover Kawasaki&#039;s retired robot models and their parts availability. We offer support for up to 10 years post-discontinuation.\" \/>\n<meta name=\"robots\" content=\"index, follow, max-snippet:-1, max-image-preview:large, max-video-preview:-1\" \/>\n<link rel=\"canonical\" href=\"https:\/\/kawasakirobotics.com\/pl\/products\/retired-models\/\" \/>\n<meta property=\"og:locale\" content=\"pl_PL\" \/>\n<meta property=\"og:type\" content=\"article\" \/>\n<meta property=\"og:title\" content=\"Wycofane modele | Industrial Robots by Kawasaki Robotics\" \/>\n<meta property=\"og:description\" content=\"Discover Kawasaki&#039;s retired robot models and their parts availability. We offer support for up to 10 years post-discontinuation.\" \/>\n<meta property=\"og:url\" content=\"https:\/\/kawasakirobotics.com\/pl\/products\/retired-models\/\" \/>\n<meta property=\"og:site_name\" content=\"Kawasaki Robotics\" \/>\n<meta property=\"article:modified_time\" content=\"2025-08-01T00:15:39+00:00\" \/>\n<meta property=\"og:image\" content=\"https:\/\/kawasakirobotics.com\/content\/themes\/krobot-theme\/src\/images\/default\/ogp.jpg\" \/>\n\t<meta property=\"og:image:width\" content=\"1200\" \/>\n\t<meta property=\"og:image:height\" content=\"630\" \/>\n\t<meta property=\"og:image:type\" content=\"image\/jpeg\" \/>\n<meta name=\"twitter:card\" content=\"summary_large_image\" \/>\n<script type=\"application\/ld+json\" class=\"yoast-schema-graph\">{\"@context\":\"https:\/\/schema.org\",\"@graph\":[{\"@type\":\"WebPage\",\"@id\":\"https:\/\/kawasakirobotics.com\/pl\/products\/retired-models\/\",\"url\":\"https:\/\/kawasakirobotics.com\/pl\/products\/retired-models\/\",\"name\":\"Wycofane modele | Industrial Robots by Kawasaki Robotics\",\"isPartOf\":{\"@id\":\"https:\/\/kawasakirobotics.com\/pl\/#website\"},\"primaryImageOfPage\":{\"@id\":\"https:\/\/kawasakirobotics.com\/pl\/products\/retired-models\/#primaryimage\"},\"image\":{\"@id\":\"https:\/\/kawasakirobotics.com\/pl\/products\/retired-models\/#primaryimage\"},\"thumbnailUrl\":\"https:\/\/kawasakirobotics.com\/tachyon\/sites\/2\/2022\/01\/title-background-B1830324.jpg?fit=2160%2C360\",\"datePublished\":\"2022-01-19T08:55:56+00:00\",\"dateModified\":\"2025-08-01T00:15:39+00:00\",\"description\":\"Discover Kawasaki's retired robot models and their parts availability. We offer support for up to 10 years post-discontinuation.\",\"breadcrumb\":{\"@id\":\"https:\/\/kawasakirobotics.com\/pl\/products\/retired-models\/#breadcrumb\"},\"inLanguage\":\"pl-PL\",\"potentialAction\":[{\"@type\":\"ReadAction\",\"target\":[\"https:\/\/kawasakirobotics.com\/pl\/products\/retired-models\/\"]}]},{\"@type\":\"ImageObject\",\"inLanguage\":\"pl-PL\",\"@id\":\"https:\/\/kawasakirobotics.com\/pl\/products\/retired-models\/#primaryimage\",\"url\":\"https:\/\/kawasakirobotics.com\/tachyon\/sites\/2\/2022\/01\/title-background-B1830324.jpg?fit=2160%2C360\",\"contentUrl\":\"https:\/\/kawasakirobotics.com\/tachyon\/sites\/2\/2022\/01\/title-background-B1830324.jpg?fit=2160%2C360\",\"width\":2160,\"height\":360,\"caption\":\"CAD Data Disclaimer\"},{\"@type\":\"BreadcrumbList\",\"@id\":\"https:\/\/kawasakirobotics.com\/pl\/products\/retired-models\/#breadcrumb\",\"itemListElement\":[{\"@type\":\"ListItem\",\"position\":1,\"name\":\"Strona g\u0142\u00f3wna\",\"item\":\"https:\/\/kawasakirobotics.com\/pl\/\"},{\"@type\":\"ListItem\",\"position\":2,\"name\":\"Wyszukiwarka produkt\u00f3w\",\"item\":\"https:\/\/kawasakirobotics.com\/pl\/products\/\"},{\"@type\":\"ListItem\",\"position\":3,\"name\":\"Wycofane modele\"}]},{\"@type\":\"WebSite\",\"@id\":\"https:\/\/kawasakirobotics.com\/pl\/#website\",\"url\":\"https:\/\/kawasakirobotics.com\/pl\/\",\"name\":\"Kawasaki Robotics\",\"description\":\"\",\"publisher\":{\"@id\":\"https:\/\/kawasakirobotics.com\/pl\/#organization\"},\"potentialAction\":[{\"@type\":\"SearchAction\",\"target\":{\"@type\":\"EntryPoint\",\"urlTemplate\":\"https:\/\/kawasakirobotics.com\/pl\/?s={search_term_string}\"},\"query-input\":{\"@type\":\"PropertyValueSpecification\",\"valueRequired\":true,\"valueName\":\"search_term_string\"}}],\"inLanguage\":\"pl-PL\"},{\"@type\":\"Organization\",\"@id\":\"https:\/\/kawasakirobotics.com\/pl\/#organization\",\"name\":\"\u5ddd\u5d0e\u91cd\u5de5\u696d\u30ed\u30dc\u30c3\u30c8\u30c7\u30a3\u30d3\u30b8\u30e7\u30f3\",\"url\":\"https:\/\/kawasakirobotics.com\/pl\/\",\"logo\":{\"@type\":\"ImageObject\",\"inLanguage\":\"pl-PL\",\"@id\":\"https:\/\/kawasakirobotics.com\/pl\/#\/schema\/logo\/image\/\",\"url\":\"\",\"contentUrl\":\"\",\"caption\":\"\u5ddd\u5d0e\u91cd\u5de5\u696d\u30ed\u30dc\u30c3\u30c8\u30c7\u30a3\u30d3\u30b8\u30e7\u30f3\"},\"image\":{\"@id\":\"https:\/\/kawasakirobotics.com\/pl\/#\/schema\/logo\/image\/\"}}]}<\/script>\n<!-- \/ Yoast SEO plugin. -->","yoast_head_json":{"title":"Wycofane modele | Industrial Robots by Kawasaki Robotics","description":"Discover Kawasaki's retired robot models and their parts availability. We offer support for up to 10 years post-discontinuation.","robots":{"index":"index","follow":"follow","max-snippet":"max-snippet:-1","max-image-preview":"max-image-preview:large","max-video-preview":"max-video-preview:-1"},"canonical":"https:\/\/kawasakirobotics.com\/pl\/products\/retired-models\/","og_locale":"pl_PL","og_type":"article","og_title":"Wycofane modele | Industrial Robots by Kawasaki Robotics","og_description":"Discover Kawasaki's retired robot models and their parts availability. We offer support for up to 10 years post-discontinuation.","og_url":"https:\/\/kawasakirobotics.com\/pl\/products\/retired-models\/","og_site_name":"Kawasaki Robotics","article_modified_time":"2025-08-01T00:15:39+00:00","og_image":[{"url":"https:\/\/kawasakirobotics.com\/content\/themes\/krobot-theme\/src\/images\/default\/ogp.jpg","width":"1200","height":"630","type":"image\/jpeg"}],"twitter_card":"summary_large_image","schema":{"@context":"https:\/\/schema.org","@graph":[{"@type":"WebPage","@id":"https:\/\/kawasakirobotics.com\/pl\/products\/retired-models\/","url":"https:\/\/kawasakirobotics.com\/pl\/products\/retired-models\/","name":"Wycofane modele | Industrial Robots by Kawasaki Robotics","isPartOf":{"@id":"https:\/\/kawasakirobotics.com\/pl\/#website"},"primaryImageOfPage":{"@id":"https:\/\/kawasakirobotics.com\/pl\/products\/retired-models\/#primaryimage"},"image":{"@id":"https:\/\/kawasakirobotics.com\/pl\/products\/retired-models\/#primaryimage"},"thumbnailUrl":"https:\/\/kawasakirobotics.com\/tachyon\/sites\/2\/2022\/01\/title-background-B1830324.jpg?fit=2160%2C360","datePublished":"2022-01-19T08:55:56+00:00","dateModified":"2025-08-01T00:15:39+00:00","description":"Discover Kawasaki's retired robot models and their parts availability. We offer support for up to 10 years post-discontinuation.","breadcrumb":{"@id":"https:\/\/kawasakirobotics.com\/pl\/products\/retired-models\/#breadcrumb"},"inLanguage":"pl-PL","potentialAction":[{"@type":"ReadAction","target":["https:\/\/kawasakirobotics.com\/pl\/products\/retired-models\/"]}]},{"@type":"ImageObject","inLanguage":"pl-PL","@id":"https:\/\/kawasakirobotics.com\/pl\/products\/retired-models\/#primaryimage","url":"https:\/\/kawasakirobotics.com\/tachyon\/sites\/2\/2022\/01\/title-background-B1830324.jpg?fit=2160%2C360","contentUrl":"https:\/\/kawasakirobotics.com\/tachyon\/sites\/2\/2022\/01\/title-background-B1830324.jpg?fit=2160%2C360","width":2160,"height":360,"caption":"CAD Data Disclaimer"},{"@type":"BreadcrumbList","@id":"https:\/\/kawasakirobotics.com\/pl\/products\/retired-models\/#breadcrumb","itemListElement":[{"@type":"ListItem","position":1,"name":"Strona g\u0142\u00f3wna","item":"https:\/\/kawasakirobotics.com\/pl\/"},{"@type":"ListItem","position":2,"name":"Wyszukiwarka produkt\u00f3w","item":"https:\/\/kawasakirobotics.com\/pl\/products\/"},{"@type":"ListItem","position":3,"name":"Wycofane modele"}]},{"@type":"WebSite","@id":"https:\/\/kawasakirobotics.com\/pl\/#website","url":"https:\/\/kawasakirobotics.com\/pl\/","name":"Kawasaki Robotics","description":"","publisher":{"@id":"https:\/\/kawasakirobotics.com\/pl\/#organization"},"potentialAction":[{"@type":"SearchAction","target":{"@type":"EntryPoint","urlTemplate":"https:\/\/kawasakirobotics.com\/pl\/?s={search_term_string}"},"query-input":{"@type":"PropertyValueSpecification","valueRequired":true,"valueName":"search_term_string"}}],"inLanguage":"pl-PL"},{"@type":"Organization","@id":"https:\/\/kawasakirobotics.com\/pl\/#organization","name":"\u5ddd\u5d0e\u91cd\u5de5\u696d\u30ed\u30dc\u30c3\u30c8\u30c7\u30a3\u30d3\u30b8\u30e7\u30f3","url":"https:\/\/kawasakirobotics.com\/pl\/","logo":{"@type":"ImageObject","inLanguage":"pl-PL","@id":"https:\/\/kawasakirobotics.com\/pl\/#\/schema\/logo\/image\/","url":"","contentUrl":"","caption":"\u5ddd\u5d0e\u91cd\u5de5\u696d\u30ed\u30dc\u30c3\u30c8\u30c7\u30a3\u30d3\u30b8\u30e7\u30f3"},"image":{"@id":"https:\/\/kawasakirobotics.com\/pl\/#\/schema\/logo\/image\/"}}]}},"_links":{"self":[{"href":"https:\/\/kawasakirobotics.com\/pl\/wp-json\/wp\/v2\/pages\/54","targetHints":{"allow":["GET"]}}],"collection":[{"href":"https:\/\/kawasakirobotics.com\/pl\/wp-json\/wp\/v2\/pages"}],"about":[{"href":"https:\/\/kawasakirobotics.com\/pl\/wp-json\/wp\/v2\/types\/page"}],"author":[{"embeddable":true,"href":"https:\/\/kawasakirobotics.com\/pl\/wp-json\/wp\/v2\/users\/3"}],"replies":[{"embeddable":true,"href":"https:\/\/kawasakirobotics.com\/pl\/wp-json\/wp\/v2\/comments?post=54"}],"version-history":[{"count":6,"href":"https:\/\/kawasakirobotics.com\/pl\/wp-json\/wp\/v2\/pages\/54\/revisions"}],"predecessor-version":[{"id":5929,"href":"https:\/\/kawasakirobotics.com\/pl\/wp-json\/wp\/v2\/pages\/54\/revisions\/5929"}],"up":[{"embeddable":true,"href":"https:\/\/kawasakirobotics.com\/pl\/wp-json\/wp\/v2\/pages\/50"}],"wp:featuredmedia":[{"embeddable":true,"href":"https:\/\/kawasakirobotics.com\/pl\/wp-json\/wp\/v2\/media\/4319"}],"wp:attachment":[{"href":"https:\/\/kawasakirobotics.com\/pl\/wp-json\/wp\/v2\/media?parent=54"}],"curies":[{"name":"wp","href":"https:\/\/api.w.org\/{rel}","templated":true}]}}