{"id":56,"date":"2022-01-19T17:56:24","date_gmt":"2022-01-19T08:56:24","guid":{"rendered":"urn:uuid:f979949d-bcb6-4ad2-81d2-99435ce77cf1"},"modified":"2024-02-13T10:21:48","modified_gmt":"2024-02-13T09:21:48","slug":"cad-disclaimer","status":"publish","type":"page","link":"https:\/\/kawasakirobotics.com\/pl\/products\/cad-disclaimer\/","title":{"rendered":"Zastrze\u017cenie dotycz\u0105ce danych CAD"},"content":{"rendered":"\n<p>Przeczytaj poni\u017csze informacje przed u\u017cyciem danych CAD na tej stronie internetowej.<\/p>\n\n\n\n<h2 class=\"wp-block-heading\"><strong>1. <\/strong>Cel wykorzystania danych<\/h2>\n\n\n\n<p>Dane CAD na tej stronie s\u0142u\u017c\u0105 do sprawdzania interferencji i kszta\u0142tu robota itp. wy\u0142\u0105cznie w projekcie uk\u0142adu.<\/p>\n\n\n\n<h2 class=\"wp-block-heading\"><strong>2. <\/strong>Charakterystyka danych<\/h2>\n\n\n\n<p>Nale\u017cy pami\u0119ta\u0107, \u017ce dane kszta\u0142tu, takie jak tolerancja, chropowato\u015b\u0107 powierzchni i otwory w danych CAD, mog\u0105 r\u00f3\u017cni\u0107 si\u0119 od danych rzeczywistego produktu. Ponadto niekt\u00f3re produkty nie maj\u0105 danych o kszta\u0142cie, aby zmniejszy\u0107 rozmiar pliku danych CAD i u\u0142atwi\u0107 udost\u0119pnianie danych.<\/p>\n\n\n\n<h2 class=\"wp-block-heading\"><strong>3. <\/strong>Zastrze\u017cenie<\/h2>\n\n\n\n<p>Chocia\u017c Kawasaki skrupulatnie tworzy dane CAD, dok\u0142adno\u015b\u0107 danych CAD nie mo\u017ce by\u0107 zagwarantowana ze wzgl\u0119du na wy\u017cej wymienione cechy danych. Ponadto dane CAD na tej stronie internetowej mog\u0105 ulec zmianie, uzupe\u0142nieniu i\/lub usuni\u0119ciu bez wcze\u015bniejszego powiadomienia. Kawasaki nie ponosi odpowiedzialno\u015bci za jakiekolwiek szkody poniesione w wyniku u\u017cytkowania, zmiany i usuni\u0119cia danych CAD z jakiegokolwiek powodu.<\/p>\n\n\n\n<h2 class=\"wp-block-heading\"><strong>4. <\/strong>Przydzia\u0142 praw w\u0142asno\u015bci intelektualnej<\/h2>\n\n\n\n<p>Kawasaki zachowuje wszelkie prawa, w tym prawa w\u0142asno\u015bci intelektualnej, do danych CAD. Nie wolno kopiowa\u0107, powiela\u0107, rozpowszechnia\u0107, przesy\u0142a\u0107, modyfikowa\u0107 i\/lub sprzedawa\u0107 danych CAD w celach innych ni\u017c wy\u017cej wymieniony bez uprzedniej pisemnej zgody Kawasaki. Je\u015bli wykorzystanie danych CAD narusza wy\u017cej wymieniony cel u\u017cytkowania i przepisy, Kawasaki mo\u017ce zabroni\u0107 korzystania z danych CAD i podj\u0105\u0107 kroki prawne przeciwko u\u017cytkownikowi.<\/p>\n\n\n\n<hr class=\"wp-block-separator has-css-opacity alignfull\" \/>\n","protected":false},"excerpt":{"rendered":"<p>Przeczytaj poni\u017csze informacje przed u\u017cyciem danych CAD na tej stronie internetowej. 1. Cel wykorzystania danych Dane CAD na tej stronie s\u0142u\u017c\u0105 do sprawdzania interferencji i kszta\u0142tu robota itp. wy\u0142\u0105cznie w projekcie uk\u0142adu. 2. Charakterystyka danych Nale\u017cy pami\u0119ta\u0107, \u017ce dane kszta\u0142tu, takie jak tolerancja, chropowato\u015b\u0107 powierzchni i otwory w danych CAD, mog\u0105 r\u00f3\u017cni\u0107 si\u0119 od danych rzeczywistego produktu. Ponadto niekt\u00f3re produkty nie maj\u0105 danych o kszta\u0142cie, aby zmniejszy\u0107 rozmiar pliku danych CAD i u\u0142atwi\u0107 udost\u0119pnianie danych. 3. Zastrze\u017cenie Chocia\u017c Kawasaki skrupulatnie tworzy dane CAD, dok\u0142adno\u015b\u0107 danych CAD nie mo\u017ce by\u0107 zagwarantowana ze wzgl\u0119du na wy\u017cej wymienione cechy danych. Ponadto dane CAD na tej stronie internetowej mog\u0105 ulec zmianie, uzupe\u0142nieniu i\/lub usuni\u0119ciu [&hellip;]<\/p>\n","protected":false},"author":9,"featured_media":4319,"parent":50,"menu_order":3,"comment_status":"closed","ping_status":"closed","template":"page-templates\/custom-title-with-background.php","meta":{"ep_exclude_from_search":false,"footnotes":""},"class_list":["post-56","page","type-page","status-publish","has-post-thumbnail","hentry"],"yoast_head":"<!-- This site is optimized with the Yoast SEO plugin v25.9 - https:\/\/yoast.com\/wordpress\/plugins\/seo\/ -->\n<title>Zastrze\u017cenie dotycz\u0105ce danych CAD | Industrial Robots by Kawasaki Robotics<\/title>\n<meta name=\"description\" content=\"Kawasaki Heavy Industries | Zastrze\u017cenie dotycz\u0105ce danych CAD\" \/>\n<meta name=\"robots\" content=\"index, follow, max-snippet:-1, max-image-preview:large, max-video-preview:-1\" \/>\n<link rel=\"canonical\" href=\"https:\/\/kawasakirobotics.com\/pl\/products\/cad-disclaimer\/\" \/>\n<meta property=\"og:locale\" content=\"pl_PL\" \/>\n<meta property=\"og:type\" content=\"article\" \/>\n<meta property=\"og:title\" content=\"Zastrze\u017cenie dotycz\u0105ce danych CAD | Industrial Robots by Kawasaki Robotics\" \/>\n<meta property=\"og:description\" content=\"Kawasaki Heavy Industries | Zastrze\u017cenie dotycz\u0105ce danych CAD\" \/>\n<meta property=\"og:url\" content=\"https:\/\/kawasakirobotics.com\/pl\/products\/cad-disclaimer\/\" \/>\n<meta property=\"og:site_name\" content=\"Kawasaki Robotics\" \/>\n<meta property=\"article:modified_time\" content=\"2024-02-13T09:21:48+00:00\" \/>\n<meta property=\"og:image\" content=\"https:\/\/kawasakirobotics.com\/content\/themes\/krobot-theme\/src\/images\/default\/ogp.jpg\" \/>\n\t<meta property=\"og:image:width\" content=\"1200\" \/>\n\t<meta property=\"og:image:height\" content=\"630\" \/>\n\t<meta property=\"og:image:type\" content=\"image\/jpeg\" \/>\n<meta name=\"twitter:card\" content=\"summary_large_image\" \/>\n<script type=\"application\/ld+json\" class=\"yoast-schema-graph\">{\"@context\":\"https:\/\/schema.org\",\"@graph\":[{\"@type\":\"WebPage\",\"@id\":\"https:\/\/kawasakirobotics.com\/pl\/products\/cad-disclaimer\/\",\"url\":\"https:\/\/kawasakirobotics.com\/pl\/products\/cad-disclaimer\/\",\"name\":\"Zastrze\u017cenie dotycz\u0105ce danych CAD | Industrial Robots by Kawasaki Robotics\",\"isPartOf\":{\"@id\":\"https:\/\/kawasakirobotics.com\/pl\/#website\"},\"primaryImageOfPage\":{\"@id\":\"https:\/\/kawasakirobotics.com\/pl\/products\/cad-disclaimer\/#primaryimage\"},\"image\":{\"@id\":\"https:\/\/kawasakirobotics.com\/pl\/products\/cad-disclaimer\/#primaryimage\"},\"thumbnailUrl\":\"https:\/\/kawasakirobotics.com\/tachyon\/sites\/2\/2022\/01\/title-background-B1830324.jpg?fit=2160%2C360\",\"datePublished\":\"2022-01-19T08:56:24+00:00\",\"dateModified\":\"2024-02-13T09:21:48+00:00\",\"description\":\"Kawasaki Heavy Industries | Zastrze\u017cenie dotycz\u0105ce danych CAD\",\"breadcrumb\":{\"@id\":\"https:\/\/kawasakirobotics.com\/pl\/products\/cad-disclaimer\/#breadcrumb\"},\"inLanguage\":\"pl-PL\",\"potentialAction\":[{\"@type\":\"ReadAction\",\"target\":[\"https:\/\/kawasakirobotics.com\/pl\/products\/cad-disclaimer\/\"]}]},{\"@type\":\"ImageObject\",\"inLanguage\":\"pl-PL\",\"@id\":\"https:\/\/kawasakirobotics.com\/pl\/products\/cad-disclaimer\/#primaryimage\",\"url\":\"https:\/\/kawasakirobotics.com\/tachyon\/sites\/2\/2022\/01\/title-background-B1830324.jpg?fit=2160%2C360\",\"contentUrl\":\"https:\/\/kawasakirobotics.com\/tachyon\/sites\/2\/2022\/01\/title-background-B1830324.jpg?fit=2160%2C360\",\"width\":2160,\"height\":360,\"caption\":\"CAD Data Disclaimer\"},{\"@type\":\"BreadcrumbList\",\"@id\":\"https:\/\/kawasakirobotics.com\/pl\/products\/cad-disclaimer\/#breadcrumb\",\"itemListElement\":[{\"@type\":\"ListItem\",\"position\":1,\"name\":\"Strona g\u0142\u00f3wna\",\"item\":\"https:\/\/kawasakirobotics.com\/pl\/\"},{\"@type\":\"ListItem\",\"position\":2,\"name\":\"Wyszukiwarka produkt\u00f3w\",\"item\":\"https:\/\/kawasakirobotics.com\/pl\/products\/\"},{\"@type\":\"ListItem\",\"position\":3,\"name\":\"Zastrze\u017cenie dotycz\u0105ce danych CAD\"}]},{\"@type\":\"WebSite\",\"@id\":\"https:\/\/kawasakirobotics.com\/pl\/#website\",\"url\":\"https:\/\/kawasakirobotics.com\/pl\/\",\"name\":\"Kawasaki Robotics\",\"description\":\"\",\"publisher\":{\"@id\":\"https:\/\/kawasakirobotics.com\/pl\/#organization\"},\"potentialAction\":[{\"@type\":\"SearchAction\",\"target\":{\"@type\":\"EntryPoint\",\"urlTemplate\":\"https:\/\/kawasakirobotics.com\/pl\/?s={search_term_string}\"},\"query-input\":{\"@type\":\"PropertyValueSpecification\",\"valueRequired\":true,\"valueName\":\"search_term_string\"}}],\"inLanguage\":\"pl-PL\"},{\"@type\":\"Organization\",\"@id\":\"https:\/\/kawasakirobotics.com\/pl\/#organization\",\"name\":\"\u5ddd\u5d0e\u91cd\u5de5\u696d\u30ed\u30dc\u30c3\u30c8\u30c7\u30a3\u30d3\u30b8\u30e7\u30f3\",\"url\":\"https:\/\/kawasakirobotics.com\/pl\/\",\"logo\":{\"@type\":\"ImageObject\",\"inLanguage\":\"pl-PL\",\"@id\":\"https:\/\/kawasakirobotics.com\/pl\/#\/schema\/logo\/image\/\",\"url\":\"\",\"contentUrl\":\"\",\"caption\":\"\u5ddd\u5d0e\u91cd\u5de5\u696d\u30ed\u30dc\u30c3\u30c8\u30c7\u30a3\u30d3\u30b8\u30e7\u30f3\"},\"image\":{\"@id\":\"https:\/\/kawasakirobotics.com\/pl\/#\/schema\/logo\/image\/\"}}]}<\/script>\n<!-- \/ Yoast SEO plugin. -->","yoast_head_json":{"title":"Zastrze\u017cenie dotycz\u0105ce danych CAD | Industrial Robots by Kawasaki Robotics","description":"Kawasaki Heavy Industries | Zastrze\u017cenie dotycz\u0105ce danych CAD","robots":{"index":"index","follow":"follow","max-snippet":"max-snippet:-1","max-image-preview":"max-image-preview:large","max-video-preview":"max-video-preview:-1"},"canonical":"https:\/\/kawasakirobotics.com\/pl\/products\/cad-disclaimer\/","og_locale":"pl_PL","og_type":"article","og_title":"Zastrze\u017cenie dotycz\u0105ce danych CAD | Industrial Robots by Kawasaki Robotics","og_description":"Kawasaki Heavy Industries | Zastrze\u017cenie dotycz\u0105ce danych CAD","og_url":"https:\/\/kawasakirobotics.com\/pl\/products\/cad-disclaimer\/","og_site_name":"Kawasaki Robotics","article_modified_time":"2024-02-13T09:21:48+00:00","og_image":[{"url":"https:\/\/kawasakirobotics.com\/content\/themes\/krobot-theme\/src\/images\/default\/ogp.jpg","width":"1200","height":"630","type":"image\/jpeg"}],"twitter_card":"summary_large_image","schema":{"@context":"https:\/\/schema.org","@graph":[{"@type":"WebPage","@id":"https:\/\/kawasakirobotics.com\/pl\/products\/cad-disclaimer\/","url":"https:\/\/kawasakirobotics.com\/pl\/products\/cad-disclaimer\/","name":"Zastrze\u017cenie dotycz\u0105ce danych CAD | Industrial Robots by Kawasaki Robotics","isPartOf":{"@id":"https:\/\/kawasakirobotics.com\/pl\/#website"},"primaryImageOfPage":{"@id":"https:\/\/kawasakirobotics.com\/pl\/products\/cad-disclaimer\/#primaryimage"},"image":{"@id":"https:\/\/kawasakirobotics.com\/pl\/products\/cad-disclaimer\/#primaryimage"},"thumbnailUrl":"https:\/\/kawasakirobotics.com\/tachyon\/sites\/2\/2022\/01\/title-background-B1830324.jpg?fit=2160%2C360","datePublished":"2022-01-19T08:56:24+00:00","dateModified":"2024-02-13T09:21:48+00:00","description":"Kawasaki Heavy Industries | Zastrze\u017cenie dotycz\u0105ce danych CAD","breadcrumb":{"@id":"https:\/\/kawasakirobotics.com\/pl\/products\/cad-disclaimer\/#breadcrumb"},"inLanguage":"pl-PL","potentialAction":[{"@type":"ReadAction","target":["https:\/\/kawasakirobotics.com\/pl\/products\/cad-disclaimer\/"]}]},{"@type":"ImageObject","inLanguage":"pl-PL","@id":"https:\/\/kawasakirobotics.com\/pl\/products\/cad-disclaimer\/#primaryimage","url":"https:\/\/kawasakirobotics.com\/tachyon\/sites\/2\/2022\/01\/title-background-B1830324.jpg?fit=2160%2C360","contentUrl":"https:\/\/kawasakirobotics.com\/tachyon\/sites\/2\/2022\/01\/title-background-B1830324.jpg?fit=2160%2C360","width":2160,"height":360,"caption":"CAD Data Disclaimer"},{"@type":"BreadcrumbList","@id":"https:\/\/kawasakirobotics.com\/pl\/products\/cad-disclaimer\/#breadcrumb","itemListElement":[{"@type":"ListItem","position":1,"name":"Strona g\u0142\u00f3wna","item":"https:\/\/kawasakirobotics.com\/pl\/"},{"@type":"ListItem","position":2,"name":"Wyszukiwarka produkt\u00f3w","item":"https:\/\/kawasakirobotics.com\/pl\/products\/"},{"@type":"ListItem","position":3,"name":"Zastrze\u017cenie dotycz\u0105ce danych CAD"}]},{"@type":"WebSite","@id":"https:\/\/kawasakirobotics.com\/pl\/#website","url":"https:\/\/kawasakirobotics.com\/pl\/","name":"Kawasaki Robotics","description":"","publisher":{"@id":"https:\/\/kawasakirobotics.com\/pl\/#organization"},"potentialAction":[{"@type":"SearchAction","target":{"@type":"EntryPoint","urlTemplate":"https:\/\/kawasakirobotics.com\/pl\/?s={search_term_string}"},"query-input":{"@type":"PropertyValueSpecification","valueRequired":true,"valueName":"search_term_string"}}],"inLanguage":"pl-PL"},{"@type":"Organization","@id":"https:\/\/kawasakirobotics.com\/pl\/#organization","name":"\u5ddd\u5d0e\u91cd\u5de5\u696d\u30ed\u30dc\u30c3\u30c8\u30c7\u30a3\u30d3\u30b8\u30e7\u30f3","url":"https:\/\/kawasakirobotics.com\/pl\/","logo":{"@type":"ImageObject","inLanguage":"pl-PL","@id":"https:\/\/kawasakirobotics.com\/pl\/#\/schema\/logo\/image\/","url":"","contentUrl":"","caption":"\u5ddd\u5d0e\u91cd\u5de5\u696d\u30ed\u30dc\u30c3\u30c8\u30c7\u30a3\u30d3\u30b8\u30e7\u30f3"},"image":{"@id":"https:\/\/kawasakirobotics.com\/pl\/#\/schema\/logo\/image\/"}}]}},"_links":{"self":[{"href":"https:\/\/kawasakirobotics.com\/pl\/wp-json\/wp\/v2\/pages\/56","targetHints":{"allow":["GET"]}}],"collection":[{"href":"https:\/\/kawasakirobotics.com\/pl\/wp-json\/wp\/v2\/pages"}],"about":[{"href":"https:\/\/kawasakirobotics.com\/pl\/wp-json\/wp\/v2\/types\/page"}],"author":[{"embeddable":true,"href":"https:\/\/kawasakirobotics.com\/pl\/wp-json\/wp\/v2\/users\/9"}],"replies":[{"embeddable":true,"href":"https:\/\/kawasakirobotics.com\/pl\/wp-json\/wp\/v2\/comments?post=56"}],"version-history":[{"count":3,"href":"https:\/\/kawasakirobotics.com\/pl\/wp-json\/wp\/v2\/pages\/56\/revisions"}],"predecessor-version":[{"id":5631,"href":"https:\/\/kawasakirobotics.com\/pl\/wp-json\/wp\/v2\/pages\/56\/revisions\/5631"}],"up":[{"embeddable":true,"href":"https:\/\/kawasakirobotics.com\/pl\/wp-json\/wp\/v2\/pages\/50"}],"wp:featuredmedia":[{"embeddable":true,"href":"https:\/\/kawasakirobotics.com\/pl\/wp-json\/wp\/v2\/media\/4319"}],"wp:attachment":[{"href":"https:\/\/kawasakirobotics.com\/pl\/wp-json\/wp\/v2\/media?parent=56"}],"curies":[{"name":"wp","href":"https:\/\/api.w.org\/{rel}","templated":true}]}}