{"id":883,"date":"2022-01-28T16:00:58","date_gmt":"2022-01-28T07:00:58","guid":{"rendered":"urn:uuid:33e2cdc8-58cb-498a-83c0-4a500603136a"},"modified":"2024-02-13T10:03:26","modified_gmt":"2024-02-13T09:03:26","slug":"products-others","status":"publish","type":"page","link":"https:\/\/kawasakirobotics.com\/pl\/products-others\/","title":{"rendered":"Inne produkty"},"content":{"rendered":"\n<p>Kawasaki dostarcza r\u00f3\u017cnorodne towary z wyj\u0105tkiem robot\u00f3w, w tym najnowocze\u015bniejsze oprogramowanie i systemy, aby sprosta\u0107 wymaganiom klient\u00f3w.<\/p>\n\n\n\n<div class=\"wp-block-columns alignwide krobot-pattern-robot-categories\">\n\t<div class=\"wp-block-column krobot-pattern-robot-categories__item\">\n\t<figure class=\"wp-block-image krobot-pattern-robot-categories__figure\">\n\t\t\t\t\t<img decoding=\"async\" src=\"https:\/\/kawasakirobotics.com\/tachyon\/sites\/5\/2022\/02\/operation-maintenance-monitoring-tool.png\" alt=\"Narz\u0119dzie do monitorowania eksploatacji\/konserwacji\" \/>\n\t\t\t<\/figure>\n\t<div class=\"wp-block-group krobot-pattern-robot-categories__summary\">\n\t\t<h2 class=\"krobot-pattern-robot-categories__category-name\">Narz\u0119dzie do monitorowania eksploatacji\/konserwacji<\/h2>\n\t\t<div class=\"wp-block-group krobot-pattern-robot-categories__description\">\n\t\t\t<p>\n\t\t\t\tK-COMMIT utrzymuje i monitoruje roboty.\t\t\t<\/p>\n\t\t<\/div>\n\t<\/div>\n\t<div class=\"wp-block-buttons is-content-justification-center is-layout-flex krobot-pattern-robot-categories__more\">\n\t\t<div class=\"wp-block-button is-style-outline\">\n\t\t\t<a class=\"wp-block-button__link\" href=\"https:\/\/kawasakirobotics.com\/pl\/others-category\/operation-maintenance-monitoring-tool\/\">\n\t\t\t\tWI\u0118CEJ\t\t\t<\/a>\n\t\t<\/div>\n\t<\/div>\n<\/div>\n<div class=\"wp-block-column krobot-pattern-robot-categories__item\">\n\t<figure class=\"wp-block-image krobot-pattern-robot-categories__figure\">\n\t\t\t\t\t<img decoding=\"async\" src=\"https:\/\/kawasakirobotics.com\/tachyon\/sites\/5\/2022\/02\/programming-tool.png\" alt=\"Narz\u0119dzie do programowania\" \/>\n\t\t\t<\/figure>\n\t<div class=\"wp-block-group krobot-pattern-robot-categories__summary\">\n\t\t<h2 class=\"krobot-pattern-robot-categories__category-name\">Narz\u0119dzie do programowania<\/h2>\n\t\t<div class=\"wp-block-group krobot-pattern-robot-categories__description\">\n\t\t\t<p>\n\t\t\t\tJ\u0119zyk AS to unikalny j\u0119zyk programowania Kawasaki.\t\t\t<\/p>\n\t\t<\/div>\n\t<\/div>\n\t<div class=\"wp-block-buttons is-content-justification-center is-layout-flex krobot-pattern-robot-categories__more\">\n\t\t<div class=\"wp-block-button is-style-outline\">\n\t\t\t<a class=\"wp-block-button__link\" href=\"https:\/\/kawasakirobotics.com\/pl\/others-category\/programming-tool\/\">\n\t\t\t\tWI\u0118CEJ\t\t\t<\/a>\n\t\t<\/div>\n\t<\/div>\n<\/div>\n<div class=\"wp-block-column krobot-pattern-robot-categories__item\">\n\t<figure class=\"wp-block-image krobot-pattern-robot-categories__figure\">\n\t\t\t\t\t<img decoding=\"async\" src=\"https:\/\/kawasakirobotics.com\/tachyon\/sites\/5\/2022\/02\/safety.png\" alt=\"Opcja monitorowania bezpiecze\u0144stwa\" \/>\n\t\t\t<\/figure>\n\t<div class=\"wp-block-group krobot-pattern-robot-categories__summary\">\n\t\t<h2 class=\"krobot-pattern-robot-categories__category-name\">Opcja monitorowania bezpiecze\u0144stwa<\/h2>\n\t\t<div class=\"wp-block-group krobot-pattern-robot-categories__description\">\n\t\t\t<p>\n\t\t\t\tCubic-S to jednostka bezpiecze\u0144stwa monitoruj\u0105ca ruch robota.\t\t\t<\/p>\n\t\t<\/div>\n\t<\/div>\n\t<div class=\"wp-block-buttons is-content-justification-center is-layout-flex krobot-pattern-robot-categories__more\">\n\t\t<div class=\"wp-block-button is-style-outline\">\n\t\t\t<a class=\"wp-block-button__link\" href=\"https:\/\/kawasakirobotics.com\/pl\/others-category\/safety\/\">\n\t\t\t\tWI\u0118CEJ\t\t\t<\/a>\n\t\t<\/div>\n\t<\/div>\n<\/div>\n<div class=\"wp-block-column krobot-pattern-robot-categories__item\">\n\t<figure class=\"wp-block-image krobot-pattern-robot-categories__figure\">\n\t\t\t\t\t<img decoding=\"async\" src=\"https:\/\/kawasakirobotics.com\/tachyon\/sites\/5\/2022\/02\/vision-option.png\" alt=\"Opcja wizji\" \/>\n\t\t\t<\/figure>\n\t<div class=\"wp-block-group krobot-pattern-robot-categories__summary\">\n\t\t<h2 class=\"krobot-pattern-robot-categories__category-name\">Opcja wizji<\/h2>\n\t\t<div class=\"wp-block-group krobot-pattern-robot-categories__description\">\n\t\t\t<p>\n\t\t\t\tSystem wizyjny, kt\u00f3ry zosta\u0142 opracowany przez Kawasaki w unikalny spos\u00f3b.\t\t\t<\/p>\n\t\t<\/div>\n\t<\/div>\n\t<div class=\"wp-block-buttons is-content-justification-center is-layout-flex krobot-pattern-robot-categories__more\">\n\t\t<div class=\"wp-block-button is-style-outline\">\n\t\t\t<a class=\"wp-block-button__link\" href=\"https:\/\/kawasakirobotics.com\/pl\/others-category\/vision-option\/\">\n\t\t\t\tWI\u0118CEJ\t\t\t<\/a>\n\t\t<\/div>\n\t<\/div>\n<\/div>\n<\/div>\n","protected":false},"excerpt":{"rendered":"<p>Kawasaki dostarcza r\u00f3\u017cnorodne towary z wyj\u0105tkiem robot\u00f3w, w tym najnowocze\u015bniejsze oprogramowanie i systemy, aby sprosta\u0107 wymaganiom klient\u00f3w.<\/p>\n","protected":false},"author":14,"featured_media":0,"parent":0,"menu_order":15,"comment_status":"closed","ping_status":"closed","template":"","meta":{"ep_exclude_from_search":false,"footnotes":""},"class_list":["post-883","page","type-page","status-publish","hentry"],"yoast_head":"<!-- This site is optimized with the Yoast SEO plugin v25.9 - https:\/\/yoast.com\/wordpress\/plugins\/seo\/ -->\n<title>Inne produkty | Industrial Robots by Kawasaki Robotics<\/title>\n<meta name=\"description\" content=\"Discover Kawasaki&#039;s automation solutions with specialized software, 2D vision, safety-rated hardware, and equipment for your robot system.\" \/>\n<meta name=\"robots\" content=\"index, follow, max-snippet:-1, max-image-preview:large, max-video-preview:-1\" \/>\n<link rel=\"canonical\" href=\"https:\/\/kawasakirobotics.com\/pl\/products-others\/\" \/>\n<meta property=\"og:locale\" content=\"pl_PL\" \/>\n<meta property=\"og:type\" content=\"article\" \/>\n<meta property=\"og:title\" content=\"Inne produkty | Industrial Robots by Kawasaki Robotics\" \/>\n<meta property=\"og:description\" content=\"Discover Kawasaki&#039;s automation solutions with specialized software, 2D vision, safety-rated hardware, and equipment for your robot system.\" \/>\n<meta property=\"og:url\" content=\"https:\/\/kawasakirobotics.com\/pl\/products-others\/\" \/>\n<meta property=\"og:site_name\" content=\"Kawasaki Robotics\" \/>\n<meta property=\"article:modified_time\" content=\"2024-02-13T09:03:26+00:00\" \/>\n<meta property=\"og:image\" content=\"https:\/\/kawasakirobotics.com\/content\/themes\/krobot-theme\/src\/images\/default\/ogp.jpg\" \/>\n\t<meta property=\"og:image:width\" content=\"1200\" \/>\n\t<meta property=\"og:image:height\" content=\"630\" \/>\n\t<meta property=\"og:image:type\" content=\"image\/jpeg\" \/>\n<meta name=\"twitter:card\" content=\"summary_large_image\" \/>\n<script type=\"application\/ld+json\" class=\"yoast-schema-graph\">{\"@context\":\"https:\/\/schema.org\",\"@graph\":[{\"@type\":\"WebPage\",\"@id\":\"https:\/\/kawasakirobotics.com\/pl\/products-others\/\",\"url\":\"https:\/\/kawasakirobotics.com\/pl\/products-others\/\",\"name\":\"Inne produkty | Industrial Robots by Kawasaki Robotics\",\"isPartOf\":{\"@id\":\"https:\/\/kawasakirobotics.com\/pl\/#website\"},\"datePublished\":\"2022-01-28T07:00:58+00:00\",\"dateModified\":\"2024-02-13T09:03:26+00:00\",\"description\":\"Discover Kawasaki's automation solutions with specialized software, 2D vision, safety-rated hardware, and equipment for your robot system.\",\"breadcrumb\":{\"@id\":\"https:\/\/kawasakirobotics.com\/pl\/products-others\/#breadcrumb\"},\"inLanguage\":\"pl-PL\",\"potentialAction\":[{\"@type\":\"ReadAction\",\"target\":[\"https:\/\/kawasakirobotics.com\/pl\/products-others\/\"]}]},{\"@type\":\"BreadcrumbList\",\"@id\":\"https:\/\/kawasakirobotics.com\/pl\/products-others\/#breadcrumb\",\"itemListElement\":[{\"@type\":\"ListItem\",\"position\":1,\"name\":\"Strona g\u0142\u00f3wna\",\"item\":\"https:\/\/kawasakirobotics.com\/pl\/\"},{\"@type\":\"ListItem\",\"position\":2,\"name\":\"Inne produkty\"}]},{\"@type\":\"WebSite\",\"@id\":\"https:\/\/kawasakirobotics.com\/pl\/#website\",\"url\":\"https:\/\/kawasakirobotics.com\/pl\/\",\"name\":\"Kawasaki Robotics\",\"description\":\"\",\"publisher\":{\"@id\":\"https:\/\/kawasakirobotics.com\/pl\/#organization\"},\"potentialAction\":[{\"@type\":\"SearchAction\",\"target\":{\"@type\":\"EntryPoint\",\"urlTemplate\":\"https:\/\/kawasakirobotics.com\/pl\/?s={search_term_string}\"},\"query-input\":{\"@type\":\"PropertyValueSpecification\",\"valueRequired\":true,\"valueName\":\"search_term_string\"}}],\"inLanguage\":\"pl-PL\"},{\"@type\":\"Organization\",\"@id\":\"https:\/\/kawasakirobotics.com\/pl\/#organization\",\"name\":\"\u5ddd\u5d0e\u91cd\u5de5\u696d\u30ed\u30dc\u30c3\u30c8\u30c7\u30a3\u30d3\u30b8\u30e7\u30f3\",\"url\":\"https:\/\/kawasakirobotics.com\/pl\/\",\"logo\":{\"@type\":\"ImageObject\",\"inLanguage\":\"pl-PL\",\"@id\":\"https:\/\/kawasakirobotics.com\/pl\/#\/schema\/logo\/image\/\",\"url\":\"\",\"contentUrl\":\"\",\"caption\":\"\u5ddd\u5d0e\u91cd\u5de5\u696d\u30ed\u30dc\u30c3\u30c8\u30c7\u30a3\u30d3\u30b8\u30e7\u30f3\"},\"image\":{\"@id\":\"https:\/\/kawasakirobotics.com\/pl\/#\/schema\/logo\/image\/\"}}]}<\/script>\n<!-- \/ Yoast SEO plugin. -->","yoast_head_json":{"title":"Inne produkty | Industrial Robots by Kawasaki Robotics","description":"Discover Kawasaki's automation solutions with specialized software, 2D vision, safety-rated hardware, and equipment for your robot system.","robots":{"index":"index","follow":"follow","max-snippet":"max-snippet:-1","max-image-preview":"max-image-preview:large","max-video-preview":"max-video-preview:-1"},"canonical":"https:\/\/kawasakirobotics.com\/pl\/products-others\/","og_locale":"pl_PL","og_type":"article","og_title":"Inne produkty | Industrial Robots by Kawasaki Robotics","og_description":"Discover Kawasaki's automation solutions with specialized software, 2D vision, safety-rated hardware, and equipment for your robot system.","og_url":"https:\/\/kawasakirobotics.com\/pl\/products-others\/","og_site_name":"Kawasaki Robotics","article_modified_time":"2024-02-13T09:03:26+00:00","og_image":[{"url":"https:\/\/kawasakirobotics.com\/content\/themes\/krobot-theme\/src\/images\/default\/ogp.jpg","width":"1200","height":"630","type":"image\/jpeg"}],"twitter_card":"summary_large_image","schema":{"@context":"https:\/\/schema.org","@graph":[{"@type":"WebPage","@id":"https:\/\/kawasakirobotics.com\/pl\/products-others\/","url":"https:\/\/kawasakirobotics.com\/pl\/products-others\/","name":"Inne produkty | Industrial Robots by Kawasaki Robotics","isPartOf":{"@id":"https:\/\/kawasakirobotics.com\/pl\/#website"},"datePublished":"2022-01-28T07:00:58+00:00","dateModified":"2024-02-13T09:03:26+00:00","description":"Discover Kawasaki's automation solutions with specialized software, 2D vision, safety-rated hardware, and equipment for your robot system.","breadcrumb":{"@id":"https:\/\/kawasakirobotics.com\/pl\/products-others\/#breadcrumb"},"inLanguage":"pl-PL","potentialAction":[{"@type":"ReadAction","target":["https:\/\/kawasakirobotics.com\/pl\/products-others\/"]}]},{"@type":"BreadcrumbList","@id":"https:\/\/kawasakirobotics.com\/pl\/products-others\/#breadcrumb","itemListElement":[{"@type":"ListItem","position":1,"name":"Strona g\u0142\u00f3wna","item":"https:\/\/kawasakirobotics.com\/pl\/"},{"@type":"ListItem","position":2,"name":"Inne produkty"}]},{"@type":"WebSite","@id":"https:\/\/kawasakirobotics.com\/pl\/#website","url":"https:\/\/kawasakirobotics.com\/pl\/","name":"Kawasaki Robotics","description":"","publisher":{"@id":"https:\/\/kawasakirobotics.com\/pl\/#organization"},"potentialAction":[{"@type":"SearchAction","target":{"@type":"EntryPoint","urlTemplate":"https:\/\/kawasakirobotics.com\/pl\/?s={search_term_string}"},"query-input":{"@type":"PropertyValueSpecification","valueRequired":true,"valueName":"search_term_string"}}],"inLanguage":"pl-PL"},{"@type":"Organization","@id":"https:\/\/kawasakirobotics.com\/pl\/#organization","name":"\u5ddd\u5d0e\u91cd\u5de5\u696d\u30ed\u30dc\u30c3\u30c8\u30c7\u30a3\u30d3\u30b8\u30e7\u30f3","url":"https:\/\/kawasakirobotics.com\/pl\/","logo":{"@type":"ImageObject","inLanguage":"pl-PL","@id":"https:\/\/kawasakirobotics.com\/pl\/#\/schema\/logo\/image\/","url":"","contentUrl":"","caption":"\u5ddd\u5d0e\u91cd\u5de5\u696d\u30ed\u30dc\u30c3\u30c8\u30c7\u30a3\u30d3\u30b8\u30e7\u30f3"},"image":{"@id":"https:\/\/kawasakirobotics.com\/pl\/#\/schema\/logo\/image\/"}}]}},"_links":{"self":[{"href":"https:\/\/kawasakirobotics.com\/pl\/wp-json\/wp\/v2\/pages\/883","targetHints":{"allow":["GET"]}}],"collection":[{"href":"https:\/\/kawasakirobotics.com\/pl\/wp-json\/wp\/v2\/pages"}],"about":[{"href":"https:\/\/kawasakirobotics.com\/pl\/wp-json\/wp\/v2\/types\/page"}],"author":[{"embeddable":true,"href":"https:\/\/kawasakirobotics.com\/pl\/wp-json\/wp\/v2\/users\/14"}],"replies":[{"embeddable":true,"href":"https:\/\/kawasakirobotics.com\/pl\/wp-json\/wp\/v2\/comments?post=883"}],"version-history":[{"count":2,"href":"https:\/\/kawasakirobotics.com\/pl\/wp-json\/wp\/v2\/pages\/883\/revisions"}],"predecessor-version":[{"id":5622,"href":"https:\/\/kawasakirobotics.com\/pl\/wp-json\/wp\/v2\/pages\/883\/revisions\/5622"}],"wp:attachment":[{"href":"https:\/\/kawasakirobotics.com\/pl\/wp-json\/wp\/v2\/media?parent=883"}],"curies":[{"name":"wp","href":"https:\/\/api.w.org\/{rel}","templated":true}]}}